{"id":2344,"date":"2020-04-30T08:17:41","date_gmt":"2020-04-30T08:17:41","guid":{"rendered":"https:\/\/testa-omega3.com\/algemene-voorwaarden\/"},"modified":"2024-02-26T15:54:55","modified_gmt":"2024-02-26T14:54:55","slug":"allgemeine-geschaftsbedingungen","status":"publish","type":"page","link":"https:\/\/testa-omega3.com\/de\/allgemeine-geschaftsbedingungen\/","title":{"rendered":"Allgemeine Gesch\u00e4ftsbedingungen"},"content":{"rendered":"\t\t<div class=\"content-module intro\">\n\t\t\t<div class=\"inner cf\">\n\t\t\t\t<div class=\"column\">\n\t\t\t\t\t<h1><span style=\"font-weight: 400;\"><strong>Allgemeine Gesch\u00e4ftsbedingungen<\/strong><\/span><\/h1>\n<p><strong>Wellness Innovations B.V.\u00a0 \/ Testa Omega 3<\/strong><\/p>\n<p>Artikel 1 &#8211; Geltungsbereich<br \/>\nArtikel 2 &#8211; Vertragspartner, Vertragsschluss<br \/>\nArtikel 3 &#8211; Vertragssprache, Vertragstextspeicherung<br \/>\nArtikel 4 &#8211; Abonnements<br \/>\nArtikel 5 &#8211; Lieferbedingungen<br \/>\nArtikel 6 &#8211; Bezahlung<br \/>\nArtikel 7 &#8211; Widerrufsrecht<br \/>\nArtikel 8 &#8211; Gew\u00e4hrleistung und Garantien<br \/>\nArtikel 9 &#8211; Verhaltenskodex<br \/>\nArtikel 10 &#8211; Streitbeilegung<br \/>\nArtikel 11 &#8211; Schlussbestimmungen<\/p>\n\t\t\t\t<\/div><!--end of column-->\n\t\t\t<\/div><!--end of inner-->\n\t\t<\/div><!--end of content-module-->\n\n\n\t\t<div class=\"content-module white no-spacing-btm no-spacing-top\" style=\"\">\r\n\t\t\t<div class=\"inner cf\">\r\n\t\t\t\t<div class=\"column\">\r\n\t\t\t\t\t<h3><b>1. Geltungsbereich<\/b><\/h3>\n<p>F\u00fcr alle Bestellungen \u00fcber unseren Online-Shop durch Verbraucher und Unternehmer gelten die nachfolgenden AGB.<\/p>\n<p>Verbraucher ist jede nat\u00fcrliche Person, die ein Rechtsgesch\u00e4ft zu Zwecken abschlie\u00dft, die \u00fcberwiegend weder ihrer gewerblichen noch ihrer selbst\u00e4ndigen beruflichen T\u00e4tigkeit zugerechnet werden k\u00f6nnen. Unternehmer ist eine nat\u00fcrliche oder juristische Person oder eine rechtsf\u00e4hige Personengesellschaft, die bei Abschluss eines Rechtsgesch\u00e4fts in Aus\u00fcbung ihrer gewerblichen oder selbst\u00e4ndigen beruflichen T\u00e4tigkeit handelt.<\/p>\n<p>Gegen\u00fcber Unternehmern gilt: Verwendet der Unternehmer entgegenstehende oder erg\u00e4nzende Allgemeine Gesch\u00e4ftsbedingungen, wird deren Geltung hiermit widersprochen; sie werden nur dann Vertragsbestandteil, wenn wir dem ausdr\u00fccklich zugestimmt haben.<\/p>\n<h3><b>2. Vertragspartner, Vertragsschluss<\/b><\/h3>\n<p>Der Kaufvertrag kommt zustande mit Wellness Innovations B.V. (Testa Omega-3).<\/p>\n<p>Mit Einstellung der Produkte in den Online-Shop geben wir ein verbindliches Angebot zum Vertragsschluss \u00fcber diese Artikel ab. Sie k\u00f6nnen unsere Produkte zun\u00e4chst unverbindlich in den Warenkorb legen und Ihre Eingaben vor Absenden Ihrer verbindlichen Bestellung jederzeit korrigieren, indem Sie die hierf\u00fcr im Bestellablauf vorgesehenen und erl\u00e4uterten Korrekturhilfen nutzen. Der Vertrag kommt zustande, indem Sie durch Anklicken des Bestellbuttons das Angebot \u00fcber die im Warenkorb enthaltenen Waren annehmen. Unmittelbar nach dem Absenden der Bestellung erhalten Sie noch einmal eine Best\u00e4tigung per E-Mail.<\/p>\n<h3><b>3. Vertragssprache, Vertragstextspeicherung<\/b><\/h3>\n<p>Die f\u00fcr den Vertragsschluss zur Verf\u00fcgung stehenden Sprachen sind Deutsch und Englisch.<\/p>\n<p>Wir speichern den Vertragstext und senden Ihnen die Bestelldaten und unsere AGB in Textform zu. Den Vertragstext k\u00f6nnen Sie in unserem Kunden-Login einsehen.<\/p>\n<h3><b>4. Abonnements<\/b><\/h3>\n<p>4.1 Ein Abonnement besteht aus zwei, vier oder sechs Packungen Testa Omega 3 alle 4 Monate.<\/p>\n<p>4.2 Ein Abonnement beginnt am Tag des Abschlusses. Das Abonnement kann dann jederzeit angehalten und reaktiviert werden. Wurde eine Bestellung zum Zeitpunkt der Aufforderung zur Unterbrechung bereits versandt, wird sie nach der jeweiligen Zustellung wirksam.<\/p>\n<p>4.3 Das Abonnement wird alle vier Monate erneuert, genau vier Monate nach dem Startdatum oder dem Reaktivierungsdatum (im Folgenden &#8222;Verl\u00e4ngerungsdatum&#8220;), also am selben Tag des Monats.<\/p>\n<p>4.4 Die Zahlung des Abonnements erfolgt nur durch eine automatische Abholung. Die Nachzahlungen werden am oder einige Tage nach dem Erneuerungsdatum des Abonnements abgebucht. Die Bestellung kann erst versendet werden, wenn die Zahlung erfolgreich abgeschlossen wurde. Eine Lastschrift kann bei einigen Banken 3-6 Werktage dauern, sodass Sie manchmal Nachbestellungen etwas sp\u00e4ter als im ersten Monat erhalten.<\/p>\n<p>4.5 Die Zustellung des Zwei- und Vierpaket-Abonnements erfolgt mit der Briefkastenpost *. Das Abonnement von 6 oder mehr Paketen wird immer per Paketpost mit einem Tracking-Code verschickt. Wir berechnen unseren Kunden f\u00fcr diesen Service keine zus\u00e4tzlichen Kosten. Wir bem\u00fchen uns, die Pakete einen Tag nach Versand zu liefern. Es kann jedoch vorkommen, dass das Paket bis zu 14 Tage unterwegs ist. Wenn Sie nach 14 Tagen nichts von uns erhalten haben, wenden Sie sich bitte an unseren Kundenservice.<\/p>\n<p>4.6 \u00c4nderungen vorbehalten. Liefertermine k\u00f6nnen nach Ihren W\u00fcnschen angepasst werden. Dies k\u00f6nnen Sie nur schriftlich per E-Mail bei unserem Kundenservice anfordern.<\/p>\n<p>4.7 Das Abonnement kann bis zu einem Tag vor dem Verl\u00e4ngerungsdatum gek\u00fcndigt werden. Wenn zum Beispiel ein Abonnement am 1. Januar abgeschlossen wurde, ist das Verl\u00e4ngerungsdatum der 1. Mai. Das Abonnement kann bis sp\u00e4testens 30. April um 17.00 Uhr gek\u00fcndigt werden.<\/p>\n<p>4.8 Das K\u00fcndigen und Unterbrechen eines Abonnements kann nur schriftlich per E-Mail an unseren Kundenservice unter kundenservice@testa-omega3.com erfolgen<b>.<\/b><\/p>\n<h3><b>5. Lieferbedingungen<\/b><\/h3>\n<p>Wir liefern innerhalb Deutschlands versandkostenfrei.<\/p>\n<p>Wir liefern nur im Versandweg. Eine Selbstabholung der Ware ist leider nicht m\u00f6glich.<\/p>\n<p>Wir liefern nicht an Packstationen.<\/p>\n<h3><b>6. Bezahlung<\/b><\/h3>\n<p>In unserem Shop stehen Ihnen grunds\u00e4tzlich die folgenden Zahlungsarten zur Verf\u00fcgung:<\/p>\n<h4><b>Kreditkarte<\/b><\/h4>\n<p>Mit Abgabe der Bestellung geben Sie Ihre Kreditkartendaten an. Nach Ihrer Legitimation als rechtm\u00e4\u00dfiger Karteninhaber wird die Zahlungstransaktion automatisch durchgef\u00fchrt und Ihre Karte belastet.<\/p>\n<h4><b>SEPA-Lastschriftverfahren<\/b><\/h4>\n<p>Mit Abgabe der Bestellung erteilen Sie uns ein SEPA-Lastschriftmandat. \u00e0\u0153ber das Datum der Kontobelastung werden wir Sie informieren (sog. Prenotification). Mit Einreichung des SEPA-Lastschriftmandats fordern wir unsere Bank zur Einleitung der Zahlungstransaktion auf. Die Zahlungstransaktion wird automatisch durchgef\u00fchrt und Ihr Konto belastet. Die Kontobelastung erfolgt vor Versand der Ware.<\/p>\n<h4><b>PayPal<\/b><\/h4>\n<p>Im Bestellprozess werden Sie auf die Webseite des Online-Anbieters PayPal weitergeleitet. Um den Rechnungsbetrag \u00fcber PayPal bezahlen zu k\u00f6nnen, m\u00fcssen Sie dort registriert sein bzw. sich erst registrieren, mit Ihren Zugangsdaten legitimieren und die Zahlungsanweisung an uns best\u00e4tigen. Nach Abgabe der Bestellung im Shop fordern wir PayPal zur Einleitung der Zahlungstransaktion auf. Die Zahlungstransaktion wird durch PayPal unmittelbar danach automatisch durchgef\u00fchrt. Weitere Hinweise erhalten Sie beim Bestellvorgang.<\/p>\n<h4><b>Sofort by klarna<\/b><\/h4>\n<p>Nach Abgabe der Bestellung werden Sie auf die Webseite des Online-Anbieters Sofort GmbH weitergeleitet. Um den Rechnungsbetrag \u00fcber Sofort bezahlen zu k\u00f6nnen, m\u00fcssen Sie \u00fcber ein f\u00fcr Online-Banking freigeschaltetes Bankkonto verf\u00fcgen, sich entsprechend legitimieren und die Zahlungsanweisung an uns best\u00e4tigen. Weitere Hinweise erhalten Sie beim Bestellvorgang. Die Zahlungstransaktion wird unmittelbar danach von Sofort durchgef\u00fchrt und Ihr Konto belastet.<\/p>\n<h4><b>Giropay<\/b><\/h4>\n<p>Nach Abgabe der Bestellung werden Sie auf die Webseite Ihrer Bank weitergeleitet. Um den Rechnungsbetrag \u00fcber Giropay bezahlen zu k\u00f6nnen, m\u00fcssen Sie \u00fcber ein f\u00fcr Online-Banking freigeschaltetes Bankkonto verf\u00fcgen, sich entsprechend legitimieren und die Zahlungsanweisung an uns best\u00e4tigen. Weitere Hinweise erhalten Sie beim Bestellvorgang. Die Zahlungstransaktion wird unmittelbar danach durchgef\u00fchrt und Ihr Konto belastet.<\/p>\n<h4><b>Finanzierung \u00fcber Klarna<\/b><\/h4>\n<p>In Zusammenarbeit mit Klarna AB (www.klarna.de), Sveav\u00e4gen 46, Stockholm, Schweden, bieten wir Ihnen den Ratenkauf als Zahlungsoption an. Bitte beachten Sie, dass Klarna Ratenkauf nur f\u00fcr Verbraucher verf\u00fcgbar ist und dass die Zahlung an Klarna zu erfolgen hat.<\/p>\n<p>Mit dem Finanzierungsservice von Klarna k\u00f6nnen Sie Ihren Einkauf flexibel in monatlichen Raten von mindestens 1\/24 des Gesamtbetrages (mindestens jedoch 6,95 \u20ac) bezahlen. Weitere Informationen zum Klarna Ratenkauf einschlie\u00dflich der Allgemeinen Gesch\u00e4ftsbedingungen und der europ\u00e4ischen Standardinformationen f\u00fcr Verbraucherkredite finden Sie hier: <a href=\"https:\/\/cdn.klarna.com\/1.0\/shared\/content\/legal\/terms\/EID\/de_de\/account\">https:\/\/cdn.klarna.com\/1.0\/shared\/content\/legal\/terms\/EID\/de_de\/account<\/a>.<\/p>\n<h3><b>7. Widerrufsrecht<\/b><\/h3>\n<h4><b>7.1 Widerrufsbelehrung<\/b><\/h4>\n<p>Verbraucher haben ein vierzehnt\u00e4giges Widerrufsrecht.<\/p>\n<h4><b>7.2 Widerrufsrecht<\/b><\/h4>\n<p>Sie haben das Recht, binnen vierzehn Tagen ohne Angabe von Gr\u00fcnden diesen Vertrag zu widerrufen. Die Widerrufsfrist betr\u00e4gt vierzehn Tage ab dem Tag an dem Sie oder ein von Ihnen benannter Dritter, der nicht der Bef\u00f6rderer ist, die erste Ware in Besitz genommen haben bzw. hat.<\/p>\n<p>Um Ihr Widerrufsrecht auszu\u00fcben, m\u00fcssen Sie uns (Wellness Innovations B.V. (Testa Omega 3), Palmpolstraat 48, 1327 CH Almere, Der Niederlande, kundenservice@testa-omega3.com, Telefon: +49- (0)30 &#8211; 800 939 62. ) mittels einer eindeutigen Erkl\u00e4rung (z. B. ein mit der Post versandter Brief, Telefax oder E-Mail) \u00fcber Ihren Entschluss, diesen Vertrag zu widerrufen, informieren. Sie k\u00f6nnen daf\u00fcr das beigef\u00fcgte Muster-Widerrufsformular verwenden, das jedoch nicht vorgeschrieben ist.<\/p>\n<p>Zur Wahrung der Widerrufsfrist reicht es aus, dass Sie die Mitteilung \u00fcber die Aus\u00fcbung des Widerrufsrechts vor Ablauf der Widerrufsfrist absenden.<\/p>\n<h4><b>7.3 Folgen des Widerrufs<\/b><\/h4>\n<p>Wenn Sie diesen Vertrag widerrufen, haben wir Ihnen alle Zahlungen, die wir von Ihnen erhalten haben, einschlie\u00dflich der Lieferkosten (mit Ausnahme der zus\u00e4tzlichen Kosten, die sich daraus ergeben, dass Sie eine andere Art der Lieferung als die von uns angebotene, g\u00fcnstigste Standardlieferung gew\u00e4hlt haben), unverz\u00fcglich und sp\u00e4testens binnen vierzehn Tagen ab dem Tag zur\u00fcckzuzahlen, an dem die Mitteilung \u00fcber Ihren Widerruf dieses Vertrags bei uns eingegangen ist. F\u00fcr diese R\u00fcckzahlung verwenden wir dasselbe Zahlungsmittel, das Sie bei der urspr\u00fcnglichen Transaktion eingesetzt haben, es sei denn, mit Ihnen wurde ausdr\u00fccklich etwas anderes vereinbart; in keinem Fall werden Ihnen wegen dieser R\u00fcckzahlung Entgelte berechnet. Wir k\u00f6nnen die R\u00fcckzahlung verweigern, bis wir die Waren wieder zur\u00fcckerhalten haben oder bis Sie den Nachweis erbracht haben, dass Sie die Waren zur\u00fcckgesandt haben, je nachdem, welches der fr\u00fchere Zeitpunkt ist.<\/p>\n<p>Sie haben die Waren unverz\u00fcglich und in jedem Fall sp\u00e4testens binnen vierzehn Tagen ab dem Tag, an dem Sie uns \u00fcber den Widerruf dieses Vertrags unterrichten, an uns zur\u00fcckzusenden oder zu \u00fcbergeben. Die Frist ist gewahrt, wenn Sie die Waren vor Ablauf der Frist von vierzehn Tagen absenden. Sie tragen die unmittelbaren Kosten der R\u00fccksendung der Waren. Sie m\u00fcssen f\u00fcr einen etwaigen Wertverlust der Waren nur aufkommen, wenn dieser Wertverlust auf einen zur Pr\u00fcfung der Beschaffenheit, Eigenschaften und Funktionsweise der Waren nicht notwendigen Umgang mit ihnen zur\u00fcckzuf\u00fchren ist.<\/p>\n<table>\n<tbody>\n<tr>\n<td><b>Muster-Widerrufsformular<\/b><\/p>\n<p><b>(Wenn Sie den Vertrag widerrufen wollen, dann f\u00fcllen Sie bitte dieses Formular aus und senden Sie es zur\u00fcck.)<\/b><\/p>\n<p><b>\u00e2\u20ac\u201c An Wellness Innovations B.V. (Testa Omega 3), Palmpolstraat 48, 1327 CH Almere, Der Niederlande, kundenservice@testa-omega3.com<\/b><\/p>\n<p><b>\u00e2\u20ac\u201c Hiermit widerrufe(n) ich\/wir (*) den von mir\/uns (*) abgeschlossenen Vertrag \u00fcber den Kauf der folgenden<\/b><\/p>\n<p><b>Waren (*)\/die Erbringung der folgenden Dienstleistung (*)<\/b><\/p>\n<p><b>\u00e2\u20ac\u201c Bestellt am (*)\/erhalten am (*)<\/b><\/p>\n<p><b>\u00e2\u20ac\u201c Name des\/der Verbraucher(s)<\/b><\/p>\n<p><b>\u00e2\u20ac\u201c Anschrift des\/der Verbraucher(s)<\/b><\/p>\n<p><b>\u00e2\u20ac\u201c Unterschrift des\/der Verbraucher(s) (nur bei Mitteilung auf Papier)<\/b><\/p>\n<p><b>\u00e2\u20ac\u201c Datum<\/b><\/p>\n<p><b>(*) Unzutreffendes streichen.<\/b><\/td>\n<\/tr>\n<\/tbody>\n<\/table>\n<h4><b>7.4 Besondere Hinweise<\/b><\/h4>\n<p>Wenn Sie diesen Vertrag durch ein Darlehen finanzieren und ihn sp\u00e4ter widerrufen, sind sie auch an den Darlehensvertrag nicht mehr gebunden, sofern beide Vertr\u00e4ge eine wirtschaftliche Einheit bilden. Dies ist insbesondere dann anzunehmen, wenn wir gleichzeitig Ihr Darlehensgeber sind oder wenn sich Ihr Darlehensgeber im Hinblick auf die Finanzierung unserer Mitwirkung bedient. Wenn uns das Darlehen bei Wirksamwerden des Widerrufs bereits zugeflossen ist, tritt Ihr Darlehensgeber im Verh\u00e4ltnis zu Ihnen hinsichtlich der Rechtsfolgen des Widerrufs oder der R\u00fcckgabe in unsere Rechte und Pflichten aus dem finanzierten Vertrag ein. Letzteres gilt nicht, wenn der vorliegende Vertrag den Erwerb von Finanzinstrumenten (z.B. von Wertpapieren, Devisen oder Derivaten) zum Gegenstand hat.<\/p>\n<p>Wollen Sie eine vertragliche Bindung so weitgehend wie m\u00f6glich vermeiden, machen Sie von Ihrem Widerrufsrecht Gebrauch und widerrufen Sie zudem den Darlehensvertrag, wenn Ihnen auch daf\u00fcr ein Widerrufsrecht zusteht.<\/p>\n<p>Der Verbraucher tr\u00e4gt die Kosten, die mit dem Import von Produkten in L\u00e4nder au\u00dferhalb der Europ\u00e4ischen Union verbunden sind.<\/p>\n<h3><b>8. Gew\u00e4hrleistung und Garantien<\/b><\/h3>\n<p>Es gilt das gesetzliche M\u00e4ngelhaftungsrecht. Informationen zu gegebenenfalls geltenden zus\u00e4tzlichen Garantien und deren genaue Bedingungen finden Sie jeweils beim Produkt und auf besonderen Informationsseiten im Online-Shop.<\/p>\n<p>Kundendienst: Sie erreichen unseren Kundendienst f\u00fcr Fragen, Reklamationen und Beanstandungen werktags von 9:00 Uhr bis 17:00 Uhr unter der Telefonnummer +49- (0)30 &#8211; 800 939 62 sowie per E-Mail unter kundenservice@testa-omega3.com.<\/p>\n<h3><b>9. Verhaltenskodex<\/b><\/h3>\n<p>Folgenden Verhaltenskodizes haben wir uns unterworfen:<\/p>\n<p><strong>&#8211; Trusted Shops Qualit\u00e4tskriterien<\/strong><\/p>\n<p>&#8211; <a href=\"https:\/\/www.trustedshops.com\/tsdocument\/TS_QUALITY_CRITERIA_de.pdf\">https:\/\/www.trustedshops.com\/tsdocument\/TS_QUALITY_CRITERIA_de.pdf<\/a>.<\/p>\n<h3><b>10. Streitbeilegung<\/b><\/h3>\n<p>Die Europ\u00e4ische Kommission stellt eine Plattform zur Online-Streitbeilegung (OS) bereit, die Sie <a href=\"https:\/\/ec.europa.eu\/consumers\/odr\/\">hier<\/a> finden. Verbraucher haben die M\u00f6glichkeit, diese Plattform f\u00fcr die Beilegung ihrer Streitigkeiten zu nutzen. Zur Beilegung von Streitigkeiten aus einem Vertragsverh\u00e4ltnis mit einem Verbraucher bzw. dar\u00fcber, ob ein solches Vertragsverh\u00e4ltnis \u00fcberhaupt besteht, sind wir zur Teilnahme an Streitbeilegungsverfahren vor einer Verbraucherschlichtungsstelle verpflichtet. Zust\u00e4ndig ist die Allgemeine Verbraucherschlichtungsstelle des Zentrums f\u00fcr Schlichtung e.V., Stra\u00dfburger Stra\u00dfe 8, 77694 Kehl am Rhein, www.verbraucher-schlichter.de. An einem Streitbeilegungsverfahren vor dieser Stelle werden wir teilnehmen.<\/p>\n<h3><b>11. Schlussbestimmungen<\/b><\/h3>\n<p>Sind Sie Kaufmann im Sinne des Handelsgesetzbuches, juristische Person des \u00f6ffentlichen Rechts oder \u00f6ffentlich-rechtliches Sonderverm\u00f6gen, ist ausschlie\u00dflicher Gerichtsstand f\u00fcr alle Streitigkeiten aus Vertragsverh\u00e4ltnissen zwischen uns und Ihnen unser Gesch\u00e4ftssitz.<\/p>\n<p><a href=\"https:\/\/shop.trustedshops.com\/de\/rechtstexte\/\">AGB<\/a> erstellt mit dem <a href=\"https:\/\/shop.trustedshops.com\/de\/\">Trusted Shops<\/a> Rechtstexter in Kooperation mit <a href=\"https:\/\/www.wbs-law.de\/\">Wilde Beuger Solmecke Rechtsanw\u00e4lte<\/a>.<\/p>\n\t\t\t\t<\/div><!--end of column-->\r\n\t\t\t<\/div><!--end of inner-->\r\n\t\t<\/div><!--end of content-module-->\t\r\n","protected":false},"excerpt":{"rendered":"","protected":false},"author":1,"featured_media":0,"parent":0,"menu_order":0,"comment_status":"closed","ping_status":"closed","template":"template-poststyle.php","meta":{"_acf_changed":false,"footnotes":""},"class_list":["post-2344","page","type-page","status-publish","hentry"],"acf":[],"yoast_head":"<!-- This site is optimized with the Yoast SEO plugin v26.0 - https:\/\/yoast.com\/wordpress\/plugins\/seo\/ -->\n<title>Allgemeine Gesch\u00e4ftsbedingungen Testa Omega-3 Algen\u00f6l | Testa<\/title>\n<meta name=\"description\" content=\"Allgemeine Gesch\u00e4ftsbedingungen Testa Omega 3 | 2014 - 2022\" \/>\n<meta name=\"robots\" content=\"index, follow, max-snippet:-1, max-image-preview:large, max-video-preview:-1\" \/>\n<link rel=\"canonical\" href=\"https:\/\/testa-omega3.com\/de\/allgemeine-geschaftsbedingungen\/\" \/>\n<meta property=\"og:locale\" content=\"de_DE\" \/>\n<meta property=\"og:type\" content=\"article\" \/>\n<meta property=\"og:title\" content=\"Allgemeine Gesch\u00e4ftsbedingungen Testa Omega-3 Algen\u00f6l | Testa\" \/>\n<meta property=\"og:description\" content=\"Allgemeine Gesch\u00e4ftsbedingungen Testa Omega 3 | 2014 - 2022\" \/>\n<meta property=\"og:url\" content=\"https:\/\/testa-omega3.com\/de\/allgemeine-geschaftsbedingungen\/\" \/>\n<meta property=\"og:site_name\" content=\"Testa\" \/>\n<meta property=\"article:publisher\" content=\"https:\/\/www.facebook.com\/TestaOmega3\/\" \/>\n<meta property=\"article:modified_time\" content=\"2024-02-26T14:54:55+00:00\" \/>\n<meta name=\"twitter:card\" content=\"summary_large_image\" \/>\n<meta name=\"twitter:site\" content=\"@testaomega3\" \/>\n<script type=\"application\/ld+json\" class=\"yoast-schema-graph\">{\"@context\":\"https:\/\/schema.org\",\"@graph\":[{\"@type\":\"WebPage\",\"@id\":\"https:\/\/testa-omega3.com\/de\/allgemeine-geschaftsbedingungen\/\",\"url\":\"https:\/\/testa-omega3.com\/de\/allgemeine-geschaftsbedingungen\/\",\"name\":\"Allgemeine Gesch\u00e4ftsbedingungen Testa Omega-3 Algen\u00f6l | Testa\",\"isPartOf\":{\"@id\":\"https:\/\/testa-omega3.com\/de\/#website\"},\"datePublished\":\"2020-04-30T08:17:41+00:00\",\"dateModified\":\"2024-02-26T14:54:55+00:00\",\"description\":\"Allgemeine Gesch\u00e4ftsbedingungen Testa Omega 3 | 2014 - 2022\",\"breadcrumb\":{\"@id\":\"https:\/\/testa-omega3.com\/de\/allgemeine-geschaftsbedingungen\/#breadcrumb\"},\"inLanguage\":\"de\",\"potentialAction\":[{\"@type\":\"ReadAction\",\"target\":[\"https:\/\/testa-omega3.com\/de\/allgemeine-geschaftsbedingungen\/\"]}]},{\"@type\":\"BreadcrumbList\",\"@id\":\"https:\/\/testa-omega3.com\/de\/allgemeine-geschaftsbedingungen\/#breadcrumb\",\"itemListElement\":[{\"@type\":\"ListItem\",\"position\":1,\"name\":\"Home\",\"item\":\"https:\/\/testa-omega3.com\/de\/\"},{\"@type\":\"ListItem\",\"position\":2,\"name\":\"Allgemeine Gesch\u00e4ftsbedingungen\"}]},{\"@type\":\"WebSite\",\"@id\":\"https:\/\/testa-omega3.com\/de\/#website\",\"url\":\"https:\/\/testa-omega3.com\/de\/\",\"name\":\"Testa\",\"description\":\"Omega-3 Algenolie!\",\"publisher\":{\"@id\":\"https:\/\/testa-omega3.com\/de\/#organization\"},\"potentialAction\":[{\"@type\":\"SearchAction\",\"target\":{\"@type\":\"EntryPoint\",\"urlTemplate\":\"https:\/\/testa-omega3.com\/de\/?s={search_term_string}\"},\"query-input\":{\"@type\":\"PropertyValueSpecification\",\"valueRequired\":true,\"valueName\":\"search_term_string\"}}],\"inLanguage\":\"de\"},{\"@type\":\"Organization\",\"@id\":\"https:\/\/testa-omega3.com\/de\/#organization\",\"name\":\"Testa Omega-3\",\"url\":\"https:\/\/testa-omega3.com\/de\/\",\"logo\":{\"@type\":\"ImageObject\",\"inLanguage\":\"de\",\"@id\":\"https:\/\/testa-omega3.com\/de\/#\/schema\/logo\/image\/\",\"url\":\"https:\/\/testa-omega3.com\/wp-content\/uploads\/2021\/10\/testa-logo1.png\",\"contentUrl\":\"https:\/\/testa-omega3.com\/wp-content\/uploads\/2021\/10\/testa-logo1.png\",\"width\":121,\"height\":119,\"caption\":\"Testa Omega-3\"},\"image\":{\"@id\":\"https:\/\/testa-omega3.com\/de\/#\/schema\/logo\/image\/\"},\"sameAs\":[\"https:\/\/www.facebook.com\/TestaOmega3\/\",\"https:\/\/x.com\/testaomega3\",\"https:\/\/www.instagram.com\/testaomega3\/\",\"https:\/\/linkedin.com\/company\/testa-omega-3\"]}]}<\/script>\n<!-- \/ Yoast SEO plugin. -->","yoast_head_json":{"title":"Allgemeine Gesch\u00e4ftsbedingungen Testa Omega-3 Algen\u00f6l | Testa","description":"Allgemeine Gesch\u00e4ftsbedingungen Testa Omega 3 | 2014 - 2022","robots":{"index":"index","follow":"follow","max-snippet":"max-snippet:-1","max-image-preview":"max-image-preview:large","max-video-preview":"max-video-preview:-1"},"canonical":"https:\/\/testa-omega3.com\/de\/allgemeine-geschaftsbedingungen\/","og_locale":"de_DE","og_type":"article","og_title":"Allgemeine Gesch\u00e4ftsbedingungen Testa Omega-3 Algen\u00f6l | Testa","og_description":"Allgemeine Gesch\u00e4ftsbedingungen Testa Omega 3 | 2014 - 2022","og_url":"https:\/\/testa-omega3.com\/de\/allgemeine-geschaftsbedingungen\/","og_site_name":"Testa","article_publisher":"https:\/\/www.facebook.com\/TestaOmega3\/","article_modified_time":"2024-02-26T14:54:55+00:00","twitter_card":"summary_large_image","twitter_site":"@testaomega3","schema":{"@context":"https:\/\/schema.org","@graph":[{"@type":"WebPage","@id":"https:\/\/testa-omega3.com\/de\/allgemeine-geschaftsbedingungen\/","url":"https:\/\/testa-omega3.com\/de\/allgemeine-geschaftsbedingungen\/","name":"Allgemeine Gesch\u00e4ftsbedingungen Testa Omega-3 Algen\u00f6l | Testa","isPartOf":{"@id":"https:\/\/testa-omega3.com\/de\/#website"},"datePublished":"2020-04-30T08:17:41+00:00","dateModified":"2024-02-26T14:54:55+00:00","description":"Allgemeine Gesch\u00e4ftsbedingungen Testa Omega 3 | 2014 - 2022","breadcrumb":{"@id":"https:\/\/testa-omega3.com\/de\/allgemeine-geschaftsbedingungen\/#breadcrumb"},"inLanguage":"de","potentialAction":[{"@type":"ReadAction","target":["https:\/\/testa-omega3.com\/de\/allgemeine-geschaftsbedingungen\/"]}]},{"@type":"BreadcrumbList","@id":"https:\/\/testa-omega3.com\/de\/allgemeine-geschaftsbedingungen\/#breadcrumb","itemListElement":[{"@type":"ListItem","position":1,"name":"Home","item":"https:\/\/testa-omega3.com\/de\/"},{"@type":"ListItem","position":2,"name":"Allgemeine Gesch\u00e4ftsbedingungen"}]},{"@type":"WebSite","@id":"https:\/\/testa-omega3.com\/de\/#website","url":"https:\/\/testa-omega3.com\/de\/","name":"Testa","description":"Omega-3 Algenolie!","publisher":{"@id":"https:\/\/testa-omega3.com\/de\/#organization"},"potentialAction":[{"@type":"SearchAction","target":{"@type":"EntryPoint","urlTemplate":"https:\/\/testa-omega3.com\/de\/?s={search_term_string}"},"query-input":{"@type":"PropertyValueSpecification","valueRequired":true,"valueName":"search_term_string"}}],"inLanguage":"de"},{"@type":"Organization","@id":"https:\/\/testa-omega3.com\/de\/#organization","name":"Testa Omega-3","url":"https:\/\/testa-omega3.com\/de\/","logo":{"@type":"ImageObject","inLanguage":"de","@id":"https:\/\/testa-omega3.com\/de\/#\/schema\/logo\/image\/","url":"https:\/\/testa-omega3.com\/wp-content\/uploads\/2021\/10\/testa-logo1.png","contentUrl":"https:\/\/testa-omega3.com\/wp-content\/uploads\/2021\/10\/testa-logo1.png","width":121,"height":119,"caption":"Testa Omega-3"},"image":{"@id":"https:\/\/testa-omega3.com\/de\/#\/schema\/logo\/image\/"},"sameAs":["https:\/\/www.facebook.com\/TestaOmega3\/","https:\/\/x.com\/testaomega3","https:\/\/www.instagram.com\/testaomega3\/","https:\/\/linkedin.com\/company\/testa-omega-3"]}]}},"_links":{"self":[{"href":"https:\/\/testa-omega3.com\/de\/wp-json\/wp\/v2\/pages\/2344","targetHints":{"allow":["GET"]}}],"collection":[{"href":"https:\/\/testa-omega3.com\/de\/wp-json\/wp\/v2\/pages"}],"about":[{"href":"https:\/\/testa-omega3.com\/de\/wp-json\/wp\/v2\/types\/page"}],"author":[{"embeddable":true,"href":"https:\/\/testa-omega3.com\/de\/wp-json\/wp\/v2\/users\/1"}],"replies":[{"embeddable":true,"href":"https:\/\/testa-omega3.com\/de\/wp-json\/wp\/v2\/comments?post=2344"}],"version-history":[{"count":0,"href":"https:\/\/testa-omega3.com\/de\/wp-json\/wp\/v2\/pages\/2344\/revisions"}],"wp:attachment":[{"href":"https:\/\/testa-omega3.com\/de\/wp-json\/wp\/v2\/media?parent=2344"}],"curies":[{"name":"wp","href":"https:\/\/api.w.org\/{rel}","templated":true}]}}