{"id":2442,"date":"2020-05-08T18:20:44","date_gmt":"2020-05-08T18:20:44","guid":{"rendered":"https:\/\/testa-omega3.com\/over-testa\/"},"modified":"2025-04-22T16:37:33","modified_gmt":"2025-04-22T14:37:33","slug":"uber-testa","status":"publish","type":"page","link":"https:\/\/testa-omega3.com\/de\/uber-testa\/","title":{"rendered":"\u00dcber Testa"},"content":{"rendered":"\t\t<div class=\"content-module white no-spacing-btm no-spacing-top\" style=\"\">\r\n\t\t\t<div class=\"inner cf\">\r\n\t\t\t\t<div class=\"column\">\r\n\t\t\t\t\t<h2 style=\"text-align: center;\">Schon seit 10 Jahren Verfechter<\/h2>\n<h2 style=\"text-align: center;\"><strong>f\u00fcr fischfreies Omega-3<\/strong><\/h2>\n<hr \/>\n<p style=\"text-align: center;\">Testa macht sich nicht erst seit gestern f\u00fcr fischfreies Omega-3 stark. Bereits vor 10 Jahren haben unserer Gr\u00fcnder Guido und Martin damit angefangen, dem unn\u00f6tigen Fischfang f\u00fcr Omega-3 Einhalt zu gebieten. Inzwischen sind wir Marktf\u00fchrer in den Niederlanden und unser Team hat sich erheblich vergr\u00f6\u00dfert. So kann sich unsere gesunde und fischfreie Botschaft wie ein Algen\u00f6lfleck \u00fcber die ganze Welt ausbreiten.<\/p>\n\t\t\t\t<\/div><!--end of column-->\r\n\t\t\t<\/div><!--end of inner-->\r\n\t\t<\/div><!--end of content-module-->\t\r\n\n\n<div class=\"content-big-image-two-col-content\">\n\t\t\t<div class=\"inner cf\">\n                <div class=\"media-wrap\">\n                    <div class=\"arrow-wrapper\" style=\"background-image: url(https:\/\/testa-omega3.com\/wp-content\/uploads\/2021\/10\/tekstje-Team-1.png);\"><\/div>\n                    <div class=\"large-image\" style=\"background-image: url(https:\/\/testa-omega3.com\/wp-content\/uploads\/2021\/10\/Team-Testajpg.jpg);\"><\/div>\n                <\/div>\n                <div class=\"text-wrap\">\n\n                                    <div class=\"column\">\n                        <h4><strong>Wie alles begann<\/strong><\/h4>\n<p>Guido Evers war im Jahr 2005 bei einem gro\u00dfen Babynahrungshersteller t\u00e4tig und untersuchte den Mehrwert von Omega-3-Fetts\u00e4uren f\u00fcr die Entwicklung von Kindern. Diese Untersuchung ergab, dass Fisch\u00f6l nicht f\u00fcr Babynahrung geeignet war, da es verunreinigt war und seine Qualit\u00e4t nicht best\u00e4ndig genug war. Er stie\u00df auf Algen als die Quelle von Omega-3. Pl\u00f6tzlich fiel es ihm wie Schuppen von den Augen, Algen\u00f6l ist in vielerlei Hinsicht besser als Fisch\u00f6l: Algen\u00f6l enth\u00e4lt mehr Omega-3, man ben\u00f6tigt also weniger. Algen werden an Land angebaut, also ohne Meeresverschmutzung mit Schwermetallen und anderen Giftstoffen. Und durch die Extraktion von Omega-3 aus Algen ist es nicht mehr n\u00f6tig, Fisch zu fangen. Das ist der gr\u00f6\u00dfte Gewinn.<\/p>\n                    <\/div><!--end of column-->\n                                        <div class=\"column\">\n                        <h4><strong>Kein unn\u00f6tiger Fischfang<\/strong><\/h4>\n<p>Weltweit werden j\u00e4hrlich gut 90 Milliarden Kilo Fisch gefangen. \u00e0\u0153berfischung bedroht unsere Meere. Das gesamte \u00d6kosystem ger\u00e4t durch die St\u00f6rung der Nahrungskette aus dem Gleichgewicht. Mit verheerenden Folgen f\u00fcr Mensch und Planet. Derzeit werden etwa 25 % des weltweiten Fischfangs f\u00fcr die Gewinnung essenzieller Omega-3-Fetts\u00e4uren verwendet. Gemeinsam mit Martin de Vries, einem Produzenten verschiedener Nahrungserg\u00e4nzungsmittelmarken, betrachtet er Algen\u00f6l als Antwort auf diesen Fehler im System. Nach umfangreicher Entwicklungsarbeit und mit Unterst\u00fctzung der Plattform Biodiversit\u00e4t, \u00d6kosysteme &amp; \u00d6konomie (Biodiversiteit, Ecosystemen &amp; Economie) des niederl\u00e4ndischen Unternehmerverbands VNO-NCW wurde im Jahr 2011 das erste Testa Omega-3-Produkt auf den Markt gebracht.<\/p>\n                    <\/div><!--end of column-->\n                    \t\t\n                <\/div>\t\t\t\t\n\t\t\t<\/div><!--end of inner-->\n\t\t<\/div><!--end of content-module-->\t\n\n\n\t\t<div class=\"media-text-module  switch default  no-arrow-bottom   \">\r\n\t\t\t<div class=\"inner cf\">\r\n\t\t\t\t<div class=\"media-wrap contain  center-center \" style=\"background-image: url(https:\/\/testa-omega3.com\/wp-content\/uploads\/2021\/10\/pinguibs-abbo-2.png); \">\r\n\t\t\t\t\t<img decoding=\"async\" src=\"https:\/\/testa-omega3.com\/wp-content\/uploads\/2021\/10\/pinguibs-abbo-2.png\" alt=\"\" \/>\r\n\t\t\t\t\t\t\t\t\t<\/div><!--end of media-wrap-->\r\n\t\t\t\t\r\n\t\t\t\t<div class=\"text-wrap\">\r\n\t\t\t\t<div class=\"media-wrap contain  center-center  mobile\" style=\"background-image: url(https:\/\/testa-omega3.com\/wp-content\/uploads\/2021\/10\/pinguibs-abbo-2.png); \">\r\n\t\t\t\t\t\t\t\t\t<\/div><!--end of media-wrap-->\r\n\r\n\t\t\t\t\t<div class=\"text\">\r\n\t\t\t\t\t\t<h3 class=\"highlight\">Marktf\u00fchrer f\u00fcr fischfreies,<br \/>\npflanzliches omega-3<\/h3>\n<p>Testa hat sich inzwischen als Marke mit einer Mission zum Marktf\u00fchrer in den Niederlanden entwickelt. Es wurde nicht nur ein Ersatz f\u00fcr Fisch\u00f6l, sondern auch einer f\u00fcr Krill\u00f6l entwickelt. Vrill enth\u00e4lt alle positiven Eigenschaften von Krill, wird jedoch aus Algen\u00f6l gewonnen. Dar\u00fcber hinaus wird an der Entwicklung anderer fischfreier Nahrungsmittel aus pflanzlichen Quellen gearbeitet.<\/p>\n\t\t\t\t\t<\/div><!--end of text-->\r\n\t\t\t\t<\/div><!--end of text-wrap-->\r\n\t\t\t<\/div><!--end of inner-->\r\n\t\t<\/div><!--end of media-text-module-->\r\n\n\n\t\t<div class=\"content-module white no-spacing-btm no-spacing-top\" style=\"\">\r\n\t\t\t<div class=\"inner cf\">\r\n\t\t\t\t<div class=\"column\">\r\n\t\t\t\t\t<h3 style=\"text-align: center;\">Testa Omega-3<\/h3>\n<h3 style=\"text-align: center;\"><strong>Teil eines gr\u00f6\u00dferen Ganzen<\/strong><\/h3>\n<hr \/>\n\t\t\t\t<\/div><!--end of column-->\r\n\t\t\t<\/div><!--end of inner-->\r\n\t\t<\/div><!--end of content-module-->\t\r\n\n\n<div class=\"content-module two-text-columns  \">\n\t\t\t<div class=\"inner cf\">\n                \t\t\t\t<div class=\"column bg-white\">\n                    <p>Testa Omega-3 ist eine Marke der niederl\u00e4ndischen F&#038;E-Organisation Wellness Innovations (WIINC), die von Evers und De Vries gegr\u00fcndet wurde. WIINC glaubt in technologische Innovation und besch\u00e4ftigt sich mit der Forschung und Entwicklung hochwertiger fischfreier Produkte f\u00fcr die Bereiche Food, Health und Beauty. Sie k\u00e4mpfen f\u00fcr den Erhalt einer gesunden Fischpopulation und die Verbesserung der Qualit\u00e4t der Ozeane.<\/p>\n\t\t\t\t<\/div><!--end of column-->\n                \t\t\t\t<div class=\"column bg-white\">\n                    <p>Neben Testa als fischfreie Health- &#038; Food-Marke wurde 2019 die Marke Daily Supplements auf den Markt gebracht, die sich auf pflanzliche Health- &#038; Beauty-Produkte konzentriert. Im Jahr 2020 hat WIINC die Marke Vrill Omega in den USA eingef\u00fchrt. Damit wird eine hochwertige Alternative f\u00fcr Krill\u00f6l bereitgestellt. Alle Marken von WIINC richten sich an Menschen, die einen gesunden Lebensstil anstreben und zugleich auf die Umwelt achten wollen.<\/p>\n\t\t\t\t<\/div><!--end of column-->\n                \t\t\t\t\t\t\n\t\t\t<\/div><!--end of inner-->\n\t\t<\/div><!--end of content-module-->\t\n\n\n\t\t<div class=\"usp-blocks-module default\">\r\n\t\t\t<div class=\"inner cf\">\r\n\t\t\t\t<div class=\"items-wrap cf\">\r\n\t\t\t\t\t\t\t\t\t\t<div class=\"item\">\r\n\t\t\t\t\t\t<div class=\"icon\">\r\n\t\t\t\t\t\t\t<img decoding=\"async\" src=\"https:\/\/testa-omega3.com\/wp-content\/uploads\/2021\/10\/testa-logo1.png\" \/>\r\n\t\t\t\t\t\t<\/div><!--end of icon-->\r\n\t\t\t\t\t\t\r\n\t\t\t\t\t\t<span><\/span>\r\n\t\t\t\t\t<\/div><!--end of item-->\r\n\t\t\t\t\t\t\t\t\t\t<div class=\"item\">\r\n\t\t\t\t\t\t<div class=\"icon\">\r\n\t\t\t\t\t\t\t<img decoding=\"async\" src=\"https:\/\/testa-omega3.com\/wp-content\/uploads\/2021\/10\/wiinc-logo.png\" \/>\r\n\t\t\t\t\t\t<\/div><!--end of icon-->\r\n\t\t\t\t\t\t\r\n\t\t\t\t\t\t<span><\/span>\r\n\t\t\t\t\t<\/div><!--end of item-->\r\n\t\t\t\t\t\t\t\t\t\t<div class=\"item\">\r\n\t\t\t\t\t\t<div class=\"icon\">\r\n\t\t\t\t\t\t\t<img decoding=\"async\" src=\"https:\/\/testa-omega3.com\/wp-content\/uploads\/2021\/10\/Daily_Supplements-logo-RGB-color-1.png\" \/>\r\n\t\t\t\t\t\t<\/div><!--end of icon-->\r\n\t\t\t\t\t\t\r\n\t\t\t\t\t\t<span><\/span>\r\n\t\t\t\t\t<\/div><!--end of item-->\r\n\t\t\t\t\t\t\t\t\t\t<div class=\"item\">\r\n\t\t\t\t\t\t<div class=\"icon\">\r\n\t\t\t\t\t\t\t<img decoding=\"async\" src=\"https:\/\/testa-omega3.com\/wp-content\/uploads\/2021\/10\/vrill-omega-logo-secondary-1.png\" \/>\r\n\t\t\t\t\t\t<\/div><!--end of icon-->\r\n\t\t\t\t\t\t\r\n\t\t\t\t\t\t<span><\/span>\r\n\t\t\t\t\t<\/div><!--end of item-->\r\n\t\t\t\t\t\t\t\t\t<\/div><!--end of items-wrap-->\r\n\t\t\t\t\t\t\t\t\r\n\t\t\t<\/div><!--end of inner-->\r\n\t\t<\/div><!--end of usps-blocks-module-->\r\n\n\n\n\n\t\t<div class=\"content-module white no-spacing-btm no-spacing-top\" style=\"\">\r\n\t\t\t<div class=\"inner cf\">\r\n\t\t\t\t<div class=\"column\">\r\n\t\t\t\t\t<h2 style=\"text-align: center;\">Unsere Top 3<br \/>\n<strong>100% pflanzliches Omega-3<\/strong><\/h2>\n<hr \/>\n<p><span class=\"star-highlight\">Kies voor<br \/>\n#Fishfree<\/span><\/p>\n<p style=\"font-size: 24px; text-align: center;\">Unsere 3 Bestseller haben alle ihre eigenen Besonderheiten in ihrer Wirkung. Welches Testa-Produkt Sie auch w\u00e4hlen, Sie entscheiden sich immer f\u00fcr eine fischfreie und 100 % pflanzliche Alternative.<\/p>\n<div class=\" btn style-3\" style=\"justify-content: center; text-align: center;\"><a href=\"https:\/\/testa-omega3.com\/de\/product-ubersicht\/\">Hier finden Sie unser gesamtes Angebot<\/a><\/div>\n\t\t\t\t<\/div><!--end of column-->\r\n\t\t\t<\/div><!--end of inner-->\r\n\t\t<\/div><!--end of content-module-->\t\r\n\n\n<div class=\"products-overview-module  \">\n\n\n    <div class=\"inner cf\">\n        <div class=\"filters-wrap\">\n            <div class=\"options-wrap\">\n                <h4>Keuzehulp<\/h4>\n                <div class=\"select-option\">\n                    <select>\n                        <option>Man of vrouw<\/option>\n                        <option>Man of vrouw<\/option>\n                        <option>Man of vrouw<\/option>\n                    <\/select>\n                <\/div>\n                <!--end of select-option-->\n\n                <div class=\"select-option\">\n                    <select>\n                        <option>Leeftijd<\/option>\n                        <option>Leeftijd<\/option>\n                        <option>Leeftijd<\/option>\n                    <\/select>\n                <\/div>\n                <!--end of select-option-->\n\n                <div class=\"select-option\">\n                    <select>\n                        <option>Hoe vaak eet je vis<\/option>\n                        <option>Hoe vaak eet je vis<\/option>\n                        <option>Hoe vaak eet je vis<\/option>\n                    <\/select>\n                <\/div>\n                <!--end of select-option-->\n            <\/div>\n            <!--end of options-wrap-->\n\n            <div class=\"options-wrap\">\n                <h5>Slik je gemakkelijk capsules?<\/h5>\n                <div class=\"select-option\">\n                    <select>\n                        <option>ja\/nee<\/option>\n                        <option>ja\/nee<\/option>\n                        <option>ja\/nee<\/option>\n                    <\/select>\n                <\/div>\n                <!--end of select-option-->\n            <\/div>\n            <!--end of options-wrap-->\n\n            <div class=\"options-wrap\">\n                <h5>Zwanger?<\/h5>\n                <div class=\"select-option\">\n                    <select>\n                        <option>Plannend<\/option>\n                        <option>Plannend<\/option>\n                        <option>Plannend<\/option>\n                    <\/select>\n                <\/div>\n                <!--end of select-option-->\n            <\/div>\n            <!--end of options-wrap-->\n        <\/div>\n        <!--end of filters-wrap-->\n        <div class=\"products-wrap\">\n\n                    <div class=\"product\">\r\n\r\n            <div class=\"text-wrap\">\r\n                <h6><a href=\"https:\/\/testa-omega3.com\/de\/produkt\/omega-3-algenoel-dha-epa\/\">DHA &#038; EPA Omega-3 Algen\u00f6l Kapseln<\/a><\/h6>\r\n\r\n                <p class=\"description\">Gut f\u00fcr Herz, Gehirn und Augen. Enth\u00e4lt 300 mg DHA und 150 mg EPA pro Kapsel.<\/p>\r\n                                \r\n                <div class=\"btn-wrap\">\r\n                                            <div class=\"price\">\r\n                            <span class=\"from\">F\u00fcr nur<\/span>\r\n                            <span class=\"number\">\u20ac10 p\/m<\/span>\r\n                        <\/div>\r\n                        <!--end of price-->\r\n\r\n                    \r\n\r\n                <\/div>\r\n\r\n            <\/div>\r\n            <!--end of text-wrap-->\r\n                            <div class=\"img-wrap\">\r\n                    <span class=\"spacer\">&nbsp;<\/span>\r\n                    <img decoding=\"async\" src=\"https:\/\/testa-omega3.com\/wp-content\/uploads\/2023\/05\/Testa-60st-DHA-EPA-plat-DE-4.png\" \/>\r\n                <\/div>\r\n                <!--end of img-wrap-->\r\n                        <div class=\"btn cta default-red\">\r\n                <a href=\"https:\/\/testa-omega3.com\/de\/produkt\/omega-3-algenoel-dha-epa\/\">Jetzt kaufen<\/a>\r\n            <\/div>\r\n            <!-- <a href=\"https:\/\/testa-omega3.com\/de\/produkt\/omega-3-algenoel-dha-epa\/\" class=\"full-link\"><\/a> -->\r\n        <\/div>\r\n        <!--end of product-->\r\n            <div class=\"product\">\r\n\r\n            <div class=\"text-wrap\">\r\n                <h6><a href=\"https:\/\/testa-omega3.com\/de\/produkt\/algenoel-omega-3-dha\/\">DHA Omega-3 Algen\u00f6l Kapseln<\/a><\/h6>\r\n\r\n                <p class=\"description\">Gut f\u00fcr Gehirn und Augen. Enth\u00e4lt 250 mg DHA pro Kapsel.<\/p>\r\n                                \r\n                <div class=\"btn-wrap\">\r\n                                            <div class=\"price\">\r\n                            <span class=\"from\">F\u00fcr nur<\/span>\r\n                            <span class=\"number\">\u20ac8 p\/m<\/span>\r\n                        <\/div>\r\n                        <!--end of price-->\r\n\r\n                    \r\n\r\n                <\/div>\r\n\r\n            <\/div>\r\n            <!--end of text-wrap-->\r\n                            <div class=\"img-wrap\">\r\n                    <span class=\"spacer\">&nbsp;<\/span>\r\n                    <img decoding=\"async\" src=\"https:\/\/testa-omega3.com\/wp-content\/uploads\/2023\/05\/Testa-60st-DHA-plat-EN-DE-NL-1.png\" \/>\r\n                <\/div>\r\n                <!--end of img-wrap-->\r\n                        <div class=\"btn cta default-red\">\r\n                <a href=\"https:\/\/testa-omega3.com\/de\/produkt\/algenoel-omega-3-dha\/\">Jetzt kaufen<\/a>\r\n            <\/div>\r\n            <!-- <a href=\"https:\/\/testa-omega3.com\/de\/produkt\/algenoel-omega-3-dha\/\" class=\"full-link\"><\/a> -->\r\n        <\/div>\r\n        <!--end of product-->\r\n            <div class=\"product\">\r\n\r\n            <div class=\"text-wrap\">\r\n                <h6><a href=\"https:\/\/testa-omega3.com\/de\/produkt\/algenoel-omega-3-dha-epa-promopack\/\">DHA &#038; EPA Omega-3 Algen\u00f6l  (Promopack)<\/a><\/h6>\r\n\r\n                <p class=\"description\"><\/p>\r\n                                \r\n                <div class=\"btn-wrap\">\r\n                                            <div class=\"price\">\r\n                            <span class=\"from\"><\/span>\r\n                            <span class=\"number\">&euro;7,50<\/span>\r\n                        <\/div>\r\n                        <!--end of price-->\r\n\r\n                    \r\n\r\n                <\/div>\r\n\r\n            <\/div>\r\n            <!--end of text-wrap-->\r\n                            <div class=\"img-wrap\">\r\n                    <span class=\"spacer\">&nbsp;<\/span>\r\n                    <img decoding=\"async\" src=\"https:\/\/testa-omega3.com\/wp-content\/uploads\/2020\/04\/Doosje_solo_shadow-nl-500-klein.fw_-1.png\" \/>\r\n                <\/div>\r\n                <!--end of img-wrap-->\r\n                        <div class=\"btn cta default-red\">\r\n                <a href=\"https:\/\/testa-omega3.com\/de\/produkt\/algenoel-omega-3-dha-epa-promopack\/\">Jetzt kaufen<\/a>\r\n            <\/div>\r\n            <!-- <a href=\"https:\/\/testa-omega3.com\/de\/produkt\/algenoel-omega-3-dha-epa-promopack\/\" class=\"full-link\"><\/a> -->\r\n        <\/div>\r\n        <!--end of product-->\r\n    \n        <\/div>\n        <!--end of products-wrap-->\n    <\/div>\n    <!--end of inner-->\n<\/div>\n<!--end of products-overview-module-->\n\n\n\n\n<p><\/p>\n","protected":false},"excerpt":{"rendered":"","protected":false},"author":2,"featured_media":0,"parent":0,"menu_order":0,"comment_status":"closed","ping_status":"closed","template":"template-poststyle.php","meta":{"_acf_changed":false,"footnotes":""},"class_list":["post-2442","page","type-page","status-publish","hentry"],"acf":[],"yoast_head":"<!-- This site is optimized with the Yoast SEO plugin v26.0 - https:\/\/yoast.com\/wordpress\/plugins\/seo\/ -->\n<title>\u00dcber Testa Omega-3 Algen\u00f6l | Testa Omega-3 Algen\u00f6l<\/title>\n<meta name=\"description\" content=\"Testa ist ein 100% pflanzliches Omega-3 Algen\u00f6l. Besser als Fisch\u00f6l. F\u00fcr jedes Fisch\u00f6l-Produkt, das Testa Omega-3 ersetzt, retten wir 38 Fische.\" \/>\n<meta name=\"robots\" content=\"index, follow, max-snippet:-1, max-image-preview:large, max-video-preview:-1\" \/>\n<link rel=\"canonical\" href=\"https:\/\/testa-omega3.com\/de\/uber-testa\/\" \/>\n<meta property=\"og:locale\" content=\"de_DE\" \/>\n<meta property=\"og:type\" content=\"article\" \/>\n<meta property=\"og:title\" content=\"\u00dcber Testa Omega-3 Algen\u00f6l | Testa Omega-3 Algen\u00f6l\" \/>\n<meta property=\"og:description\" content=\"Testa ist ein 100% pflanzliches Omega-3 Algen\u00f6l. Besser als Fisch\u00f6l. F\u00fcr jedes Fisch\u00f6l-Produkt, das Testa Omega-3 ersetzt, retten wir 38 Fische.\" \/>\n<meta property=\"og:url\" content=\"https:\/\/testa-omega3.com\/de\/uber-testa\/\" \/>\n<meta property=\"og:site_name\" content=\"Testa\" \/>\n<meta property=\"article:publisher\" content=\"https:\/\/www.facebook.com\/TestaOmega3\/\" \/>\n<meta property=\"article:modified_time\" content=\"2025-04-22T14:37:33+00:00\" \/>\n<meta name=\"twitter:card\" content=\"summary_large_image\" \/>\n<meta name=\"twitter:site\" content=\"@testaomega3\" \/>\n<script type=\"application\/ld+json\" class=\"yoast-schema-graph\">{\"@context\":\"https:\/\/schema.org\",\"@graph\":[{\"@type\":\"WebPage\",\"@id\":\"https:\/\/testa-omega3.com\/de\/uber-testa\/\",\"url\":\"https:\/\/testa-omega3.com\/de\/uber-testa\/\",\"name\":\"\u00dcber Testa Omega-3 Algen\u00f6l | Testa Omega-3 Algen\u00f6l\",\"isPartOf\":{\"@id\":\"https:\/\/testa-omega3.com\/de\/#website\"},\"datePublished\":\"2020-05-08T18:20:44+00:00\",\"dateModified\":\"2025-04-22T14:37:33+00:00\",\"description\":\"Testa ist ein 100% pflanzliches Omega-3 Algen\u00f6l. Besser als Fisch\u00f6l. F\u00fcr jedes Fisch\u00f6l-Produkt, das Testa Omega-3 ersetzt, retten wir 38 Fische.\",\"breadcrumb\":{\"@id\":\"https:\/\/testa-omega3.com\/de\/uber-testa\/#breadcrumb\"},\"inLanguage\":\"de\",\"potentialAction\":[{\"@type\":\"ReadAction\",\"target\":[\"https:\/\/testa-omega3.com\/de\/uber-testa\/\"]}]},{\"@type\":\"BreadcrumbList\",\"@id\":\"https:\/\/testa-omega3.com\/de\/uber-testa\/#breadcrumb\",\"itemListElement\":[{\"@type\":\"ListItem\",\"position\":1,\"name\":\"Home\",\"item\":\"https:\/\/testa-omega3.com\/de\/\"},{\"@type\":\"ListItem\",\"position\":2,\"name\":\"\u00dcber Testa\"}]},{\"@type\":\"WebSite\",\"@id\":\"https:\/\/testa-omega3.com\/de\/#website\",\"url\":\"https:\/\/testa-omega3.com\/de\/\",\"name\":\"Testa\",\"description\":\"Omega-3 Algenolie!\",\"publisher\":{\"@id\":\"https:\/\/testa-omega3.com\/de\/#organization\"},\"potentialAction\":[{\"@type\":\"SearchAction\",\"target\":{\"@type\":\"EntryPoint\",\"urlTemplate\":\"https:\/\/testa-omega3.com\/de\/?s={search_term_string}\"},\"query-input\":{\"@type\":\"PropertyValueSpecification\",\"valueRequired\":true,\"valueName\":\"search_term_string\"}}],\"inLanguage\":\"de\"},{\"@type\":\"Organization\",\"@id\":\"https:\/\/testa-omega3.com\/de\/#organization\",\"name\":\"Testa Omega-3\",\"url\":\"https:\/\/testa-omega3.com\/de\/\",\"logo\":{\"@type\":\"ImageObject\",\"inLanguage\":\"de\",\"@id\":\"https:\/\/testa-omega3.com\/de\/#\/schema\/logo\/image\/\",\"url\":\"https:\/\/testa-omega3.com\/wp-content\/uploads\/2021\/10\/testa-logo1.png\",\"contentUrl\":\"https:\/\/testa-omega3.com\/wp-content\/uploads\/2021\/10\/testa-logo1.png\",\"width\":121,\"height\":119,\"caption\":\"Testa Omega-3\"},\"image\":{\"@id\":\"https:\/\/testa-omega3.com\/de\/#\/schema\/logo\/image\/\"},\"sameAs\":[\"https:\/\/www.facebook.com\/TestaOmega3\/\",\"https:\/\/x.com\/testaomega3\",\"https:\/\/www.instagram.com\/testaomega3\/\",\"https:\/\/linkedin.com\/company\/testa-omega-3\"]}]}<\/script>\n<!-- \/ Yoast SEO plugin. -->","yoast_head_json":{"title":"\u00dcber Testa Omega-3 Algen\u00f6l | Testa Omega-3 Algen\u00f6l","description":"Testa ist ein 100% pflanzliches Omega-3 Algen\u00f6l. Besser als Fisch\u00f6l. F\u00fcr jedes Fisch\u00f6l-Produkt, das Testa Omega-3 ersetzt, retten wir 38 Fische.","robots":{"index":"index","follow":"follow","max-snippet":"max-snippet:-1","max-image-preview":"max-image-preview:large","max-video-preview":"max-video-preview:-1"},"canonical":"https:\/\/testa-omega3.com\/de\/uber-testa\/","og_locale":"de_DE","og_type":"article","og_title":"\u00dcber Testa Omega-3 Algen\u00f6l | Testa Omega-3 Algen\u00f6l","og_description":"Testa ist ein 100% pflanzliches Omega-3 Algen\u00f6l. Besser als Fisch\u00f6l. F\u00fcr jedes Fisch\u00f6l-Produkt, das Testa Omega-3 ersetzt, retten wir 38 Fische.","og_url":"https:\/\/testa-omega3.com\/de\/uber-testa\/","og_site_name":"Testa","article_publisher":"https:\/\/www.facebook.com\/TestaOmega3\/","article_modified_time":"2025-04-22T14:37:33+00:00","twitter_card":"summary_large_image","twitter_site":"@testaomega3","schema":{"@context":"https:\/\/schema.org","@graph":[{"@type":"WebPage","@id":"https:\/\/testa-omega3.com\/de\/uber-testa\/","url":"https:\/\/testa-omega3.com\/de\/uber-testa\/","name":"\u00dcber Testa Omega-3 Algen\u00f6l | Testa Omega-3 Algen\u00f6l","isPartOf":{"@id":"https:\/\/testa-omega3.com\/de\/#website"},"datePublished":"2020-05-08T18:20:44+00:00","dateModified":"2025-04-22T14:37:33+00:00","description":"Testa ist ein 100% pflanzliches Omega-3 Algen\u00f6l. Besser als Fisch\u00f6l. F\u00fcr jedes Fisch\u00f6l-Produkt, das Testa Omega-3 ersetzt, retten wir 38 Fische.","breadcrumb":{"@id":"https:\/\/testa-omega3.com\/de\/uber-testa\/#breadcrumb"},"inLanguage":"de","potentialAction":[{"@type":"ReadAction","target":["https:\/\/testa-omega3.com\/de\/uber-testa\/"]}]},{"@type":"BreadcrumbList","@id":"https:\/\/testa-omega3.com\/de\/uber-testa\/#breadcrumb","itemListElement":[{"@type":"ListItem","position":1,"name":"Home","item":"https:\/\/testa-omega3.com\/de\/"},{"@type":"ListItem","position":2,"name":"\u00dcber Testa"}]},{"@type":"WebSite","@id":"https:\/\/testa-omega3.com\/de\/#website","url":"https:\/\/testa-omega3.com\/de\/","name":"Testa","description":"Omega-3 Algenolie!","publisher":{"@id":"https:\/\/testa-omega3.com\/de\/#organization"},"potentialAction":[{"@type":"SearchAction","target":{"@type":"EntryPoint","urlTemplate":"https:\/\/testa-omega3.com\/de\/?s={search_term_string}"},"query-input":{"@type":"PropertyValueSpecification","valueRequired":true,"valueName":"search_term_string"}}],"inLanguage":"de"},{"@type":"Organization","@id":"https:\/\/testa-omega3.com\/de\/#organization","name":"Testa Omega-3","url":"https:\/\/testa-omega3.com\/de\/","logo":{"@type":"ImageObject","inLanguage":"de","@id":"https:\/\/testa-omega3.com\/de\/#\/schema\/logo\/image\/","url":"https:\/\/testa-omega3.com\/wp-content\/uploads\/2021\/10\/testa-logo1.png","contentUrl":"https:\/\/testa-omega3.com\/wp-content\/uploads\/2021\/10\/testa-logo1.png","width":121,"height":119,"caption":"Testa Omega-3"},"image":{"@id":"https:\/\/testa-omega3.com\/de\/#\/schema\/logo\/image\/"},"sameAs":["https:\/\/www.facebook.com\/TestaOmega3\/","https:\/\/x.com\/testaomega3","https:\/\/www.instagram.com\/testaomega3\/","https:\/\/linkedin.com\/company\/testa-omega-3"]}]}},"_links":{"self":[{"href":"https:\/\/testa-omega3.com\/de\/wp-json\/wp\/v2\/pages\/2442","targetHints":{"allow":["GET"]}}],"collection":[{"href":"https:\/\/testa-omega3.com\/de\/wp-json\/wp\/v2\/pages"}],"about":[{"href":"https:\/\/testa-omega3.com\/de\/wp-json\/wp\/v2\/types\/page"}],"author":[{"embeddable":true,"href":"https:\/\/testa-omega3.com\/de\/wp-json\/wp\/v2\/users\/2"}],"replies":[{"embeddable":true,"href":"https:\/\/testa-omega3.com\/de\/wp-json\/wp\/v2\/comments?post=2442"}],"version-history":[{"count":0,"href":"https:\/\/testa-omega3.com\/de\/wp-json\/wp\/v2\/pages\/2442\/revisions"}],"wp:attachment":[{"href":"https:\/\/testa-omega3.com\/de\/wp-json\/wp\/v2\/media?parent=2442"}],"curies":[{"name":"wp","href":"https:\/\/api.w.org\/{rel}","templated":true}]}}