{"id":2475,"date":"2020-03-10T13:45:41","date_gmt":"2020-03-10T12:45:41","guid":{"rendered":"https:\/\/testa-omega3.com\/testa-omega3-missie\/"},"modified":"2022-10-05T17:07:49","modified_gmt":"2022-10-05T15:07:49","slug":"mission","status":"publish","type":"page","link":"https:\/\/testa-omega3.com\/de\/mission\/","title":{"rendered":"#fishfree"},"content":{"rendered":"\t\t<div class=\"featured-image-text-module double fade-bottom background-image\" style=\"background-image: url(https:\/\/testa-omega3.com\/wp-content\/uploads\/2021\/10\/background-water.jpg);\">\r\n\t\t\t<!-- <div class=\"bg-underlay\"><\/div> -->\r\n\t\t\t\r\n\t\t\t<div class=\"inner cf\">\r\n\t\t\t\t<div class=\"img-wrap\">\r\n\t\t\t\t\t<img decoding=\"async\" src=\"https:\/\/testa-omega3.com\/wp-content\/uploads\/2021\/10\/vis-2.png\" \/>\r\n\t\t\t\t<\/div><!--end of img-wrap-->\r\n\t\t\t\t\r\n\t\t\t\t<div class=\"text-wrap\">\r\n\t\t\t\t\t<h3>Unsere Mission :<\/h3>\n<h1 class=\"sketch light\">#Fishfree<\/h1>\n<p><span style=\"color: #ffffff;\">Wir k\u00e4mpfen f\u00fcr den Erhalt einer gesunden Fischpopulation und eines Ozeans, der seinen Bewohnern einen guten Lebensraum bietet. Dazu bieten wir nicht nur fischfreie Produkte an, sondern informieren auch Verbraucher bestm\u00f6glich \u00fcber die Auswirkungen des Fischkonsums oder die Verwendung von Fisch\u00f6l.<\/span><br \/>\n<span style=\"color: #62bfe2;\">Sind Sie dabei?<\/span><\/p>\n\t\t\t\t\t\r\n\t\t\t\t<\/div><!--end of text-wrap-->\r\n\t\t\t\r\n\t\t\t\t<div class=\"add-img-wrap\">\r\n\t\t\t\t\t<img decoding=\"async\" src=\"https:\/\/testa-omega3.com\/wp-content\/uploads\/2021\/10\/vis-1.png\" \/>\r\n\t\t\t\t<\/div><!--end of img-wrap-->\r\n\t\t\t\r\n\t\t\t<\/div><!--end of inner-->\r\n\t\t<\/div><!--end of featured-image-text-module--> \t\r\n\n\n\t\t<div class=\"media-text-module  default style-three dark no-arrow-bottom   \">\r\n\t\t\t<div class=\"inner cf\">\r\n\t\t\t\t<div class=\"media-wrap oversize  center-right \" style=\"background-image: url(https:\/\/testa-omega3.com\/wp-content\/uploads\/2021\/10\/fish-shark-2.png); \">\r\n\t\t\t\t\t<img decoding=\"async\" src=\"https:\/\/testa-omega3.com\/wp-content\/uploads\/2021\/10\/fish-shark-2.png\" alt=\"\" \/>\r\n\t\t\t\t\t\t\t\t\t<\/div><!--end of media-wrap-->\r\n\t\t\t\t\r\n\t\t\t\t<div class=\"text-wrap\">\r\n\t\t\t\t<div class=\"media-wrap oversize  center-right  mobile\" style=\"background-image: url(https:\/\/testa-omega3.com\/wp-content\/uploads\/2021\/10\/fish-shark-2.png); \">\r\n\t\t\t\t\t\t\t\t\t<\/div><!--end of media-wrap-->\r\n\r\n\t\t\t\t\t<div class=\"text\">\r\n\t\t\t\t\t\t<h3 style=\"text-align: center;\"><span style=\"color: #62bfe2;\">WARUM SIE KEINEN FISCH MEHR ESSEN SOLLTEN?<\/span><\/h3>\n<h1 class=\"sketch light\" style=\"text-align: center;\">90 Milliarden<\/h1>\n<p style=\"text-align: center;\"><span style=\"color: #ffffff;\">Wir essen Fisch oder schlucken Fisch\u00f6l, weil es \u00e2\u20ac\u017egesund\u00e2\u20ac\u0153 f\u00fcr uns ist. Es ist aber ganz und gar nicht gesund, wie wir dabei mit dem Ozean umgehen! Jahr f\u00fcr Jahr werden 90 Milliarden Kilo zum Verzehr aus dem Ozean gefischt. Ein beachtlicher Teil davon ist Beifang (zum Beispiel Delfine und Schildkr\u00f6ten), der nicht verwendet wird. Wenn wir so weitermachen, sind die Weltmeere 2048 komplett leer. Fische enthalten durch Verunreinigung viele sch\u00e4dliche Stoffe wie zum Beispiel Quecksilber und PCB. Das ist nat\u00fcrlich auch nicht gut f\u00fcr Sie. Das alles ist unn\u00f6tig, da die wichtigsten N\u00e4hrstoffe aus Fisch auch aus Algen gewonnen werden k\u00f6nnen.<\/span><\/p>\n\t\t\t\t\t<\/div><!--end of text-->\r\n\t\t\t\t<\/div><!--end of text-wrap-->\r\n\t\t\t<\/div><!--end of inner-->\r\n\t\t<\/div><!--end of media-text-module-->\r\n\n\n\t\t<div class=\"media-text-module  switch style-three dark no-arrow-bottom   \">\r\n\t\t\t<div class=\"inner cf\">\r\n\t\t\t\t<div class=\"media-wrap oversize  center-right \" style=\"background-image: url(https:\/\/testa-omega3.com\/wp-content\/uploads\/2021\/10\/whale.png); \">\r\n\t\t\t\t\t<img decoding=\"async\" src=\"https:\/\/testa-omega3.com\/wp-content\/uploads\/2021\/10\/whale.png\" alt=\"\" \/>\r\n\t\t\t\t\t\t\t\t\t<\/div><!--end of media-wrap-->\r\n\t\t\t\t\r\n\t\t\t\t<div class=\"text-wrap\">\r\n\t\t\t\t<div class=\"media-wrap oversize  center-right  mobile\" style=\"background-image: url(https:\/\/testa-omega3.com\/wp-content\/uploads\/2021\/10\/whale.png); \">\r\n\t\t\t\t\t\t\t\t\t<\/div><!--end of media-wrap-->\r\n\r\n\t\t\t\t\t<div class=\"text\">\r\n\t\t\t\t\t\t<h3 class=\"sketch light\" style=\"text-align: center;\"><span style=\"color: #62bfe2;\">Bei unserem Kampf f\u00fcr einen gesunden Ozean unterst\u00fctzen wir<\/span><\/h3>\n<h1 class=\"sketch light\" style=\"text-align: center;\">Sea Shepherd<\/h1>\n<p style=\"text-align: center;\"><span style=\"color: #ffffff;\">Wir verfolgen die gemeinsame Mission, Tierarten und \u00d6kosysteme in den Ozeanen zu sch\u00fctzen und zu erhalten. Die Aktionen von Sea Shepherd sollen der T\u00f6tung von Meerestieren und der Zerst\u00f6rung ihres Lebensraums ein Ende machen. Sie untersuchen, registrieren und dokumentieren illegale Aktivit\u00e4ten auf See. Wir von Testa spenden f\u00fcr ihre Aktionen und bieten Ihnen als Mitstreiter die M\u00f6glichkeit, Ihren Einkauf mit einer zus\u00e4tzlichen Spende zu versehen. Sie machen ihre Geldgeber auf die gesunden Alternativen aufmerksam, die es f\u00fcr den Verzehr von Fisch gibt. <span style=\"color: #62bfe2;\"><a style=\"color: #62bfe2;\" href=\"https:\/\/www.seashepherdglobal.org\/\" target=\"_blank\" rel=\"noopener\">Hier erfahren Sie, was sie machen.<\/a>.<\/span><\/span><\/p>\n\t\t\t\t\t<\/div><!--end of text-->\r\n\t\t\t\t<\/div><!--end of text-wrap-->\r\n\t\t\t<\/div><!--end of inner-->\r\n\t\t<\/div><!--end of media-text-module-->\r\n\n\n \n\t\t<div class=\"two-images-highlighted dark\" style=\"\">\n\t\t\t\n\t\t\t<div class=\"inner cf\">\n\t\t\t\n\t\t\t\t<div class=\"text-wrap\">\n\t\t\t\t\t<h1 class=\"sketch light\" style=\"text-align: center;\">rePurpose<\/h1>\n<p style=\"text-align: center;\"><span style=\"color: #ffffff;\">Wir verpacken unsere Kapseln in Plastikblister. Dies ist derzeit noch die beste M\u00f6glichkeit,  um die Qualit\u00e4t und Haltbarkeit des Algen\u00f6ls besser als jede andere Algen\u00f6lmarke garantieren zu k\u00f6nnen. Plastik ist jedoch eine gro\u00dfe Bedrohung f\u00fcr die Ozeane. Aus Verantwortung unterst\u00fctzen wir die Arbeit von rePurpose. Es handelt sich um eine globale &#8222;Plastik-Aktionsplattform&#8220;, die darauf abzielt, Abfall zu reduzieren und das nat\u00fcrliche Gleichgewicht wiederherzustellen. Mit ihnen sammeln wir jetzt doppelt so viel Plastik wie wir produzieren.<\/span> <a href=\"https:\/\/repurpose.global\/\" target=\"_blank\" rel=\"noopener\"><span style=\"color: #62bfe2;\">Lesen Sie hier, was sie tun<\/span><\/a><\/p>\n\t\t\t\t\t\n\t\t\t\t<\/div><!--end of text-wrap-->\n\n                                <div class=\"columns two\">\n                                \n                    <div class=\"column\" style=\"background-image: url(https:\/\/testa-omega3.com\/wp-content\/uploads\/2021\/10\/Sea-Shepherd-boat.jpg);\">\n                                            <img decoding=\"async\" class=\"logo\" src=\"https:\/\/testa-omega3.com\/wp-content\/uploads\/2021\/10\/Testa_Sea-Shepherd_Proudly_Supporting_Logo-black.png\"> \n                                        \n                                            <div class=\"header-wrap\">\n                            <h5 class=\"highlight\">\n                                Sea Shepherd setzt sich f\u00fcr den Erhalt aller \u00d6kosysteme in den Ozeanen ein. Hier erfahren Sie mehr.                                                            <\/h5>\n                        <\/div>\n                    \n                    <\/div><!--end of column-->\n                                \n                    <div class=\"column\" style=\"background-image: url(https:\/\/testa-omega3.com\/wp-content\/uploads\/2021\/10\/RePurpose-1.jpg);\">\n                                            <img decoding=\"async\" class=\"logo\" src=\"https:\/\/testa-omega3.com\/wp-content\/uploads\/2021\/10\/repurpose.jpg\"> \n                                        \n                                            <div class=\"header-wrap\">\n                            <h5 class=\"highlight\">\n                                rePurpose hilft Menschen und Unternehmen dabei, ihren Plastik-Fu\u00dfabdruck zu reduzieren.                                                            <\/h5>\n                        <\/div>\n                    \n                    <\/div><!--end of column-->\n                                <\/div><!--end of columns.two-->\n                \t\n\n\n\t\t\t<\/div><!--end of inner-->\n\t\t<\/div><!--end of two-images-highlighted--> \t\n\n\n<div class=\"arrow-wrap dark\">\n    \n<\/div>         \n\n\n\t\t<div class=\"content-module image \" style=\"background-image:url(https:\/\/testa-omega3.com\/wp-content\/uploads\/2021\/10\/jonathan-borba-3o5oUjrD90w-unsplash-cropped-1.jpg);\">\r\n\t\t\t<div class=\"inner cf\">\r\n\t\t\t\t<div class=\"column\">\r\n\t\t\t\t\t<h3 style=\"text-align: center;\"><span style=\"color: #62bfe2;\">Eine fischfreie Zukunft<\/span><\/h3>\n<h1 class=\"sketch light\" style=\"text-align: center;\">Was Sie selbst tun k\u00f6nnen?<\/h1>\n<p style=\"text-align: center;\"><span style=\"color: #ffffff;\">Das ist ganz leicht: Tauschen Sie noch heute Ihr Fisch- oder Krill\u00f6l gegen Testa Omega-3-Algen\u00f6l ein. Mit Testa Omega-3 entscheiden Sie sich f\u00fcr ein nachhaltiges Nahrungserg\u00e4nzungsmittel aus einer sauberen Quelle. Legen Sie im Supermarkt unsere fischfreien Produkte in Ihren Einkaufswagen und lassen Sie die Fisch-Variante liegen. Wenn Sie begeistert und \u00fcberzeugt sind, dann helfen Sie uns dabei, dass sich unsere Mission wie ein Algen\u00f6lfleck ausbreitet.<\/span><\/p>\n<p style=\"text-align: center;\"><span class=\"btn default-red\"><a href=\"https:\/\/testa-omega3.com\/de\/product-ubersicht\/\">Sind Sie dabei? Dann bestellen Sie hier Ihr Omega-3<\/a><\/span><\/p>\n\t\t\t\t<\/div><!--end of column-->\r\n\t\t\t<\/div><!--end of inner-->\r\n\t\t<\/div><!--end of content-module-->\t\r\n","protected":false},"excerpt":{"rendered":"","protected":false},"author":1,"featured_media":0,"parent":0,"menu_order":0,"comment_status":"closed","ping_status":"closed","template":"template-poststyle.php","meta":{"_acf_changed":false,"footnotes":""},"class_list":["post-2475","page","type-page","status-publish","hentry"],"acf":[],"yoast_head":"<!-- This site is optimized with the Yoast SEO plugin v26.0 - https:\/\/yoast.com\/wordpress\/plugins\/seo\/ -->\n<title>Unsere Mission: ein Omega-3-Sektor ohne Fisch | Testa<\/title>\n<meta name=\"description\" content=\"Derzeit werden 25% der weltweiten Fischerei f\u00fcr Omega-3-Fetts\u00e4uren in Nahrungserg\u00e4nzungsmitteln verwendet. Das muss sich \u00e4ndern!\" \/>\n<meta name=\"robots\" content=\"index, follow, max-snippet:-1, max-image-preview:large, max-video-preview:-1\" \/>\n<link rel=\"canonical\" href=\"https:\/\/testa-omega3.com\/de\/mission\/\" \/>\n<meta property=\"og:locale\" content=\"de_DE\" \/>\n<meta property=\"og:type\" content=\"article\" \/>\n<meta property=\"og:title\" content=\"Unsere Mission: ein Omega-3-Sektor ohne Fisch | Testa\" \/>\n<meta property=\"og:description\" content=\"Derzeit werden 25% der weltweiten Fischerei f\u00fcr Omega-3-Fetts\u00e4uren in Nahrungserg\u00e4nzungsmitteln verwendet. Das muss sich \u00e4ndern!\" \/>\n<meta property=\"og:url\" content=\"https:\/\/testa-omega3.com\/de\/mission\/\" \/>\n<meta property=\"og:site_name\" content=\"Testa\" \/>\n<meta property=\"article:publisher\" content=\"https:\/\/www.facebook.com\/TestaOmega3\/\" \/>\n<meta property=\"article:modified_time\" content=\"2022-10-05T15:07:49+00:00\" \/>\n<meta name=\"twitter:card\" content=\"summary_large_image\" \/>\n<meta name=\"twitter:site\" content=\"@testaomega3\" \/>\n<script type=\"application\/ld+json\" class=\"yoast-schema-graph\">{\"@context\":\"https:\/\/schema.org\",\"@graph\":[{\"@type\":\"WebPage\",\"@id\":\"https:\/\/testa-omega3.com\/de\/mission\/\",\"url\":\"https:\/\/testa-omega3.com\/de\/mission\/\",\"name\":\"Unsere Mission: ein Omega-3-Sektor ohne Fisch | Testa\",\"isPartOf\":{\"@id\":\"https:\/\/testa-omega3.com\/de\/#website\"},\"datePublished\":\"2020-03-10T12:45:41+00:00\",\"dateModified\":\"2022-10-05T15:07:49+00:00\",\"description\":\"Derzeit werden 25% der weltweiten Fischerei f\u00fcr Omega-3-Fetts\u00e4uren in Nahrungserg\u00e4nzungsmitteln verwendet. Das muss sich \u00e4ndern!\",\"breadcrumb\":{\"@id\":\"https:\/\/testa-omega3.com\/de\/mission\/#breadcrumb\"},\"inLanguage\":\"de\",\"potentialAction\":[{\"@type\":\"ReadAction\",\"target\":[\"https:\/\/testa-omega3.com\/de\/mission\/\"]}]},{\"@type\":\"BreadcrumbList\",\"@id\":\"https:\/\/testa-omega3.com\/de\/mission\/#breadcrumb\",\"itemListElement\":[{\"@type\":\"ListItem\",\"position\":1,\"name\":\"Home\",\"item\":\"https:\/\/testa-omega3.com\/de\/\"},{\"@type\":\"ListItem\",\"position\":2,\"name\":\"#fishfree\"}]},{\"@type\":\"WebSite\",\"@id\":\"https:\/\/testa-omega3.com\/de\/#website\",\"url\":\"https:\/\/testa-omega3.com\/de\/\",\"name\":\"Testa\",\"description\":\"Omega-3 Algenolie!\",\"publisher\":{\"@id\":\"https:\/\/testa-omega3.com\/de\/#organization\"},\"potentialAction\":[{\"@type\":\"SearchAction\",\"target\":{\"@type\":\"EntryPoint\",\"urlTemplate\":\"https:\/\/testa-omega3.com\/de\/?s={search_term_string}\"},\"query-input\":{\"@type\":\"PropertyValueSpecification\",\"valueRequired\":true,\"valueName\":\"search_term_string\"}}],\"inLanguage\":\"de\"},{\"@type\":\"Organization\",\"@id\":\"https:\/\/testa-omega3.com\/de\/#organization\",\"name\":\"Testa Omega-3\",\"url\":\"https:\/\/testa-omega3.com\/de\/\",\"logo\":{\"@type\":\"ImageObject\",\"inLanguage\":\"de\",\"@id\":\"https:\/\/testa-omega3.com\/de\/#\/schema\/logo\/image\/\",\"url\":\"https:\/\/testa-omega3.com\/wp-content\/uploads\/2021\/10\/testa-logo1.png\",\"contentUrl\":\"https:\/\/testa-omega3.com\/wp-content\/uploads\/2021\/10\/testa-logo1.png\",\"width\":121,\"height\":119,\"caption\":\"Testa Omega-3\"},\"image\":{\"@id\":\"https:\/\/testa-omega3.com\/de\/#\/schema\/logo\/image\/\"},\"sameAs\":[\"https:\/\/www.facebook.com\/TestaOmega3\/\",\"https:\/\/x.com\/testaomega3\",\"https:\/\/www.instagram.com\/testaomega3\/\",\"https:\/\/linkedin.com\/company\/testa-omega-3\"]}]}<\/script>\n<!-- \/ Yoast SEO plugin. -->","yoast_head_json":{"title":"Unsere Mission: ein Omega-3-Sektor ohne Fisch | Testa","description":"Derzeit werden 25% der weltweiten Fischerei f\u00fcr Omega-3-Fetts\u00e4uren in Nahrungserg\u00e4nzungsmitteln verwendet. Das muss sich \u00e4ndern!","robots":{"index":"index","follow":"follow","max-snippet":"max-snippet:-1","max-image-preview":"max-image-preview:large","max-video-preview":"max-video-preview:-1"},"canonical":"https:\/\/testa-omega3.com\/de\/mission\/","og_locale":"de_DE","og_type":"article","og_title":"Unsere Mission: ein Omega-3-Sektor ohne Fisch | Testa","og_description":"Derzeit werden 25% der weltweiten Fischerei f\u00fcr Omega-3-Fetts\u00e4uren in Nahrungserg\u00e4nzungsmitteln verwendet. Das muss sich \u00e4ndern!","og_url":"https:\/\/testa-omega3.com\/de\/mission\/","og_site_name":"Testa","article_publisher":"https:\/\/www.facebook.com\/TestaOmega3\/","article_modified_time":"2022-10-05T15:07:49+00:00","twitter_card":"summary_large_image","twitter_site":"@testaomega3","schema":{"@context":"https:\/\/schema.org","@graph":[{"@type":"WebPage","@id":"https:\/\/testa-omega3.com\/de\/mission\/","url":"https:\/\/testa-omega3.com\/de\/mission\/","name":"Unsere Mission: ein Omega-3-Sektor ohne Fisch | Testa","isPartOf":{"@id":"https:\/\/testa-omega3.com\/de\/#website"},"datePublished":"2020-03-10T12:45:41+00:00","dateModified":"2022-10-05T15:07:49+00:00","description":"Derzeit werden 25% der weltweiten Fischerei f\u00fcr Omega-3-Fetts\u00e4uren in Nahrungserg\u00e4nzungsmitteln verwendet. Das muss sich \u00e4ndern!","breadcrumb":{"@id":"https:\/\/testa-omega3.com\/de\/mission\/#breadcrumb"},"inLanguage":"de","potentialAction":[{"@type":"ReadAction","target":["https:\/\/testa-omega3.com\/de\/mission\/"]}]},{"@type":"BreadcrumbList","@id":"https:\/\/testa-omega3.com\/de\/mission\/#breadcrumb","itemListElement":[{"@type":"ListItem","position":1,"name":"Home","item":"https:\/\/testa-omega3.com\/de\/"},{"@type":"ListItem","position":2,"name":"#fishfree"}]},{"@type":"WebSite","@id":"https:\/\/testa-omega3.com\/de\/#website","url":"https:\/\/testa-omega3.com\/de\/","name":"Testa","description":"Omega-3 Algenolie!","publisher":{"@id":"https:\/\/testa-omega3.com\/de\/#organization"},"potentialAction":[{"@type":"SearchAction","target":{"@type":"EntryPoint","urlTemplate":"https:\/\/testa-omega3.com\/de\/?s={search_term_string}"},"query-input":{"@type":"PropertyValueSpecification","valueRequired":true,"valueName":"search_term_string"}}],"inLanguage":"de"},{"@type":"Organization","@id":"https:\/\/testa-omega3.com\/de\/#organization","name":"Testa Omega-3","url":"https:\/\/testa-omega3.com\/de\/","logo":{"@type":"ImageObject","inLanguage":"de","@id":"https:\/\/testa-omega3.com\/de\/#\/schema\/logo\/image\/","url":"https:\/\/testa-omega3.com\/wp-content\/uploads\/2021\/10\/testa-logo1.png","contentUrl":"https:\/\/testa-omega3.com\/wp-content\/uploads\/2021\/10\/testa-logo1.png","width":121,"height":119,"caption":"Testa Omega-3"},"image":{"@id":"https:\/\/testa-omega3.com\/de\/#\/schema\/logo\/image\/"},"sameAs":["https:\/\/www.facebook.com\/TestaOmega3\/","https:\/\/x.com\/testaomega3","https:\/\/www.instagram.com\/testaomega3\/","https:\/\/linkedin.com\/company\/testa-omega-3"]}]}},"_links":{"self":[{"href":"https:\/\/testa-omega3.com\/de\/wp-json\/wp\/v2\/pages\/2475","targetHints":{"allow":["GET"]}}],"collection":[{"href":"https:\/\/testa-omega3.com\/de\/wp-json\/wp\/v2\/pages"}],"about":[{"href":"https:\/\/testa-omega3.com\/de\/wp-json\/wp\/v2\/types\/page"}],"author":[{"embeddable":true,"href":"https:\/\/testa-omega3.com\/de\/wp-json\/wp\/v2\/users\/1"}],"replies":[{"embeddable":true,"href":"https:\/\/testa-omega3.com\/de\/wp-json\/wp\/v2\/comments?post=2475"}],"version-history":[{"count":0,"href":"https:\/\/testa-omega3.com\/de\/wp-json\/wp\/v2\/pages\/2475\/revisions"}],"wp:attachment":[{"href":"https:\/\/testa-omega3.com\/de\/wp-json\/wp\/v2\/media?parent=2475"}],"curies":[{"name":"wp","href":"https:\/\/api.w.org\/{rel}","templated":true}]}}