{"id":2496,"date":"2020-05-11T14:03:14","date_gmt":"2020-05-11T14:03:14","guid":{"rendered":"https:\/\/testa-omega3.com\/vacatures-testa-omega3\/"},"modified":"2020-12-17T17:16:40","modified_gmt":"2020-12-17T16:16:40","slug":"stellenangebote-testa-omega3","status":"publish","type":"page","link":"https:\/\/testa-omega3.com\/de\/stellenangebote-testa-omega3\/","title":{"rendered":"Stellenangebote Testa Omega-3"},"content":{"rendered":"\t\t<div class=\"content-module intro\">\n\t\t\t<div class=\"inner cf\">\n\t\t\t\t<div class=\"column\">\n\t\t\t\t\t<h1><strong>Stellenangebote Testa Omega-3<\/strong><\/h1>\n<p>Make our mission your mission and start working at a food scale-up with a mission. Help building our mature brand in nutritional supplements to become better visible around the globe. Testa Omega-3 has worldwide precense and is the most estabished brand of Wellness Innovations, the social enterprise that wants to be good for you and the ocean. Look at our open vacancies below and see how you can contribute to this!<\/p>\n\t\t\t\t<\/div><!--end of column-->\n\t\t\t<\/div><!--end of inner-->\n\t\t<\/div><!--end of content-module-->\n\n\n\t\t<div class=\"full-image-module\">\r\n\t\t\t<div class=\"inner cf\">\r\n                                <img decoding=\"async\" src=\"https:\/\/testa-omega3.com\/wp-content\/uploads\/2020\/04\/image-omega-3-algae-mission.jpg\" \/>\r\n                                                <span class=\"label\">missie<\/span>\r\n                \t\t\t<\/div><!--end of inner-->\r\n\t\t<\/div><!--end of full-image-module-->\r\n\n\n\t\t<div class=\"content-module  \" style=\"\">\r\n\t\t\t<div class=\"inner cf\">\r\n\t\t\t\t<div class=\"column\">\r\n\t\t\t\t\t<h2><strong><b>Working at a food scale-up with a mission!<\/b><\/strong><\/h2>\n<p>We want to shake up the Omega-3 industry and let the world know they should take Omega 3, but not from fish! View our vacancies.<\/p>\n<p>&nbsp;<\/p>\n\t\t\t\t<\/div><!--end of column-->\r\n\t\t\t<\/div><!--end of inner-->\r\n\t\t<\/div><!--end of content-module-->\t\r\n\n\n\t\t<div class=\"media-text-module  default default  no-arrow-bottom   \">\r\n\t\t\t<div class=\"inner cf\">\r\n\t\t\t\t<div class=\"media-wrap  asd\" style=\"background-image: url(https:\/\/testa-omega3.com\/wp-content\/uploads\/2020\/03\/testa-header-video-placeholder.jpg); \">\r\n\t\t\t\t\t<img decoding=\"async\" src=\"https:\/\/testa-omega3.com\/wp-content\/uploads\/2020\/03\/testa-header-video-placeholder.jpg\" alt=\"\" \/>\r\n\t\t\t\t\t\t\t\t\t<\/div><!--end of media-wrap-->\r\n\t\t\t\t\r\n\t\t\t\t<div class=\"text-wrap\">\r\n\t\t\t\t<div class=\"media-wrap  asd mobile\" style=\"background-image: url(https:\/\/testa-omega3.com\/wp-content\/uploads\/2020\/03\/testa-header-video-placeholder.jpg); \">\r\n\t\t\t\t\t\t\t\t\t<\/div><!--end of media-wrap-->\r\n\r\n\t\t\t\t\t<div class=\"text\">\r\n\t\t\t\t\t\t<h2><b>Junior Content Marketer<\/b><\/h2>\n<p>To accelerate our mission, we are looking for a Junior Content Marketer (languages German, Dutch and\/or English). Within this position you will be directed by the Global Head of E-commerce. You are fully involved in daily business and will receive a wide and varied range of tasks. Do you think you can help spreading Testa? Please contact us!<\/p>\n \t\t\t\r\n\t\r\n\t<div class=\" btn   \">\r\n        <a href=\"#Onze missie\" target=\"_self\" >Bekijk de vacature<\/a>\r\n    <\/div>\r\n\t\t\t\t\t\t<\/div><!--end of text-->\r\n\t\t\t\t<\/div><!--end of text-wrap-->\r\n\t\t\t<\/div><!--end of inner-->\r\n\t\t<\/div><!--end of media-text-module-->\r\n\n\n\t\t<div class=\"media-text-module  switch default  no-arrow-bottom   \">\r\n\t\t\t<div class=\"inner cf\">\r\n\t\t\t\t<div class=\"media-wrap  asd\" style=\"background-image: url(https:\/\/testa-omega3.com\/wp-content\/uploads\/2020\/03\/testa-header-video-placeholder.jpg); \">\r\n\t\t\t\t\t<img decoding=\"async\" src=\"https:\/\/testa-omega3.com\/wp-content\/uploads\/2020\/03\/testa-header-video-placeholder.jpg\" alt=\"\" \/>\r\n\t\t\t\t\t\t\t\t\t<\/div><!--end of media-wrap-->\r\n\t\t\t\t\r\n\t\t\t\t<div class=\"text-wrap\">\r\n\t\t\t\t<div class=\"media-wrap  asd mobile\" style=\"background-image: url(https:\/\/testa-omega3.com\/wp-content\/uploads\/2020\/03\/testa-header-video-placeholder.jpg); \">\r\n\t\t\t\t\t\t\t\t\t<\/div><!--end of media-wrap-->\r\n\r\n\t\t\t\t\t<div class=\"text\">\r\n\t\t\t\t\t\t<h2><b>Are you the talent we are looking for?<\/b><\/h2>\n<p><strong>#Social talent #Research talent #Marketing talent #Graphic talent or #Sales talent?<\/strong><br \/>\nAre you someone with guts and own input? Someone who wants to use his talent to make the world a bit nicer and someone wo wants to become best in his own field? Do you want to learn more about growth hacking, marketing, sales or graphic design? Just tell us what you think is fun to do and how you can contribute to our mission!<\/p>\n \t\t\t\r\n\t\r\n\t<div class=\" btn   \">\r\n        <a href=\"#Onze missie\" target=\"_self\" >Bekijk de vacature<\/a>\r\n    <\/div>\r\n\t\t\t\t\t\t<\/div><!--end of text-->\r\n\t\t\t\t<\/div><!--end of text-wrap-->\r\n\t\t\t<\/div><!--end of inner-->\r\n\t\t<\/div><!--end of media-text-module-->\r\n\n\n<div class=\"products-overview-module  has-no-bg  \">\n\n\n    <div class=\"inner cf\">\n        <div class=\"filters-wrap\">\n            <div class=\"options-wrap\">\n                <h4>Keuzehulp<\/h4>\n                <div class=\"select-option\">\n                    <select>\n                        <option>Man of vrouw<\/option>\n                        <option>Man of vrouw<\/option>\n                        <option>Man of vrouw<\/option>\n                    <\/select>\n                <\/div>\n                <!--end of select-option-->\n\n                <div class=\"select-option\">\n                    <select>\n                        <option>Leeftijd<\/option>\n                        <option>Leeftijd<\/option>\n                        <option>Leeftijd<\/option>\n                    <\/select>\n                <\/div>\n                <!--end of select-option-->\n\n                <div class=\"select-option\">\n                    <select>\n                        <option>Hoe vaak eet je vis<\/option>\n                        <option>Hoe vaak eet je vis<\/option>\n                        <option>Hoe vaak eet je vis<\/option>\n                    <\/select>\n                <\/div>\n                <!--end of select-option-->\n            <\/div>\n            <!--end of options-wrap-->\n\n            <div class=\"options-wrap\">\n                <h5>Slik je gemakkelijk capsules?<\/h5>\n                <div class=\"select-option\">\n                    <select>\n                        <option>ja\/nee<\/option>\n                        <option>ja\/nee<\/option>\n                        <option>ja\/nee<\/option>\n                    <\/select>\n                <\/div>\n                <!--end of select-option-->\n            <\/div>\n            <!--end of options-wrap-->\n\n            <div class=\"options-wrap\">\n                <h5>Zwanger?<\/h5>\n                <div class=\"select-option\">\n                    <select>\n                        <option>Plannend<\/option>\n                        <option>Plannend<\/option>\n                        <option>Plannend<\/option>\n                    <\/select>\n                <\/div>\n                <!--end of select-option-->\n            <\/div>\n            <!--end of options-wrap-->\n        <\/div>\n        <!--end of filters-wrap-->\n        <div class=\"products-wrap\">\n\n                    <div class=\"product\">\r\n\r\n            <div class=\"text-wrap\">\r\n                <h6><a href=\"https:\/\/testa-omega3.com\/de\/produkt\/omega-3-algenoel-dha-epa-disabled\/\">DHA &#038; EPA Omega-3 Algen\u00f6l<\/a><\/h6>\r\n\r\n                <p class=\"description\">F\u00fcr Ihre Gesundheit geeignet. H\u00f6chste Konzentration an DHA + EPA Fetts\u00e4uren (250 mg DHA + 125 mg EPA). Gut f\u00fcr Herz, Gehirn und Augen. <\/p>\r\n                                \r\n                <div class=\"btn-wrap\">\r\n                                            <div class=\"btn style-3\">\r\n                            <a href=\"https:\/\/testa-omega3.com\/de\/produkt\/omega-3-algenoel-dha-epa-disabled\/\">Mehr erfahren<\/a>\r\n                        <\/div>\r\n                    \r\n\r\n                <\/div>\r\n\r\n            <\/div>\r\n            <!--end of text-wrap-->\r\n                            <div class=\"img-wrap\">\r\n                    <span class=\"spacer\">&nbsp;<\/span>\r\n                    <img decoding=\"async\" src=\"https:\/\/testa-omega3.com\/wp-content\/uploads\/2022\/07\/Testa-DE-DHA-EPA-web-1080-kl.png\" \/>\r\n                <\/div>\r\n                <!--end of img-wrap-->\r\n                        <div class=\"btn cta default-red\">\r\n                <a href=\"https:\/\/testa-omega3.com\/de\/produkt\/omega-3-algenoel-dha-epa-disabled\/\">Jetzt kaufen<\/a>\r\n            <\/div>\r\n            <!-- <a href=\"https:\/\/testa-omega3.com\/de\/produkt\/omega-3-algenoel-dha-epa-disabled\/\" class=\"full-link\"><\/a> -->\r\n        <\/div>\r\n        <!--end of product-->\r\n            <div class=\"product\">\r\n\r\n            <div class=\"text-wrap\">\r\n                <h6><a href=\"https:\/\/testa-omega3.com\/de\/produkt\/algenoel-omega-3-dha-disabled\/\">DHA Omega-3 Algen\u00f6l<\/a><\/h6>\r\n\r\n                <p class=\"description\">PURES DHA \u00e2\u20ac\u201c Auch f\u00fcr schwangere Frauen und Kinder geeignet. Pures DHA Omega-3 aus Algen\u00f6l. H\u00f6chste Konzentration an Fetts\u00e4uren (250 mg DHA), rein pflanzlich. Gut f\u00fcr Gehirn und Augen.<\/p>\r\n                                \r\n                <div class=\"btn-wrap\">\r\n                                            <div class=\"btn style-3\">\r\n                            <a href=\"https:\/\/testa-omega3.com\/de\/produkt\/algenoel-omega-3-dha-disabled\/\">Mehr erfahren<\/a>\r\n                        <\/div>\r\n                    \r\n\r\n                <\/div>\r\n\r\n            <\/div>\r\n            <!--end of text-wrap-->\r\n                            <div class=\"img-wrap\">\r\n                    <span class=\"spacer\">&nbsp;<\/span>\r\n                    <img decoding=\"async\" src=\"https:\/\/testa-omega3.com\/wp-content\/uploads\/2022\/07\/Testa-DE-DHA-web-1080-kl.png\" \/>\r\n                <\/div>\r\n                <!--end of img-wrap-->\r\n                        <div class=\"btn cta default-red\">\r\n                <a href=\"https:\/\/testa-omega3.com\/de\/produkt\/algenoel-omega-3-dha-disabled\/\">Jetzt kaufen<\/a>\r\n            <\/div>\r\n            <!-- <a href=\"https:\/\/testa-omega3.com\/de\/produkt\/algenoel-omega-3-dha-disabled\/\" class=\"full-link\"><\/a> -->\r\n        <\/div>\r\n        <!--end of product-->\r\n    \n        <\/div>\n        <!--end of products-wrap-->\n    <\/div>\n    <!--end of inner-->\n<\/div>\n<!--end of products-overview-module-->\n\n\n\n\t\t<div class=\"content-module  \" style=\"\">\r\n\t\t\t<div class=\"inner cf\">\r\n\t\t\t\t<div class=\"column\">\r\n\t\t\t\t\t\t\t\t\t<\/div><!--end of column-->\r\n\t\t\t<\/div><!--end of inner-->\r\n\t\t<\/div><!--end of content-module-->\t\r\n\n\n<div class=\"reviews-block-module\">\n    <div class=\"inner cf\">\n        <div class=\"rating-wrap\">\n            <!-- trustedshops here -->\n            <!-- Begin eTrusted widget tag -->\n                        \n            <etrusted-widget data-etrusted-widget-id=\"wdg-69463aca-76db-4cff-ab55-3f3b1096e4db\"><\/etrusted-widget>\n            <!-- End eTrusted widget tag -->\n        <\/div><!--end of rating-wrap-->\n    <\/div><!--end of inner-->\n<\/div><!--end of content-module-->\n","protected":false},"excerpt":{"rendered":"","protected":false},"author":2,"featured_media":0,"parent":0,"menu_order":0,"comment_status":"closed","ping_status":"closed","template":"template-poststyle.php","meta":{"_acf_changed":false,"footnotes":""},"class_list":["post-2496","page","type-page","status-publish","hentry"],"acf":[],"yoast_head":"<!-- This site is optimized with the Yoast SEO plugin v26.0 - https:\/\/yoast.com\/wordpress\/plugins\/seo\/ -->\n<title>Stellenangebote | Testa Omega-3 Algen\u00f6l<\/title>\n<meta name=\"description\" content=\"Tauschen Sie noch heute Ihr Fisch- oder Krill\u00f6l gegen Testa Omega-3-Algen\u00f6l. Gut f\u00fcr dich, aber auch f\u00fcr das Meer. Stellenangebote anzeigen.\" \/>\n<meta name=\"robots\" content=\"index, follow, max-snippet:-1, max-image-preview:large, max-video-preview:-1\" \/>\n<link rel=\"canonical\" href=\"https:\/\/testa-omega3.com\/de\/stellenangebote-testa-omega3\/\" \/>\n<meta property=\"og:locale\" content=\"de_DE\" \/>\n<meta property=\"og:type\" content=\"article\" \/>\n<meta property=\"og:title\" content=\"Stellenangebote | Testa Omega-3 Algen\u00f6l\" \/>\n<meta property=\"og:description\" content=\"Tauschen Sie noch heute Ihr Fisch- oder Krill\u00f6l gegen Testa Omega-3-Algen\u00f6l. Gut f\u00fcr dich, aber auch f\u00fcr das Meer. Stellenangebote anzeigen.\" \/>\n<meta property=\"og:url\" content=\"https:\/\/testa-omega3.com\/de\/stellenangebote-testa-omega3\/\" \/>\n<meta property=\"og:site_name\" content=\"Testa\" \/>\n<meta property=\"article:publisher\" content=\"https:\/\/www.facebook.com\/TestaOmega3\/\" \/>\n<meta property=\"article:modified_time\" content=\"2020-12-17T16:16:40+00:00\" \/>\n<meta name=\"twitter:card\" content=\"summary_large_image\" \/>\n<meta name=\"twitter:site\" content=\"@testaomega3\" \/>\n<script type=\"application\/ld+json\" class=\"yoast-schema-graph\">{\"@context\":\"https:\/\/schema.org\",\"@graph\":[{\"@type\":\"WebPage\",\"@id\":\"https:\/\/testa-omega3.com\/de\/stellenangebote-testa-omega3\/\",\"url\":\"https:\/\/testa-omega3.com\/de\/stellenangebote-testa-omega3\/\",\"name\":\"Stellenangebote | Testa Omega-3 Algen\u00f6l\",\"isPartOf\":{\"@id\":\"https:\/\/testa-omega3.com\/de\/#website\"},\"datePublished\":\"2020-05-11T14:03:14+00:00\",\"dateModified\":\"2020-12-17T16:16:40+00:00\",\"description\":\"Tauschen Sie noch heute Ihr Fisch- oder Krill\u00f6l gegen Testa Omega-3-Algen\u00f6l. Gut f\u00fcr dich, aber auch f\u00fcr das Meer. Stellenangebote anzeigen.\",\"breadcrumb\":{\"@id\":\"https:\/\/testa-omega3.com\/de\/stellenangebote-testa-omega3\/#breadcrumb\"},\"inLanguage\":\"de\",\"potentialAction\":[{\"@type\":\"ReadAction\",\"target\":[\"https:\/\/testa-omega3.com\/de\/stellenangebote-testa-omega3\/\"]}]},{\"@type\":\"BreadcrumbList\",\"@id\":\"https:\/\/testa-omega3.com\/de\/stellenangebote-testa-omega3\/#breadcrumb\",\"itemListElement\":[{\"@type\":\"ListItem\",\"position\":1,\"name\":\"Home\",\"item\":\"https:\/\/testa-omega3.com\/de\/\"},{\"@type\":\"ListItem\",\"position\":2,\"name\":\"Stellenangebote Testa Omega-3\"}]},{\"@type\":\"WebSite\",\"@id\":\"https:\/\/testa-omega3.com\/de\/#website\",\"url\":\"https:\/\/testa-omega3.com\/de\/\",\"name\":\"Testa\",\"description\":\"Omega-3 Algenolie!\",\"publisher\":{\"@id\":\"https:\/\/testa-omega3.com\/de\/#organization\"},\"potentialAction\":[{\"@type\":\"SearchAction\",\"target\":{\"@type\":\"EntryPoint\",\"urlTemplate\":\"https:\/\/testa-omega3.com\/de\/?s={search_term_string}\"},\"query-input\":{\"@type\":\"PropertyValueSpecification\",\"valueRequired\":true,\"valueName\":\"search_term_string\"}}],\"inLanguage\":\"de\"},{\"@type\":\"Organization\",\"@id\":\"https:\/\/testa-omega3.com\/de\/#organization\",\"name\":\"Testa Omega-3\",\"url\":\"https:\/\/testa-omega3.com\/de\/\",\"logo\":{\"@type\":\"ImageObject\",\"inLanguage\":\"de\",\"@id\":\"https:\/\/testa-omega3.com\/de\/#\/schema\/logo\/image\/\",\"url\":\"https:\/\/testa-omega3.com\/wp-content\/uploads\/2021\/10\/testa-logo1.png\",\"contentUrl\":\"https:\/\/testa-omega3.com\/wp-content\/uploads\/2021\/10\/testa-logo1.png\",\"width\":121,\"height\":119,\"caption\":\"Testa Omega-3\"},\"image\":{\"@id\":\"https:\/\/testa-omega3.com\/de\/#\/schema\/logo\/image\/\"},\"sameAs\":[\"https:\/\/www.facebook.com\/TestaOmega3\/\",\"https:\/\/x.com\/testaomega3\",\"https:\/\/www.instagram.com\/testaomega3\/\",\"https:\/\/linkedin.com\/company\/testa-omega-3\"]}]}<\/script>\n<!-- \/ Yoast SEO plugin. -->","yoast_head_json":{"title":"Stellenangebote | Testa Omega-3 Algen\u00f6l","description":"Tauschen Sie noch heute Ihr Fisch- oder Krill\u00f6l gegen Testa Omega-3-Algen\u00f6l. Gut f\u00fcr dich, aber auch f\u00fcr das Meer. Stellenangebote anzeigen.","robots":{"index":"index","follow":"follow","max-snippet":"max-snippet:-1","max-image-preview":"max-image-preview:large","max-video-preview":"max-video-preview:-1"},"canonical":"https:\/\/testa-omega3.com\/de\/stellenangebote-testa-omega3\/","og_locale":"de_DE","og_type":"article","og_title":"Stellenangebote | Testa Omega-3 Algen\u00f6l","og_description":"Tauschen Sie noch heute Ihr Fisch- oder Krill\u00f6l gegen Testa Omega-3-Algen\u00f6l. Gut f\u00fcr dich, aber auch f\u00fcr das Meer. Stellenangebote anzeigen.","og_url":"https:\/\/testa-omega3.com\/de\/stellenangebote-testa-omega3\/","og_site_name":"Testa","article_publisher":"https:\/\/www.facebook.com\/TestaOmega3\/","article_modified_time":"2020-12-17T16:16:40+00:00","twitter_card":"summary_large_image","twitter_site":"@testaomega3","schema":{"@context":"https:\/\/schema.org","@graph":[{"@type":"WebPage","@id":"https:\/\/testa-omega3.com\/de\/stellenangebote-testa-omega3\/","url":"https:\/\/testa-omega3.com\/de\/stellenangebote-testa-omega3\/","name":"Stellenangebote | Testa Omega-3 Algen\u00f6l","isPartOf":{"@id":"https:\/\/testa-omega3.com\/de\/#website"},"datePublished":"2020-05-11T14:03:14+00:00","dateModified":"2020-12-17T16:16:40+00:00","description":"Tauschen Sie noch heute Ihr Fisch- oder Krill\u00f6l gegen Testa Omega-3-Algen\u00f6l. Gut f\u00fcr dich, aber auch f\u00fcr das Meer. Stellenangebote anzeigen.","breadcrumb":{"@id":"https:\/\/testa-omega3.com\/de\/stellenangebote-testa-omega3\/#breadcrumb"},"inLanguage":"de","potentialAction":[{"@type":"ReadAction","target":["https:\/\/testa-omega3.com\/de\/stellenangebote-testa-omega3\/"]}]},{"@type":"BreadcrumbList","@id":"https:\/\/testa-omega3.com\/de\/stellenangebote-testa-omega3\/#breadcrumb","itemListElement":[{"@type":"ListItem","position":1,"name":"Home","item":"https:\/\/testa-omega3.com\/de\/"},{"@type":"ListItem","position":2,"name":"Stellenangebote Testa Omega-3"}]},{"@type":"WebSite","@id":"https:\/\/testa-omega3.com\/de\/#website","url":"https:\/\/testa-omega3.com\/de\/","name":"Testa","description":"Omega-3 Algenolie!","publisher":{"@id":"https:\/\/testa-omega3.com\/de\/#organization"},"potentialAction":[{"@type":"SearchAction","target":{"@type":"EntryPoint","urlTemplate":"https:\/\/testa-omega3.com\/de\/?s={search_term_string}"},"query-input":{"@type":"PropertyValueSpecification","valueRequired":true,"valueName":"search_term_string"}}],"inLanguage":"de"},{"@type":"Organization","@id":"https:\/\/testa-omega3.com\/de\/#organization","name":"Testa Omega-3","url":"https:\/\/testa-omega3.com\/de\/","logo":{"@type":"ImageObject","inLanguage":"de","@id":"https:\/\/testa-omega3.com\/de\/#\/schema\/logo\/image\/","url":"https:\/\/testa-omega3.com\/wp-content\/uploads\/2021\/10\/testa-logo1.png","contentUrl":"https:\/\/testa-omega3.com\/wp-content\/uploads\/2021\/10\/testa-logo1.png","width":121,"height":119,"caption":"Testa Omega-3"},"image":{"@id":"https:\/\/testa-omega3.com\/de\/#\/schema\/logo\/image\/"},"sameAs":["https:\/\/www.facebook.com\/TestaOmega3\/","https:\/\/x.com\/testaomega3","https:\/\/www.instagram.com\/testaomega3\/","https:\/\/linkedin.com\/company\/testa-omega-3"]}]}},"_links":{"self":[{"href":"https:\/\/testa-omega3.com\/de\/wp-json\/wp\/v2\/pages\/2496","targetHints":{"allow":["GET"]}}],"collection":[{"href":"https:\/\/testa-omega3.com\/de\/wp-json\/wp\/v2\/pages"}],"about":[{"href":"https:\/\/testa-omega3.com\/de\/wp-json\/wp\/v2\/types\/page"}],"author":[{"embeddable":true,"href":"https:\/\/testa-omega3.com\/de\/wp-json\/wp\/v2\/users\/2"}],"replies":[{"embeddable":true,"href":"https:\/\/testa-omega3.com\/de\/wp-json\/wp\/v2\/comments?post=2496"}],"version-history":[{"count":0,"href":"https:\/\/testa-omega3.com\/de\/wp-json\/wp\/v2\/pages\/2496\/revisions"}],"wp:attachment":[{"href":"https:\/\/testa-omega3.com\/de\/wp-json\/wp\/v2\/media?parent=2496"}],"curies":[{"name":"wp","href":"https:\/\/api.w.org\/{rel}","templated":true}]}}