{"id":2504,"date":"2020-02-25T10:48:08","date_gmt":"2020-02-25T10:48:08","guid":{"rendered":"https:\/\/testa-omega3.com\/vraag-en-antwoord\/"},"modified":"2023-05-04T22:37:13","modified_gmt":"2023-05-04T20:37:13","slug":"haufig-gestellte-fragen","status":"publish","type":"page","link":"https:\/\/testa-omega3.com\/de\/haufig-gestellte-fragen\/","title":{"rendered":"Fragen?"},"content":{"rendered":"<div class=\"products-overview-module  \">\n\n\n    <div class=\"inner cf\">\n        <div class=\"filters-wrap\">\n            <div class=\"options-wrap\">\n                <h4>Keuzehulp<\/h4>\n                <div class=\"select-option\">\n                    <select>\n                        <option>Man of vrouw<\/option>\n                        <option>Man of vrouw<\/option>\n                        <option>Man of vrouw<\/option>\n                    <\/select>\n                <\/div>\n                <!--end of select-option-->\n\n                <div class=\"select-option\">\n                    <select>\n                        <option>Leeftijd<\/option>\n                        <option>Leeftijd<\/option>\n                        <option>Leeftijd<\/option>\n                    <\/select>\n                <\/div>\n                <!--end of select-option-->\n\n                <div class=\"select-option\">\n                    <select>\n                        <option>Hoe vaak eet je vis<\/option>\n                        <option>Hoe vaak eet je vis<\/option>\n                        <option>Hoe vaak eet je vis<\/option>\n                    <\/select>\n                <\/div>\n                <!--end of select-option-->\n            <\/div>\n            <!--end of options-wrap-->\n\n            <div class=\"options-wrap\">\n                <h5>Slik je gemakkelijk capsules?<\/h5>\n                <div class=\"select-option\">\n                    <select>\n                        <option>ja\/nee<\/option>\n                        <option>ja\/nee<\/option>\n                        <option>ja\/nee<\/option>\n                    <\/select>\n                <\/div>\n                <!--end of select-option-->\n            <\/div>\n            <!--end of options-wrap-->\n\n            <div class=\"options-wrap\">\n                <h5>Zwanger?<\/h5>\n                <div class=\"select-option\">\n                    <select>\n                        <option>Plannend<\/option>\n                        <option>Plannend<\/option>\n                        <option>Plannend<\/option>\n                    <\/select>\n                <\/div>\n                <!--end of select-option-->\n            <\/div>\n            <!--end of options-wrap-->\n        <\/div>\n        <!--end of filters-wrap-->\n        <div class=\"products-wrap\">\n\n                    <div class=\"product\">\r\n\r\n            <div class=\"text-wrap\">\r\n                <h6><a href=\"https:\/\/testa-omega3.com\/de\/produkt\/omega-3-algenoel-dha-epa\/\">DHA &#038; EPA Omega-3 Algen\u00f6l Kapseln<\/a><\/h6>\r\n\r\n                <p class=\"description\">Gut f\u00fcr Herz, Gehirn und Augen. Enth\u00e4lt 300 mg DHA und 150 mg EPA pro Kapsel.<\/p>\r\n                                \r\n                <div class=\"btn-wrap\">\r\n                                            <div class=\"price\">\r\n                            <span class=\"from\">F\u00fcr nur<\/span>\r\n                            <span class=\"number\">\u20ac10 p\/m<\/span>\r\n                        <\/div>\r\n                        <!--end of price-->\r\n\r\n                    \r\n\r\n                <\/div>\r\n\r\n            <\/div>\r\n            <!--end of text-wrap-->\r\n                            <div class=\"img-wrap\">\r\n                    <span class=\"spacer\">&nbsp;<\/span>\r\n                    <img decoding=\"async\" src=\"https:\/\/testa-omega3.com\/wp-content\/uploads\/2023\/05\/Testa-60st-DHA-EPA-plat-DE-4.png\" \/>\r\n                <\/div>\r\n                <!--end of img-wrap-->\r\n                        <div class=\"btn cta default-red\">\r\n                <a href=\"https:\/\/testa-omega3.com\/de\/produkt\/omega-3-algenoel-dha-epa\/\">Jetzt kaufen<\/a>\r\n            <\/div>\r\n            <!-- <a href=\"https:\/\/testa-omega3.com\/de\/produkt\/omega-3-algenoel-dha-epa\/\" class=\"full-link\"><\/a> -->\r\n        <\/div>\r\n        <!--end of product-->\r\n            <div class=\"product\">\r\n\r\n            <div class=\"text-wrap\">\r\n                <h6><a href=\"https:\/\/testa-omega3.com\/de\/produkt\/algenoel-omega-3-dha\/\">DHA Omega-3 Algen\u00f6l Kapseln<\/a><\/h6>\r\n\r\n                <p class=\"description\">Gut f\u00fcr Gehirn und Augen. Enth\u00e4lt 250 mg DHA pro Kapsel.<\/p>\r\n                                \r\n                <div class=\"btn-wrap\">\r\n                                            <div class=\"price\">\r\n                            <span class=\"from\">F\u00fcr nur<\/span>\r\n                            <span class=\"number\">\u20ac8 p\/m<\/span>\r\n                        <\/div>\r\n                        <!--end of price-->\r\n\r\n                    \r\n\r\n                <\/div>\r\n\r\n            <\/div>\r\n            <!--end of text-wrap-->\r\n                            <div class=\"img-wrap\">\r\n                    <span class=\"spacer\">&nbsp;<\/span>\r\n                    <img decoding=\"async\" src=\"https:\/\/testa-omega3.com\/wp-content\/uploads\/2023\/05\/Testa-60st-DHA-plat-EN-DE-NL-1.png\" \/>\r\n                <\/div>\r\n                <!--end of img-wrap-->\r\n                        <div class=\"btn cta default-red\">\r\n                <a href=\"https:\/\/testa-omega3.com\/de\/produkt\/algenoel-omega-3-dha\/\">Jetzt kaufen<\/a>\r\n            <\/div>\r\n            <!-- <a href=\"https:\/\/testa-omega3.com\/de\/produkt\/algenoel-omega-3-dha\/\" class=\"full-link\"><\/a> -->\r\n        <\/div>\r\n        <!--end of product-->\r\n            <div class=\"product\">\r\n\r\n            <div class=\"text-wrap\">\r\n                <h6><a href=\"https:\/\/testa-omega3.com\/de\/produkt\/veganes-krillol-dha-epa-omega-3\/\">Veganes Krill\u00f6l DHA &#038; EPA Omega-3<\/a><\/h6>\r\n\r\n                <p class=\"description\">Gut f\u00fcr Herz, Gehirn und Augen. Enth\u00e4lt 280 mg DHA, 160 mg EPA, 1500 mcg Astaxanthin und 230 mg Phospholipide pro Dosis.<\/p>\r\n                                \r\n                <div class=\"btn-wrap\">\r\n                                            <div class=\"price\">\r\n                            <span class=\"from\">F\u00fcr nur<\/span>\r\n                            <span class=\"number\">\u20ac20 p\/m<\/span>\r\n                        <\/div>\r\n                        <!--end of price-->\r\n\r\n                    \r\n\r\n                <\/div>\r\n\r\n            <\/div>\r\n            <!--end of text-wrap-->\r\n                            <div class=\"img-wrap\">\r\n                    <span class=\"spacer\">&nbsp;<\/span>\r\n                    <img decoding=\"async\" src=\"https:\/\/testa-omega3.com\/wp-content\/uploads\/2023\/05\/Testa-60st-Vrill-plat-DE-1.png\" \/>\r\n                <\/div>\r\n                <!--end of img-wrap-->\r\n                        <div class=\"btn cta default-red\">\r\n                <a href=\"https:\/\/testa-omega3.com\/de\/produkt\/veganes-krillol-dha-epa-omega-3\/\">Jetzt kaufen<\/a>\r\n            <\/div>\r\n            <!-- <a href=\"https:\/\/testa-omega3.com\/de\/produkt\/veganes-krillol-dha-epa-omega-3\/\" class=\"full-link\"><\/a> -->\r\n        <\/div>\r\n        <!--end of product-->\r\n    \n        <\/div>\n        <!--end of products-wrap-->\n    <\/div>\n    <!--end of inner-->\n<\/div>\n<!--end of products-overview-module-->\n\n\n\n<div class=\"reviews-block-module\">\n    <div class=\"inner cf\">\n        <div class=\"rating-wrap\">\n            <!-- trustedshops here -->\n            <!-- Begin eTrusted widget tag -->\n                        \n            <etrusted-widget data-etrusted-widget-id=\"wdg-69463aca-76db-4cff-ab55-3f3b1096e4db\"><\/etrusted-widget>\n            <!-- End eTrusted widget tag -->\n        <\/div><!--end of rating-wrap-->\n    <\/div><!--end of inner-->\n<\/div><!--end of content-module-->\n","protected":false},"excerpt":{"rendered":"","protected":false},"author":1,"featured_media":0,"parent":0,"menu_order":0,"comment_status":"closed","ping_status":"closed","template":"template-faq.php","meta":{"_acf_changed":false,"footnotes":""},"class_list":["post-2504","page","type-page","status-publish","hentry"],"acf":[],"yoast_head":"<!-- This site is optimized with the Yoast SEO plugin v26.0 - https:\/\/yoast.com\/wordpress\/plugins\/seo\/ -->\n<title>FAQ: H\u00e4ufig gestellte Fragen | Testa Omega-3 Algen\u00f6l<\/title>\n<meta name=\"description\" content=\"H\u00e4ufig gestellte Fragen zu Testa Omega-3, unseren Produkten, und Fisch\u00f6l gegen Algen\u00f6l omega-3\" \/>\n<meta name=\"robots\" content=\"index, follow, max-snippet:-1, max-image-preview:large, max-video-preview:-1\" \/>\n<link rel=\"canonical\" href=\"https:\/\/testa-omega3.com\/de\/haufig-gestellte-fragen\/\" \/>\n<meta property=\"og:locale\" content=\"de_DE\" \/>\n<meta property=\"og:type\" content=\"article\" \/>\n<meta property=\"og:title\" content=\"FAQ: H\u00e4ufig gestellte Fragen | Testa Omega-3 Algen\u00f6l\" \/>\n<meta property=\"og:description\" content=\"H\u00e4ufig gestellte Fragen zu Testa Omega-3, unseren Produkten, und Fisch\u00f6l gegen Algen\u00f6l omega-3\" \/>\n<meta property=\"og:url\" content=\"https:\/\/testa-omega3.com\/de\/haufig-gestellte-fragen\/\" \/>\n<meta property=\"og:site_name\" content=\"Testa\" \/>\n<meta property=\"article:publisher\" content=\"https:\/\/www.facebook.com\/TestaOmega3\/\" \/>\n<meta property=\"article:modified_time\" content=\"2023-05-04T20:37:13+00:00\" \/>\n<meta name=\"twitter:card\" content=\"summary_large_image\" \/>\n<meta name=\"twitter:site\" content=\"@testaomega3\" \/>\n<script type=\"application\/ld+json\" class=\"yoast-schema-graph\">{\"@context\":\"https:\/\/schema.org\",\"@graph\":[{\"@type\":\"WebPage\",\"@id\":\"https:\/\/testa-omega3.com\/de\/haufig-gestellte-fragen\/\",\"url\":\"https:\/\/testa-omega3.com\/de\/haufig-gestellte-fragen\/\",\"name\":\"FAQ: H\u00e4ufig gestellte Fragen | Testa Omega-3 Algen\u00f6l\",\"isPartOf\":{\"@id\":\"https:\/\/testa-omega3.com\/de\/#website\"},\"datePublished\":\"2020-02-25T10:48:08+00:00\",\"dateModified\":\"2023-05-04T20:37:13+00:00\",\"description\":\"H\u00e4ufig gestellte Fragen zu Testa Omega-3, unseren Produkten, und Fisch\u00f6l gegen Algen\u00f6l omega-3\",\"breadcrumb\":{\"@id\":\"https:\/\/testa-omega3.com\/de\/haufig-gestellte-fragen\/#breadcrumb\"},\"inLanguage\":\"de\",\"potentialAction\":[{\"@type\":\"ReadAction\",\"target\":[\"https:\/\/testa-omega3.com\/de\/haufig-gestellte-fragen\/\"]}]},{\"@type\":\"BreadcrumbList\",\"@id\":\"https:\/\/testa-omega3.com\/de\/haufig-gestellte-fragen\/#breadcrumb\",\"itemListElement\":[{\"@type\":\"ListItem\",\"position\":1,\"name\":\"Home\",\"item\":\"https:\/\/testa-omega3.com\/de\/\"},{\"@type\":\"ListItem\",\"position\":2,\"name\":\"Fragen?\"}]},{\"@type\":\"WebSite\",\"@id\":\"https:\/\/testa-omega3.com\/de\/#website\",\"url\":\"https:\/\/testa-omega3.com\/de\/\",\"name\":\"Testa\",\"description\":\"Omega-3 Algenolie!\",\"publisher\":{\"@id\":\"https:\/\/testa-omega3.com\/de\/#organization\"},\"potentialAction\":[{\"@type\":\"SearchAction\",\"target\":{\"@type\":\"EntryPoint\",\"urlTemplate\":\"https:\/\/testa-omega3.com\/de\/?s={search_term_string}\"},\"query-input\":{\"@type\":\"PropertyValueSpecification\",\"valueRequired\":true,\"valueName\":\"search_term_string\"}}],\"inLanguage\":\"de\"},{\"@type\":\"Organization\",\"@id\":\"https:\/\/testa-omega3.com\/de\/#organization\",\"name\":\"Testa Omega-3\",\"url\":\"https:\/\/testa-omega3.com\/de\/\",\"logo\":{\"@type\":\"ImageObject\",\"inLanguage\":\"de\",\"@id\":\"https:\/\/testa-omega3.com\/de\/#\/schema\/logo\/image\/\",\"url\":\"https:\/\/testa-omega3.com\/wp-content\/uploads\/2021\/10\/testa-logo1.png\",\"contentUrl\":\"https:\/\/testa-omega3.com\/wp-content\/uploads\/2021\/10\/testa-logo1.png\",\"width\":121,\"height\":119,\"caption\":\"Testa Omega-3\"},\"image\":{\"@id\":\"https:\/\/testa-omega3.com\/de\/#\/schema\/logo\/image\/\"},\"sameAs\":[\"https:\/\/www.facebook.com\/TestaOmega3\/\",\"https:\/\/x.com\/testaomega3\",\"https:\/\/www.instagram.com\/testaomega3\/\",\"https:\/\/linkedin.com\/company\/testa-omega-3\"]}]}<\/script>\n<!-- \/ Yoast SEO plugin. -->","yoast_head_json":{"title":"FAQ: H\u00e4ufig gestellte Fragen | Testa Omega-3 Algen\u00f6l","description":"H\u00e4ufig gestellte Fragen zu Testa Omega-3, unseren Produkten, und Fisch\u00f6l gegen Algen\u00f6l omega-3","robots":{"index":"index","follow":"follow","max-snippet":"max-snippet:-1","max-image-preview":"max-image-preview:large","max-video-preview":"max-video-preview:-1"},"canonical":"https:\/\/testa-omega3.com\/de\/haufig-gestellte-fragen\/","og_locale":"de_DE","og_type":"article","og_title":"FAQ: H\u00e4ufig gestellte Fragen | Testa Omega-3 Algen\u00f6l","og_description":"H\u00e4ufig gestellte Fragen zu Testa Omega-3, unseren Produkten, und Fisch\u00f6l gegen Algen\u00f6l omega-3","og_url":"https:\/\/testa-omega3.com\/de\/haufig-gestellte-fragen\/","og_site_name":"Testa","article_publisher":"https:\/\/www.facebook.com\/TestaOmega3\/","article_modified_time":"2023-05-04T20:37:13+00:00","twitter_card":"summary_large_image","twitter_site":"@testaomega3","schema":{"@context":"https:\/\/schema.org","@graph":[{"@type":"WebPage","@id":"https:\/\/testa-omega3.com\/de\/haufig-gestellte-fragen\/","url":"https:\/\/testa-omega3.com\/de\/haufig-gestellte-fragen\/","name":"FAQ: H\u00e4ufig gestellte Fragen | Testa Omega-3 Algen\u00f6l","isPartOf":{"@id":"https:\/\/testa-omega3.com\/de\/#website"},"datePublished":"2020-02-25T10:48:08+00:00","dateModified":"2023-05-04T20:37:13+00:00","description":"H\u00e4ufig gestellte Fragen zu Testa Omega-3, unseren Produkten, und Fisch\u00f6l gegen Algen\u00f6l omega-3","breadcrumb":{"@id":"https:\/\/testa-omega3.com\/de\/haufig-gestellte-fragen\/#breadcrumb"},"inLanguage":"de","potentialAction":[{"@type":"ReadAction","target":["https:\/\/testa-omega3.com\/de\/haufig-gestellte-fragen\/"]}]},{"@type":"BreadcrumbList","@id":"https:\/\/testa-omega3.com\/de\/haufig-gestellte-fragen\/#breadcrumb","itemListElement":[{"@type":"ListItem","position":1,"name":"Home","item":"https:\/\/testa-omega3.com\/de\/"},{"@type":"ListItem","position":2,"name":"Fragen?"}]},{"@type":"WebSite","@id":"https:\/\/testa-omega3.com\/de\/#website","url":"https:\/\/testa-omega3.com\/de\/","name":"Testa","description":"Omega-3 Algenolie!","publisher":{"@id":"https:\/\/testa-omega3.com\/de\/#organization"},"potentialAction":[{"@type":"SearchAction","target":{"@type":"EntryPoint","urlTemplate":"https:\/\/testa-omega3.com\/de\/?s={search_term_string}"},"query-input":{"@type":"PropertyValueSpecification","valueRequired":true,"valueName":"search_term_string"}}],"inLanguage":"de"},{"@type":"Organization","@id":"https:\/\/testa-omega3.com\/de\/#organization","name":"Testa Omega-3","url":"https:\/\/testa-omega3.com\/de\/","logo":{"@type":"ImageObject","inLanguage":"de","@id":"https:\/\/testa-omega3.com\/de\/#\/schema\/logo\/image\/","url":"https:\/\/testa-omega3.com\/wp-content\/uploads\/2021\/10\/testa-logo1.png","contentUrl":"https:\/\/testa-omega3.com\/wp-content\/uploads\/2021\/10\/testa-logo1.png","width":121,"height":119,"caption":"Testa Omega-3"},"image":{"@id":"https:\/\/testa-omega3.com\/de\/#\/schema\/logo\/image\/"},"sameAs":["https:\/\/www.facebook.com\/TestaOmega3\/","https:\/\/x.com\/testaomega3","https:\/\/www.instagram.com\/testaomega3\/","https:\/\/linkedin.com\/company\/testa-omega-3"]}]}},"_links":{"self":[{"href":"https:\/\/testa-omega3.com\/de\/wp-json\/wp\/v2\/pages\/2504","targetHints":{"allow":["GET"]}}],"collection":[{"href":"https:\/\/testa-omega3.com\/de\/wp-json\/wp\/v2\/pages"}],"about":[{"href":"https:\/\/testa-omega3.com\/de\/wp-json\/wp\/v2\/types\/page"}],"author":[{"embeddable":true,"href":"https:\/\/testa-omega3.com\/de\/wp-json\/wp\/v2\/users\/1"}],"replies":[{"embeddable":true,"href":"https:\/\/testa-omega3.com\/de\/wp-json\/wp\/v2\/comments?post=2504"}],"version-history":[{"count":0,"href":"https:\/\/testa-omega3.com\/de\/wp-json\/wp\/v2\/pages\/2504\/revisions"}],"wp:attachment":[{"href":"https:\/\/testa-omega3.com\/de\/wp-json\/wp\/v2\/media?parent=2504"}],"curies":[{"name":"wp","href":"https:\/\/api.w.org\/{rel}","templated":true}]}}