{"id":4146,"date":"2020-05-24T19:17:24","date_gmt":"2020-05-24T19:17:24","guid":{"rendered":"https:\/\/testa-omega3.com\/?page_id=4146"},"modified":"2022-09-29T17:09:22","modified_gmt":"2022-09-29T15:09:22","slug":"impressum","status":"publish","type":"page","link":"https:\/\/testa-omega3.com\/de\/impressum\/","title":{"rendered":"Impressum"},"content":{"rendered":"\t\t<div class=\"content-module intro\">\n\t\t\t<div class=\"inner cf\">\n\t\t\t\t<div class=\"column\">\n\t\t\t\t\t<h1><b>Impressum Testa Omega-3<\/b><\/h1>\n<h3>Wellness Innovations B.V. (Testa Omega 3)<\/h3>\n<p>Palmpolstraat 48<br \/>\n1327 CH Almere<br \/>\nDie Niederlande<br \/>\n<strong>Telefon<\/strong>: (+49) 030 &#8211; 800 939 62 (DE &amp; ENG)<br \/>\n<strong>Mail<\/strong>: service@testa-omega3.com (DE &amp; ENG)<\/p>\n<p><strong>Gesch\u00e4ftsf\u00fchrer<\/strong>: Wilhelmus Cornelis Johannes Marie Evers<\/p>\n<p><strong>Handelsregister<\/strong>: Kamer van Koophandel, 59889861<\/p>\n<p><strong>Umsatzsteuer-Identifikationsnummer<\/strong>: DE308433863<\/p>\n<p>Die Europ\u00e4ische Kommission stellt eine Plattform zur Online-Streitbeilegung (OS) bereit, die Sie hier finden\u00c2\u00a0<a href=\"https:\/\/ec.europa.eu\/consumers\/odr\/\" target=\"_blank\" rel=\"noopener\">https:\/\/ec.europa.eu\/consumers\/odr\/<\/a>. Verbraucher haben die M\u00f6glichkeit, diese Plattform f\u00fcr die Beilegung ihrer Streitigkeiten zu nutzen.<\/p>\n<p>Zur Beilegung von Streitigkeiten aus einem Vertragsverh\u00e4ltnis mit einem Verbraucher bzw. dar\u00fcber, ob ein solches Vertragsverh\u00e4ltnis \u00fcberhaupt besteht, sind wir zur Teilnahme an Streitbeilegungsverfahren vor einer Verbraucherschlichtungsstelle verpflichtet. Zust\u00e4ndig ist die Allgemeine Verbraucherschlichtungsstelle des Zentrums f\u00fcr Schlichtung e.V., Stra\u00dfburger Stra\u00dfe 8, 77694 Kehl am Rhein,\u00c2\u00a0<a href=\"http:\/\/www.verbraucher-schlichter.de\/\" target=\"_blank\" rel=\"noopener\">www.verbraucher-schlichter.de<\/a>. An einem Streitbeilegungsverfahren vor dieser Stelle werden wir teilnehmen.<\/p>\n<p><em><a title=\"Impressum\" href=\"https:\/\/shop.trustedshops.com\/de\/rechtstexte\/\" target=\"_blank\" rel=\"noopener\">Impressum<\/a>\u00c2\u00a0erstellt mit dem\u00c2\u00a0<a title=\"Trusted Shops\" href=\"https:\/\/shop.trustedshops.com\/de\/\" target=\"_blank\" rel=\"noopener\">Trusted Shops<\/a>\u00c2\u00a0Rechtstexter in Kooperation mit\u00c2\u00a0<a title=\"Wilde Beuger Solmecke Rechtsanw\u00e4lte\" href=\"https:\/\/www.wbs-law.de\/\" target=\"_blank\" rel=\"nofollow noopener\">Wilde Beuger Solmecke Rechtsanw\u00e4lte<\/a>.<\/em><\/p>\n\t\t\t\t<\/div><!--end of column-->\n\t\t\t<\/div><!--end of inner-->\n\t\t<\/div><!--end of content-module-->\n\n\n\t\t<div class=\"content-module intro\">\n\t\t\t<div class=\"inner cf\">\n\t\t\t\t<div class=\"column\">\n\t\t\t\t\t\t\t\t\t<\/div><!--end of column-->\n\t\t\t<\/div><!--end of inner-->\n\t\t<\/div><!--end of content-module-->\n","protected":false},"excerpt":{"rendered":"","protected":false},"author":2,"featured_media":0,"parent":0,"menu_order":0,"comment_status":"closed","ping_status":"closed","template":"template-poststyle.php","meta":{"_acf_changed":false,"footnotes":""},"class_list":["post-4146","page","type-page","status-publish","hentry"],"acf":[],"yoast_head":"<!-- This site is optimized with the Yoast SEO plugin v26.0 - https:\/\/yoast.com\/wordpress\/plugins\/seo\/ -->\n<title>Impressum Testa Omega-3 Algen\u00f6l | Testa<\/title>\n<meta name=\"description\" content=\"Der Schutz Ihrer Privatsph\u00e4re ist f\u00fcr uns sehr wichtig. Nachstehend informieren wir Sie ausf\u00fchrlich \u00fcber den Umgang mit Ihren Daten.\" \/>\n<meta name=\"robots\" content=\"index, follow, max-snippet:-1, max-image-preview:large, max-video-preview:-1\" \/>\n<link rel=\"canonical\" href=\"https:\/\/testa-omega3.com\/de\/impressum\/\" \/>\n<meta property=\"og:locale\" content=\"de_DE\" \/>\n<meta property=\"og:type\" content=\"article\" \/>\n<meta property=\"og:title\" content=\"Impressum Testa Omega-3 Algen\u00f6l | Testa\" \/>\n<meta property=\"og:description\" content=\"Der Schutz Ihrer Privatsph\u00e4re ist f\u00fcr uns sehr wichtig. Nachstehend informieren wir Sie ausf\u00fchrlich \u00fcber den Umgang mit Ihren Daten.\" \/>\n<meta property=\"og:url\" content=\"https:\/\/testa-omega3.com\/de\/impressum\/\" \/>\n<meta property=\"og:site_name\" content=\"Testa\" \/>\n<meta property=\"article:publisher\" content=\"https:\/\/www.facebook.com\/TestaOmega3\/\" \/>\n<meta property=\"article:modified_time\" content=\"2022-09-29T15:09:22+00:00\" \/>\n<meta name=\"twitter:card\" content=\"summary_large_image\" \/>\n<meta name=\"twitter:site\" content=\"@testaomega3\" \/>\n<script type=\"application\/ld+json\" class=\"yoast-schema-graph\">{\"@context\":\"https:\/\/schema.org\",\"@graph\":[{\"@type\":\"WebPage\",\"@id\":\"https:\/\/testa-omega3.com\/de\/impressum\/\",\"url\":\"https:\/\/testa-omega3.com\/de\/impressum\/\",\"name\":\"Impressum Testa Omega-3 Algen\u00f6l | Testa\",\"isPartOf\":{\"@id\":\"https:\/\/testa-omega3.com\/de\/#website\"},\"datePublished\":\"2020-05-24T19:17:24+00:00\",\"dateModified\":\"2022-09-29T15:09:22+00:00\",\"description\":\"Der Schutz Ihrer Privatsph\u00e4re ist f\u00fcr uns sehr wichtig. Nachstehend informieren wir Sie ausf\u00fchrlich \u00fcber den Umgang mit Ihren Daten.\",\"breadcrumb\":{\"@id\":\"https:\/\/testa-omega3.com\/de\/impressum\/#breadcrumb\"},\"inLanguage\":\"de\",\"potentialAction\":[{\"@type\":\"ReadAction\",\"target\":[\"https:\/\/testa-omega3.com\/de\/impressum\/\"]}]},{\"@type\":\"BreadcrumbList\",\"@id\":\"https:\/\/testa-omega3.com\/de\/impressum\/#breadcrumb\",\"itemListElement\":[{\"@type\":\"ListItem\",\"position\":1,\"name\":\"Home\",\"item\":\"https:\/\/testa-omega3.com\/de\/\"},{\"@type\":\"ListItem\",\"position\":2,\"name\":\"Impressum\"}]},{\"@type\":\"WebSite\",\"@id\":\"https:\/\/testa-omega3.com\/de\/#website\",\"url\":\"https:\/\/testa-omega3.com\/de\/\",\"name\":\"Testa\",\"description\":\"Omega-3 Algenolie!\",\"publisher\":{\"@id\":\"https:\/\/testa-omega3.com\/de\/#organization\"},\"potentialAction\":[{\"@type\":\"SearchAction\",\"target\":{\"@type\":\"EntryPoint\",\"urlTemplate\":\"https:\/\/testa-omega3.com\/de\/?s={search_term_string}\"},\"query-input\":{\"@type\":\"PropertyValueSpecification\",\"valueRequired\":true,\"valueName\":\"search_term_string\"}}],\"inLanguage\":\"de\"},{\"@type\":\"Organization\",\"@id\":\"https:\/\/testa-omega3.com\/de\/#organization\",\"name\":\"Testa Omega-3\",\"url\":\"https:\/\/testa-omega3.com\/de\/\",\"logo\":{\"@type\":\"ImageObject\",\"inLanguage\":\"de\",\"@id\":\"https:\/\/testa-omega3.com\/de\/#\/schema\/logo\/image\/\",\"url\":\"https:\/\/testa-omega3.com\/wp-content\/uploads\/2021\/10\/testa-logo1.png\",\"contentUrl\":\"https:\/\/testa-omega3.com\/wp-content\/uploads\/2021\/10\/testa-logo1.png\",\"width\":121,\"height\":119,\"caption\":\"Testa Omega-3\"},\"image\":{\"@id\":\"https:\/\/testa-omega3.com\/de\/#\/schema\/logo\/image\/\"},\"sameAs\":[\"https:\/\/www.facebook.com\/TestaOmega3\/\",\"https:\/\/x.com\/testaomega3\",\"https:\/\/www.instagram.com\/testaomega3\/\",\"https:\/\/linkedin.com\/company\/testa-omega-3\"]}]}<\/script>\n<!-- \/ Yoast SEO plugin. -->","yoast_head_json":{"title":"Impressum Testa Omega-3 Algen\u00f6l | Testa","description":"Der Schutz Ihrer Privatsph\u00e4re ist f\u00fcr uns sehr wichtig. Nachstehend informieren wir Sie ausf\u00fchrlich \u00fcber den Umgang mit Ihren Daten.","robots":{"index":"index","follow":"follow","max-snippet":"max-snippet:-1","max-image-preview":"max-image-preview:large","max-video-preview":"max-video-preview:-1"},"canonical":"https:\/\/testa-omega3.com\/de\/impressum\/","og_locale":"de_DE","og_type":"article","og_title":"Impressum Testa Omega-3 Algen\u00f6l | Testa","og_description":"Der Schutz Ihrer Privatsph\u00e4re ist f\u00fcr uns sehr wichtig. Nachstehend informieren wir Sie ausf\u00fchrlich \u00fcber den Umgang mit Ihren Daten.","og_url":"https:\/\/testa-omega3.com\/de\/impressum\/","og_site_name":"Testa","article_publisher":"https:\/\/www.facebook.com\/TestaOmega3\/","article_modified_time":"2022-09-29T15:09:22+00:00","twitter_card":"summary_large_image","twitter_site":"@testaomega3","schema":{"@context":"https:\/\/schema.org","@graph":[{"@type":"WebPage","@id":"https:\/\/testa-omega3.com\/de\/impressum\/","url":"https:\/\/testa-omega3.com\/de\/impressum\/","name":"Impressum Testa Omega-3 Algen\u00f6l | Testa","isPartOf":{"@id":"https:\/\/testa-omega3.com\/de\/#website"},"datePublished":"2020-05-24T19:17:24+00:00","dateModified":"2022-09-29T15:09:22+00:00","description":"Der Schutz Ihrer Privatsph\u00e4re ist f\u00fcr uns sehr wichtig. Nachstehend informieren wir Sie ausf\u00fchrlich \u00fcber den Umgang mit Ihren Daten.","breadcrumb":{"@id":"https:\/\/testa-omega3.com\/de\/impressum\/#breadcrumb"},"inLanguage":"de","potentialAction":[{"@type":"ReadAction","target":["https:\/\/testa-omega3.com\/de\/impressum\/"]}]},{"@type":"BreadcrumbList","@id":"https:\/\/testa-omega3.com\/de\/impressum\/#breadcrumb","itemListElement":[{"@type":"ListItem","position":1,"name":"Home","item":"https:\/\/testa-omega3.com\/de\/"},{"@type":"ListItem","position":2,"name":"Impressum"}]},{"@type":"WebSite","@id":"https:\/\/testa-omega3.com\/de\/#website","url":"https:\/\/testa-omega3.com\/de\/","name":"Testa","description":"Omega-3 Algenolie!","publisher":{"@id":"https:\/\/testa-omega3.com\/de\/#organization"},"potentialAction":[{"@type":"SearchAction","target":{"@type":"EntryPoint","urlTemplate":"https:\/\/testa-omega3.com\/de\/?s={search_term_string}"},"query-input":{"@type":"PropertyValueSpecification","valueRequired":true,"valueName":"search_term_string"}}],"inLanguage":"de"},{"@type":"Organization","@id":"https:\/\/testa-omega3.com\/de\/#organization","name":"Testa Omega-3","url":"https:\/\/testa-omega3.com\/de\/","logo":{"@type":"ImageObject","inLanguage":"de","@id":"https:\/\/testa-omega3.com\/de\/#\/schema\/logo\/image\/","url":"https:\/\/testa-omega3.com\/wp-content\/uploads\/2021\/10\/testa-logo1.png","contentUrl":"https:\/\/testa-omega3.com\/wp-content\/uploads\/2021\/10\/testa-logo1.png","width":121,"height":119,"caption":"Testa Omega-3"},"image":{"@id":"https:\/\/testa-omega3.com\/de\/#\/schema\/logo\/image\/"},"sameAs":["https:\/\/www.facebook.com\/TestaOmega3\/","https:\/\/x.com\/testaomega3","https:\/\/www.instagram.com\/testaomega3\/","https:\/\/linkedin.com\/company\/testa-omega-3"]}]}},"_links":{"self":[{"href":"https:\/\/testa-omega3.com\/de\/wp-json\/wp\/v2\/pages\/4146","targetHints":{"allow":["GET"]}}],"collection":[{"href":"https:\/\/testa-omega3.com\/de\/wp-json\/wp\/v2\/pages"}],"about":[{"href":"https:\/\/testa-omega3.com\/de\/wp-json\/wp\/v2\/types\/page"}],"author":[{"embeddable":true,"href":"https:\/\/testa-omega3.com\/de\/wp-json\/wp\/v2\/users\/2"}],"replies":[{"embeddable":true,"href":"https:\/\/testa-omega3.com\/de\/wp-json\/wp\/v2\/comments?post=4146"}],"version-history":[{"count":0,"href":"https:\/\/testa-omega3.com\/de\/wp-json\/wp\/v2\/pages\/4146\/revisions"}],"wp:attachment":[{"href":"https:\/\/testa-omega3.com\/de\/wp-json\/wp\/v2\/media?parent=4146"}],"curies":[{"name":"wp","href":"https:\/\/api.w.org\/{rel}","templated":true}]}}