{"id":49133,"date":"2022-01-25T18:29:20","date_gmt":"2022-01-25T17:29:20","guid":{"rendered":"https:\/\/testa-omega3.com\/omega-3-news\/"},"modified":"2023-01-19T15:22:50","modified_gmt":"2023-01-19T14:22:50","slug":"omega-3-news","status":"publish","type":"page","link":"https:\/\/testa-omega3.com\/de\/omega-3-news\/","title":{"rendered":"Nachrichten"},"content":{"rendered":"\t\t<div class=\"content-module intro\">\n\t\t\t<div class=\"inner cf\">\n\t\t\t\t<div class=\"column\">\n\t\t\t\t\t<p>&nbsp;<\/p>\n<h2>Nachrichten<\/h2>\n\t\t\t\t<\/div><!--end of column-->\n\t\t\t<\/div><!--end of inner-->\n\t\t<\/div><!--end of content-module-->\n\n\n\t\t<div class=\"content-module white \" style=\"\">\r\n\t\t\t<div class=\"inner cf\">\r\n\t\t\t\t<div class=\"column\">\r\n\t\t\t\t\t<h2><\/h2>\n<h3>Aktuelle Ver\u00f6ffentlichungen \u00fcber Wellness Innovations und Testa Omega-3:<\/h3>\n<h3><\/h3>\n<ul>\n<li><a href=\"https:\/\/biomarketinsights.com\/wellness-innovations-bv-secures-e1-2-million-for-fish-free-portfolio-growth\/\" target=\"_blank\" rel=\"noopener\">Biomarketinsights.com &#8211; Wellness Innovations bv secures 1.2 million for fish free portfolio growth<\/a><\/li>\n<li><a href=\"https:\/\/www.greenqueen.com.hk\/wellness-innovations-algae-oil-investment\/\" target=\"_blank\" rel=\"noopener\">Greenqueen.com.hk &#8211; Wellness Innovations algae oil investment<\/a><\/li>\n<li><a href=\"https:\/\/www.nutraingredients.com\/Article\/2022\/01\/20\/Wellness-Innovations-raises-1.2m-for-Omega-3-algae-oil\" target=\"_blank\" rel=\"noopener\">Nutraingredients.com &#8211; Wellness Innovations raises 1.2m for Omega 3 algae oil<\/a><\/li>\n<li><a href=\"https:\/\/www.duurzaam-beleggen.nl\/2021\/12\/17\/nederlandse-maker-van-algenolie-producten-haalt-12-miljoen-op-voor-visvrije-toekomst\/\" target=\"_blank\" rel=\"noopener\">Duurzaam-beleggen.nl &#8211; Nederlandse maker van algenolie producten haalt 1.2 miljoen op voor visvrije toekomst<\/a><\/li>\n<li><a href=\"https:\/\/www.duurzaam-ondernemen.nlhttps:\/\/www.gezondheidplus.nl\/omega-3-supplementen-gemaakt-van-algen\/\" target=\"_blank\" rel=\"noopener\">Duurzaam-ondernemen.nl &#8211; Omega-3 supplementen gemaakt van algen<\/a><\/li>\n<\/ul>\n\t\t\t\t<\/div><!--end of column-->\r\n\t\t\t<\/div><!--end of inner-->\r\n\t\t<\/div><!--end of content-module-->\t\r\n\n\n<div class=\"products-overview-module  has-no-bg  \">\n\n\n    <div class=\"inner cf\">\n        <div class=\"filters-wrap\">\n            <div class=\"options-wrap\">\n                <h4>Keuzehulp<\/h4>\n                <div class=\"select-option\">\n                    <select>\n                        <option>Man of vrouw<\/option>\n                        <option>Man of vrouw<\/option>\n                        <option>Man of vrouw<\/option>\n                    <\/select>\n                <\/div>\n                <!--end of select-option-->\n\n                <div class=\"select-option\">\n                    <select>\n                        <option>Leeftijd<\/option>\n                        <option>Leeftijd<\/option>\n                        <option>Leeftijd<\/option>\n                    <\/select>\n                <\/div>\n                <!--end of select-option-->\n\n                <div class=\"select-option\">\n                    <select>\n                        <option>Hoe vaak eet je vis<\/option>\n                        <option>Hoe vaak eet je vis<\/option>\n                        <option>Hoe vaak eet je vis<\/option>\n                    <\/select>\n                <\/div>\n                <!--end of select-option-->\n            <\/div>\n            <!--end of options-wrap-->\n\n            <div class=\"options-wrap\">\n                <h5>Slik je gemakkelijk capsules?<\/h5>\n                <div class=\"select-option\">\n                    <select>\n                        <option>ja\/nee<\/option>\n                        <option>ja\/nee<\/option>\n                        <option>ja\/nee<\/option>\n                    <\/select>\n                <\/div>\n                <!--end of select-option-->\n            <\/div>\n            <!--end of options-wrap-->\n\n            <div class=\"options-wrap\">\n                <h5>Zwanger?<\/h5>\n                <div class=\"select-option\">\n                    <select>\n                        <option>Plannend<\/option>\n                        <option>Plannend<\/option>\n                        <option>Plannend<\/option>\n                    <\/select>\n                <\/div>\n                <!--end of select-option-->\n            <\/div>\n            <!--end of options-wrap-->\n        <\/div>\n        <!--end of filters-wrap-->\n        <div class=\"products-wrap\">\n\n                    <div class=\"product\">\r\n\r\n            <div class=\"text-wrap\">\r\n                <h6><a href=\"https:\/\/testa-omega3.com\/de\/produkt\/omega-3-algenoel-dha-epa-disabled\/\">DHA &#038; EPA Omega-3 Algen\u00f6l<\/a><\/h6>\r\n\r\n                <p class=\"description\">F\u00fcr Ihre Gesundheit geeignet. H\u00f6chste Konzentration an DHA + EPA Fetts\u00e4uren (250 mg DHA + 125 mg EPA). Gut f\u00fcr Herz, Gehirn und Augen. <\/p>\r\n                                \r\n                <div class=\"btn-wrap\">\r\n                                            <div class=\"price\">\r\n                            <span class=\"from\">F\u00fcr nur<\/span>\r\n                            <span class=\"number\">\u20ac9 p\/m<\/span>\r\n                        <\/div>\r\n                        <!--end of price-->\r\n\r\n                    \r\n\r\n                <\/div>\r\n\r\n            <\/div>\r\n            <!--end of text-wrap-->\r\n                            <div class=\"img-wrap\">\r\n                    <span class=\"spacer\">&nbsp;<\/span>\r\n                    <img decoding=\"async\" src=\"https:\/\/testa-omega3.com\/wp-content\/uploads\/2022\/07\/Testa-DE-DHA-EPA-web-1080-kl.png\" \/>\r\n                <\/div>\r\n                <!--end of img-wrap-->\r\n                        <div class=\"btn cta default-red\">\r\n                <a href=\"https:\/\/testa-omega3.com\/de\/produkt\/omega-3-algenoel-dha-epa-disabled\/\">Jetzt kaufen<\/a>\r\n            <\/div>\r\n            <!-- <a href=\"https:\/\/testa-omega3.com\/de\/produkt\/omega-3-algenoel-dha-epa-disabled\/\" class=\"full-link\"><\/a> -->\r\n        <\/div>\r\n        <!--end of product-->\r\n            <div class=\"product\">\r\n\r\n            <div class=\"text-wrap\">\r\n                <h6><a href=\"https:\/\/testa-omega3.com\/de\/produkt\/veganes-krillol-dha-epa-omega-3-disabled\/\">Veganes Krill\u00f6l DHA &#038; EPA Omega-3<\/a><\/h6>\r\n\r\n                <p class=\"description\">F\u00fcr Ihre Gesundheit geeignet. H\u00f6chste Konzentration an DHA + EPA Fetts\u00e4uren (250 mg DHA + 125 mg EPA). Gut f\u00fcr Herz, Gehirn und Augen. <\/p>\r\n                                \r\n                <div class=\"btn-wrap\">\r\n                                            <div class=\"price\">\r\n                            <span class=\"from\">F\u00fcr nur<\/span>\r\n                            <span class=\"number\">\u20ac12 p\/m<\/span>\r\n                        <\/div>\r\n                        <!--end of price-->\r\n\r\n                    \r\n\r\n                <\/div>\r\n\r\n            <\/div>\r\n            <!--end of text-wrap-->\r\n                        <div class=\"btn cta default-red\">\r\n                <a href=\"https:\/\/testa-omega3.com\/de\/produkt\/veganes-krillol-dha-epa-omega-3-disabled\/\">Jetzt kaufen<\/a>\r\n            <\/div>\r\n            <!-- <a href=\"https:\/\/testa-omega3.com\/de\/produkt\/veganes-krillol-dha-epa-omega-3-disabled\/\" class=\"full-link\"><\/a> -->\r\n        <\/div>\r\n        <!--end of product-->\r\n    \n        <\/div>\n        <!--end of products-wrap-->\n    <\/div>\n    <!--end of inner-->\n<\/div>\n<!--end of products-overview-module-->\n\n\n\n<div class=\"reviews-block-module\">\n    <div class=\"inner cf\">\n        <div class=\"rating-wrap\">\n            <!-- trustedshops here -->\n            <!-- Begin eTrusted widget tag -->\n                        \n            <etrusted-widget data-etrusted-widget-id=\"wdg-69463aca-76db-4cff-ab55-3f3b1096e4db\"><\/etrusted-widget>\n            <!-- End eTrusted widget tag -->\n        <\/div><!--end of rating-wrap-->\n    <\/div><!--end of inner-->\n<\/div><!--end of content-module-->\n","protected":false},"excerpt":{"rendered":"","protected":false},"author":2,"featured_media":0,"parent":0,"menu_order":0,"comment_status":"closed","ping_status":"closed","template":"","meta":{"_acf_changed":false,"footnotes":""},"class_list":["post-49133","page","type-page","status-publish","hentry"],"acf":[],"yoast_head":"<!-- This site is optimized with the Yoast SEO plugin v27.5 - https:\/\/yoast.com\/product\/yoast-seo-wordpress\/ -->\n<title>Nachrichten &amp; Updates | Testa Omega-3-Algen\u00f6l Kapseln<\/title>\n<meta name=\"description\" content=\"Was sind die neuesten Ver\u00f6ffentlichungen \u00fcber Wellness Innovations und Testa Omega-3? Lesen Sie mehr.\" \/>\n<meta name=\"robots\" content=\"index, follow, max-snippet:-1, max-image-preview:large, max-video-preview:-1\" \/>\n<link rel=\"canonical\" href=\"https:\/\/testa-omega3.com\/de\/omega-3-news\/\" \/>\n<meta property=\"og:locale\" content=\"de_DE\" \/>\n<meta property=\"og:type\" content=\"article\" \/>\n<meta property=\"og:title\" content=\"Nachrichten &amp; Updates | Testa Omega-3-Algen\u00f6l Kapseln\" \/>\n<meta property=\"og:description\" content=\"Was sind die neuesten Ver\u00f6ffentlichungen \u00fcber Wellness Innovations und Testa Omega-3? Lesen Sie mehr.\" \/>\n<meta property=\"og:url\" content=\"https:\/\/testa-omega3.com\/de\/omega-3-news\/\" \/>\n<meta property=\"og:site_name\" content=\"Testa\" \/>\n<meta property=\"article:publisher\" content=\"https:\/\/www.facebook.com\/TestaOmega3\/\" \/>\n<meta property=\"article:modified_time\" content=\"2023-01-19T14:22:50+00:00\" \/>\n<meta name=\"twitter:card\" content=\"summary_large_image\" \/>\n<meta name=\"twitter:site\" content=\"@testaomega3\" \/>\n<script type=\"application\/ld+json\" class=\"yoast-schema-graph\">{\"@context\":\"https:\\\/\\\/schema.org\",\"@graph\":[{\"@type\":\"WebPage\",\"@id\":\"https:\\\/\\\/testa-omega3.com\\\/de\\\/omega-3-news\\\/\",\"url\":\"https:\\\/\\\/testa-omega3.com\\\/de\\\/omega-3-news\\\/\",\"name\":\"Nachrichten & Updates | Testa Omega-3-Algen\u00f6l Kapseln\",\"isPartOf\":{\"@id\":\"https:\\\/\\\/testa-omega3.com\\\/de\\\/#website\"},\"datePublished\":\"2022-01-25T17:29:20+00:00\",\"dateModified\":\"2023-01-19T14:22:50+00:00\",\"description\":\"Was sind die neuesten Ver\u00f6ffentlichungen \u00fcber Wellness Innovations und Testa Omega-3? Lesen Sie mehr.\",\"breadcrumb\":{\"@id\":\"https:\\\/\\\/testa-omega3.com\\\/de\\\/omega-3-news\\\/#breadcrumb\"},\"inLanguage\":\"de\",\"potentialAction\":[{\"@type\":\"ReadAction\",\"target\":[\"https:\\\/\\\/testa-omega3.com\\\/de\\\/omega-3-news\\\/\"]}]},{\"@type\":\"BreadcrumbList\",\"@id\":\"https:\\\/\\\/testa-omega3.com\\\/de\\\/omega-3-news\\\/#breadcrumb\",\"itemListElement\":[{\"@type\":\"ListItem\",\"position\":1,\"name\":\"Home\",\"item\":\"https:\\\/\\\/testa-omega3.com\\\/de\\\/\"},{\"@type\":\"ListItem\",\"position\":2,\"name\":\"Nachrichten\"}]},{\"@type\":\"WebSite\",\"@id\":\"https:\\\/\\\/testa-omega3.com\\\/de\\\/#website\",\"url\":\"https:\\\/\\\/testa-omega3.com\\\/de\\\/\",\"name\":\"Testa\",\"description\":\"Omega-3 Algenolie!\",\"publisher\":{\"@id\":\"https:\\\/\\\/testa-omega3.com\\\/de\\\/#organization\"},\"potentialAction\":[{\"@type\":\"SearchAction\",\"target\":{\"@type\":\"EntryPoint\",\"urlTemplate\":\"https:\\\/\\\/testa-omega3.com\\\/de\\\/?s={search_term_string}\"},\"query-input\":{\"@type\":\"PropertyValueSpecification\",\"valueRequired\":true,\"valueName\":\"search_term_string\"}}],\"inLanguage\":\"de\"},{\"@type\":\"Organization\",\"@id\":\"https:\\\/\\\/testa-omega3.com\\\/de\\\/#organization\",\"name\":\"Testa Omega-3\",\"url\":\"https:\\\/\\\/testa-omega3.com\\\/de\\\/\",\"logo\":{\"@type\":\"ImageObject\",\"inLanguage\":\"de\",\"@id\":\"https:\\\/\\\/testa-omega3.com\\\/de\\\/#\\\/schema\\\/logo\\\/image\\\/\",\"url\":\"https:\\\/\\\/testa-omega3.com\\\/wp-content\\\/uploads\\\/2021\\\/10\\\/testa-logo1.png\",\"contentUrl\":\"https:\\\/\\\/testa-omega3.com\\\/wp-content\\\/uploads\\\/2021\\\/10\\\/testa-logo1.png\",\"width\":121,\"height\":119,\"caption\":\"Testa Omega-3\"},\"image\":{\"@id\":\"https:\\\/\\\/testa-omega3.com\\\/de\\\/#\\\/schema\\\/logo\\\/image\\\/\"},\"sameAs\":[\"https:\\\/\\\/www.facebook.com\\\/TestaOmega3\\\/\",\"https:\\\/\\\/x.com\\\/testaomega3\",\"https:\\\/\\\/www.instagram.com\\\/testaomega3\\\/\",\"https:\\\/\\\/linkedin.com\\\/company\\\/testa-omega-3\"]}]}<\/script>\n<!-- \/ Yoast SEO plugin. -->","yoast_head_json":{"title":"Nachrichten & Updates | Testa Omega-3-Algen\u00f6l Kapseln","description":"Was sind die neuesten Ver\u00f6ffentlichungen \u00fcber Wellness Innovations und Testa Omega-3? Lesen Sie mehr.","robots":{"index":"index","follow":"follow","max-snippet":"max-snippet:-1","max-image-preview":"max-image-preview:large","max-video-preview":"max-video-preview:-1"},"canonical":"https:\/\/testa-omega3.com\/de\/omega-3-news\/","og_locale":"de_DE","og_type":"article","og_title":"Nachrichten & Updates | Testa Omega-3-Algen\u00f6l Kapseln","og_description":"Was sind die neuesten Ver\u00f6ffentlichungen \u00fcber Wellness Innovations und Testa Omega-3? Lesen Sie mehr.","og_url":"https:\/\/testa-omega3.com\/de\/omega-3-news\/","og_site_name":"Testa","article_publisher":"https:\/\/www.facebook.com\/TestaOmega3\/","article_modified_time":"2023-01-19T14:22:50+00:00","twitter_card":"summary_large_image","twitter_site":"@testaomega3","schema":{"@context":"https:\/\/schema.org","@graph":[{"@type":"WebPage","@id":"https:\/\/testa-omega3.com\/de\/omega-3-news\/","url":"https:\/\/testa-omega3.com\/de\/omega-3-news\/","name":"Nachrichten & Updates | Testa Omega-3-Algen\u00f6l Kapseln","isPartOf":{"@id":"https:\/\/testa-omega3.com\/de\/#website"},"datePublished":"2022-01-25T17:29:20+00:00","dateModified":"2023-01-19T14:22:50+00:00","description":"Was sind die neuesten Ver\u00f6ffentlichungen \u00fcber Wellness Innovations und Testa Omega-3? Lesen Sie mehr.","breadcrumb":{"@id":"https:\/\/testa-omega3.com\/de\/omega-3-news\/#breadcrumb"},"inLanguage":"de","potentialAction":[{"@type":"ReadAction","target":["https:\/\/testa-omega3.com\/de\/omega-3-news\/"]}]},{"@type":"BreadcrumbList","@id":"https:\/\/testa-omega3.com\/de\/omega-3-news\/#breadcrumb","itemListElement":[{"@type":"ListItem","position":1,"name":"Home","item":"https:\/\/testa-omega3.com\/de\/"},{"@type":"ListItem","position":2,"name":"Nachrichten"}]},{"@type":"WebSite","@id":"https:\/\/testa-omega3.com\/de\/#website","url":"https:\/\/testa-omega3.com\/de\/","name":"Testa","description":"Omega-3 Algenolie!","publisher":{"@id":"https:\/\/testa-omega3.com\/de\/#organization"},"potentialAction":[{"@type":"SearchAction","target":{"@type":"EntryPoint","urlTemplate":"https:\/\/testa-omega3.com\/de\/?s={search_term_string}"},"query-input":{"@type":"PropertyValueSpecification","valueRequired":true,"valueName":"search_term_string"}}],"inLanguage":"de"},{"@type":"Organization","@id":"https:\/\/testa-omega3.com\/de\/#organization","name":"Testa Omega-3","url":"https:\/\/testa-omega3.com\/de\/","logo":{"@type":"ImageObject","inLanguage":"de","@id":"https:\/\/testa-omega3.com\/de\/#\/schema\/logo\/image\/","url":"https:\/\/testa-omega3.com\/wp-content\/uploads\/2021\/10\/testa-logo1.png","contentUrl":"https:\/\/testa-omega3.com\/wp-content\/uploads\/2021\/10\/testa-logo1.png","width":121,"height":119,"caption":"Testa Omega-3"},"image":{"@id":"https:\/\/testa-omega3.com\/de\/#\/schema\/logo\/image\/"},"sameAs":["https:\/\/www.facebook.com\/TestaOmega3\/","https:\/\/x.com\/testaomega3","https:\/\/www.instagram.com\/testaomega3\/","https:\/\/linkedin.com\/company\/testa-omega-3"]}]}},"_links":{"self":[{"href":"https:\/\/testa-omega3.com\/de\/wp-json\/wp\/v2\/pages\/49133","targetHints":{"allow":["GET"]}}],"collection":[{"href":"https:\/\/testa-omega3.com\/de\/wp-json\/wp\/v2\/pages"}],"about":[{"href":"https:\/\/testa-omega3.com\/de\/wp-json\/wp\/v2\/types\/page"}],"author":[{"embeddable":true,"href":"https:\/\/testa-omega3.com\/de\/wp-json\/wp\/v2\/users\/2"}],"replies":[{"embeddable":true,"href":"https:\/\/testa-omega3.com\/de\/wp-json\/wp\/v2\/comments?post=49133"}],"version-history":[{"count":0,"href":"https:\/\/testa-omega3.com\/de\/wp-json\/wp\/v2\/pages\/49133\/revisions"}],"wp:attachment":[{"href":"https:\/\/testa-omega3.com\/de\/wp-json\/wp\/v2\/media?parent=49133"}],"curies":[{"name":"wp","href":"https:\/\/api.w.org\/{rel}","templated":true}]}}