{"id":60338,"date":"2022-06-28T11:24:45","date_gmt":"2022-06-28T09:24:45","guid":{"rendered":"https:\/\/testa-omega3.com\/?page_id=60338"},"modified":"2022-07-06T15:32:50","modified_gmt":"2022-07-06T13:32:50","slug":"omega3-herausforderung","status":"publish","type":"page","link":"https:\/\/testa-omega3.com\/de\/omega3-herausforderung\/","title":{"rendered":"omega3-herausforderung"},"content":{"rendered":"\t\t<div class=\"content-module image \" style=\"background-image:url(https:\/\/testa-omega3.com\/wp-content\/uploads\/2021\/10\/background-water.jpg);\">\r\n\t\t\t<div class=\"inner cf\">\r\n\t\t\t\t<div class=\"column\">\r\n\t\t\t\t\t<div class=\"challange-page-section-one\">\n<h2>Nehmen Sie an der Herausforderung teil<\/h2>\n<h1 class=\"sketch light\">Erh\u00f6hen Sie Ihren Omega-3-Index!<\/h1>\n<p><img loading=\"lazy\" decoding=\"async\" class=\"alignnone size-medium wp-image-59819\" src=\"https:\/\/testa-omega3.com\/wp-content\/uploads\/2022\/06\/happy-300x83.png\" alt=\"\" width=\"300\" height=\"83\" srcset=\"https:\/\/testa-omega3.com\/wp-content\/uploads\/2022\/06\/happy-300x83.png 300w, https:\/\/testa-omega3.com\/wp-content\/uploads\/2022\/06\/happy.png 578w\" sizes=\"auto, (max-width: 300px) 100vw, 300px\" \/><\/p>\n<p class=\"challange-page-section-one__text\">Haben Sie einen Omega-3-Index von unter 8%? Dann nehmen Sie die Herausforderung an und erh\u00f6hen Sie Ihre Omega-3-Werte so schnell wie m\u00f6glich mit unserem Algen\u00f6l. Jetzt k\u00f6nnen Sie dies zu einem besonders g\u00fcnstigen Preis mit unseren speziellen Testa Omega-3 Challenge Paketen tun!<\/p>\n<div class=\"btn default-red\"><a href=\"#Leistungspakete\">Die Angebote ansehen<\/a><\/div>\n<p class=\"challange-page-section-one__text-special\">Sonderangebot f\u00fcr Teilnehmer an<br \/>\nder Testa Omega-3 Challenge<\/p>\n<\/div>\n\t\t\t\t<\/div><!--end of column-->\r\n\t\t\t<\/div><!--end of inner-->\r\n\t\t<\/div><!--end of content-module-->\t\r\n\n\n\t\t<div class=\"content-module default no-spacing-btm no-spacing-top\" style=\"\">\r\n\t\t\t<div class=\"inner cf\">\r\n\t\t\t\t<div class=\"column\">\r\n\t\t\t\t\t<div class=\"challange-page-section-two\">\n<h2 style=\"text-align: center;\">Vorteilhaft f\u00fcr einen h\u00f6heren Omega-3-Index<\/h2>\n<h1 id=\"Leistungspakete\" class=\"sketch dark\" style=\"text-align: center;\">Siehe unsere Leistungspakete<\/h1>\n<p>Mit den Ergebnissen des Tests erfahren Sie im Folgenden, wie schnell und kosteng\u00fcnstig Sie Ihren Omega-3-Index erh\u00f6hen k\u00f6nnen. Pro Prozentpunkt erhalten Sie zwei Packungen veganes Testa Omega-3 DHA&amp;EPA mit je 60 Kapseln. Wir bieten diese mit einem zus\u00e4tzlichen Rabatt von 20 % an, einschlie\u00dflich eines zweiten Omega-3-Tests im Wert von 49,95 \u20ac, um festzustellen, ob Sie den gew\u00fcnschten Wert erreicht haben.<\/p>\n<hr class=\"challange-page-section-two__line\" \/>\n<div class=\"challange-page-section-two__items\">\n<div><img loading=\"lazy\" decoding=\"async\" class=\"alignnone size-medium wp-image-59864\" src=\"https:\/\/testa-omega3.com\/wp-content\/uploads\/2022\/06\/happy5-300x300.png\" alt=\"\" width=\"300\" height=\"300\" srcset=\"https:\/\/testa-omega3.com\/wp-content\/uploads\/2022\/06\/happy5.png 300w, https:\/\/testa-omega3.com\/wp-content\/uploads\/2022\/06\/happy5-150x150.png 150w, https:\/\/testa-omega3.com\/wp-content\/uploads\/2022\/06\/happy5-100x100.png 100w\" sizes=\"auto, (max-width: 300px) 100vw, 300px\" \/><\/div>\n<div>\n<h3>Mein aktueller Omega-3-Index liegt bei 7<\/h3>\n<p>Um von 7 auf 8 zu kommen, schlucken Sie einen Monat lang jeden Tag 4 Kapseln. Das bedeutet, dass es 2 Boxen gibt. Sie kaufen sie jetzt, <strong>auch den zweiten Test extra g\u00fcnstig f\u00fcr \u20ac76,64!<\/strong><\/p>\n<\/div>\n<div class=\"btn default-red\"><a href=\"https:\/\/testa-omega3.com\/de\/coupon_code\/?challenge-1mnd\/index7challenge&#038;utm_source=site&#038;medium=LP&#038;utm_campaign=challengeJuli22\">Bestellen Sie 2 Boxen mit Test ab \u20ac95,80 f\u00fcr \u20ac76,64<\/a><\/div>\n<\/div>\n<hr class=\"challange-page-section-two__line\" \/>\n<div class=\"challange-page-section-two__items\">\n<div><img loading=\"lazy\" decoding=\"async\" class=\"alignnone size-medium wp-image-59870\" src=\"https:\/\/testa-omega3.com\/wp-content\/uploads\/2022\/06\/happy4-300x300.png\" alt=\"\" width=\"300\" height=\"300\" srcset=\"https:\/\/testa-omega3.com\/wp-content\/uploads\/2022\/06\/happy4.png 300w, https:\/\/testa-omega3.com\/wp-content\/uploads\/2022\/06\/happy4-150x150.png 150w, https:\/\/testa-omega3.com\/wp-content\/uploads\/2022\/06\/happy4-100x100.png 100w\" sizes=\"auto, (max-width: 300px) 100vw, 300px\" \/><\/div>\n<div>\n<h3>Mein aktueller Omega-3-Index liegt bei 6<\/h3>\n<p>Um von 6 auf 8 zu kommen, schlucken Sie 2 Monate lang jeden Tag 4 Kapseln. Das bedeutet, dass es 4 Boxen gibt. Sie kaufen sie jetzt, <strong>auch den zweiten Test extra g\u00fcnstig f\u00fcr \u20ac110,12!<\/strong><\/p>\n<\/div>\n<div class=\"btn default-red\"><a href=\"https:\/\/testa-omega3.com\/de\/coupon_code\/?challenge-2mnd\/index6challenge&#038;utm_source=site&#038;medium=LP&#038;utm_campaign=challengeJuli22\">Bestellen Sie 4 Boxen mit Test ab \u20ac137,65 f\u00fcr \u20ac110,12<\/a><\/div>\n<\/div>\n<hr class=\"challange-page-section-two__line\" \/>\n<div class=\"challange-page-section-two__items\">\n<div><img loading=\"lazy\" decoding=\"async\" class=\"alignnone size-medium wp-image-59876\" src=\"https:\/\/testa-omega3.com\/wp-content\/uploads\/2022\/06\/happy3-300x300.png\" alt=\"\" width=\"300\" height=\"300\" srcset=\"https:\/\/testa-omega3.com\/wp-content\/uploads\/2022\/06\/happy3.png 300w, https:\/\/testa-omega3.com\/wp-content\/uploads\/2022\/06\/happy3-150x150.png 150w, https:\/\/testa-omega3.com\/wp-content\/uploads\/2022\/06\/happy3-100x100.png 100w\" sizes=\"auto, (max-width: 300px) 100vw, 300px\" \/><\/div>\n<div>\n<h3>Mein aktueller Omega-3-Index liegt bei 5<\/h3>\n<p>Um von 5 auf 8 zu kommen, schlucken Sie 3 Monate lang jeden Tag 4 Kapseln. Das bedeutet, dass es 6 Boxen gibt. Sie kaufen sie jetzt, <strong>auch den zweiten Test extra g\u00fcnstig f\u00fcr \u20ac142,60!<\/strong><\/p>\n<\/div>\n<div class=\"btn default-red\"><a href=\"https:\/\/testa-omega3.com\/de\/coupon_code\/?challenge-3mnd\/index5challenge&#038;utm_source=site&#038;medium=LP&#038;utm_campaign=challengeJuli22\">Bestellen Sie 6 Boxen mit Test ab \u20ac178,25 f\u00fcr \u20ac142,60<\/a><\/div>\n<\/div>\n<hr class=\"challange-page-section-two__line\" \/>\n<div class=\"challange-page-section-two__items\">\n<div><img loading=\"lazy\" decoding=\"async\" class=\"alignnone size-medium wp-image-59882\" src=\"https:\/\/testa-omega3.com\/wp-content\/uploads\/2022\/06\/happy2-300x300.png\" alt=\"\" width=\"300\" height=\"300\" srcset=\"https:\/\/testa-omega3.com\/wp-content\/uploads\/2022\/06\/happy2.png 300w, https:\/\/testa-omega3.com\/wp-content\/uploads\/2022\/06\/happy2-150x150.png 150w, https:\/\/testa-omega3.com\/wp-content\/uploads\/2022\/06\/happy2-100x100.png 100w\" sizes=\"auto, (max-width: 300px) 100vw, 300px\" \/><\/div>\n<div>\n<h3>Mein aktueller Omega-3-Index liegt bei 4<\/h3>\n<p>Um von 4 auf 8 zu kommen, schlucken Sie 4 Monate lang jeden Tag 4 Kapseln. Das bedeutet, dass es 8 Boxen gibt. Sie kaufen sie jetzt, <strong>auch den zweiten Test extra g\u00fcnstig f\u00fcr \u20ac173,80!<\/strong><\/p>\n<\/div>\n<div class=\"btn default-red\"><a href=\"https:\/\/testa-omega3.com\/de\/coupon_code\/?challenge-4mnd\/index4challenge&#038;utm_source=site&#038;medium=LP&#038;utm_campaign=challengeJuli22\">Bestellen Sie 8 Boxen mit Test ab \u20ac217,25 f\u00fcr \u20ac173,80<\/a><\/div>\n<\/div>\n<hr class=\"challange-page-section-two__line\" \/>\n<div class=\"challange-page-section-two__items\">\n<div><img loading=\"lazy\" decoding=\"async\" class=\"alignnone size-medium wp-image-59888\" src=\"https:\/\/testa-omega3.com\/wp-content\/uploads\/2022\/06\/happy1-300x300.png\" alt=\"\" width=\"300\" height=\"300\" srcset=\"https:\/\/testa-omega3.com\/wp-content\/uploads\/2022\/06\/happy1.png 300w, https:\/\/testa-omega3.com\/wp-content\/uploads\/2022\/06\/happy1-150x150.png 150w, https:\/\/testa-omega3.com\/wp-content\/uploads\/2022\/06\/happy1-100x100.png 100w\" sizes=\"auto, (max-width: 300px) 100vw, 300px\" \/><\/div>\n<div>\n<h3>Mein aktueller Omega-3-Index liegt bei 3<\/h3>\n<p>Um von 3 auf 8 zu kommen, schlucken Sie 5 Monate lang jeden Tag 4 Kapseln. Das bedeutet, dass es 10 Boxen gibt. Sie kaufen sie jetzt, <strong>auch den zweiten Test extra g\u00fcnstig f\u00fcr \u20ac199,96!<\/strong><\/p>\n<\/div>\n<div class=\"btn default-red\"><a href=\"https:\/\/testa-omega3.com\/de\/coupon_code\/?challenge-5mnd\/index3challenge&#038;utm_source=site&#038;medium=LP&#038;utm_campaign=challengeJuli22\">Bestellen Sie 10 Boxen mit Test ab 249,95 f\u00fcr \u20ac199,96<\/a><\/div>\n<\/div>\n<\/div>\n\t\t\t\t<\/div><!--end of column-->\r\n\t\t\t<\/div><!--end of inner-->\r\n\t\t<\/div><!--end of content-module-->\t\r\n\n\n\t\t<div class=\"content-module white no-spacing-btm no-spacing-top\" style=\"\">\r\n\t\t\t<div class=\"inner cf\">\r\n\t\t\t\t<div class=\"column\">\r\n\t\t\t\t\t<div class=\"challange-page-section-tree\">\n<h2>Ein niedriger Omega-3-Index?<\/h2>\n<h1 class=\"sketch dark\">So kommt man zu einer gr\u00fcnen<br \/>\nOmega-3-Index<\/h1>\n<div class=\"challange-page-section-tree__items\">\n<div><img loading=\"lazy\" decoding=\"async\" class=\"alignnone size-medium wp-image-59900\" src=\"https:\/\/testa-omega3.com\/wp-content\/uploads\/2022\/06\/world-300x189.jpeg\" alt=\"\" width=\"300\" height=\"189\" srcset=\"https:\/\/testa-omega3.com\/wp-content\/uploads\/2022\/06\/world-300x189.jpeg 300w, https:\/\/testa-omega3.com\/wp-content\/uploads\/2022\/06\/world-1024x645.jpeg 1024w, https:\/\/testa-omega3.com\/wp-content\/uploads\/2022\/06\/world-768x483.jpeg 768w, https:\/\/testa-omega3.com\/wp-content\/uploads\/2022\/06\/world-1536x967.jpeg 1536w, https:\/\/testa-omega3.com\/wp-content\/uploads\/2022\/06\/world-2048x1289.jpeg 2048w, https:\/\/testa-omega3.com\/wp-content\/uploads\/2022\/06\/world-600x378.jpeg 600w\" sizes=\"auto, (max-width: 300px) 100vw, 300px\" \/><\/div>\n<div>\n<p>Der durchschnittliche Omega-3-Index in den Niederlanden liegt bei 4,5 %, womit wir uns in der N\u00e4he der Gefahrenzone des roten Bereichs befinden. Der optimale Omega-3-Gehalt ist sicher gr\u00fcn und liegt zwischen 8 und 12 %. Ein Omega-3-Index-Test gibt Aufschluss \u00fcber den prozentualen Anteil der Omega-3-Fetts\u00e4uren in Ihrem Blut.<\/p>\n<h5>4 Kapseln pro Tag<\/h5>\n<p>Der durchschnittliche Omega-3-Index in den Niederlanden liegt bei 4,5 %, womit wir uns in der N\u00e4he der Gefahrenzone des roten Bereichs befinden. Der optimale Omega-3-Gehalt ist sicher gr\u00fcn und liegt zwischen 8 und 12 %. Ein Omega-3-Index-Test gibt Aufschluss \u00fcber den prozentualen Anteil der Omega-3-Fetts\u00e4uren in Ihrem Blut.<\/p>\n<div class=\"btn default-red\"><a href=\"#Leistungspakete\">Zur\u00fcck zu den Challenge-Angeboten<\/a><\/div>\n<\/div>\n<\/div>\n<\/div>\n\t\t\t\t<\/div><!--end of column-->\r\n\t\t\t<\/div><!--end of inner-->\r\n\t\t<\/div><!--end of content-module-->\t\r\n\n\n\t\t<div class=\"content-module default no-spacing-btm no-spacing-top\" style=\"\">\r\n\t\t\t<div class=\"inner cf\">\r\n\t\t\t\t<div class=\"column\">\r\n\t\t\t\t\t<div class=\"challange-page-section-four\">\n<div class=\"challange-page-section-four__item\"><img loading=\"lazy\" decoding=\"async\" class=\"alignnone size-full wp-image-41163\" src=\"https:\/\/testa-omega3.com\/wp-content\/uploads\/2021\/10\/Gezondheid-illustr-health-1.png\" alt=\"\" width=\"301\" height=\"179\" \/>Gut f\u00fcr Herz, Augen und<br \/>\nGehirn<\/p>\n<\/div>\n<div class=\"challange-page-section-four__item\"><img loading=\"lazy\" decoding=\"async\" class=\"alignnone size-medium wp-image-41169\" src=\"https:\/\/testa-omega3.com\/wp-content\/uploads\/2021\/10\/Gezondheid-illustr-health-2-300x179.png\" alt=\"\" width=\"300\" height=\"179\" srcset=\"https:\/\/testa-omega3.com\/wp-content\/uploads\/2021\/10\/Gezondheid-illustr-health-2-300x179.png 300w, https:\/\/testa-omega3.com\/wp-content\/uploads\/2021\/10\/Gezondheid-illustr-health-2.png 303w\" sizes=\"auto, (max-width: 300px) 100vw, 300px\" \/>Passt in ein veganes<br \/>\nLebensstil<\/p>\n<\/div>\n<div class=\"challange-page-section-four__item\"><img loading=\"lazy\" decoding=\"async\" class=\"alignnone size-full wp-image-41175\" src=\"https:\/\/testa-omega3.com\/wp-content\/uploads\/2021\/10\/Gezondheid-illustr-health-3.png\" alt=\"\" width=\"296\" height=\"179\" \/>Ohne Kontamination<br \/>\nVon Fisch<\/p>\n<\/div>\n<\/div>\n\t\t\t\t<\/div><!--end of column-->\r\n\t\t\t<\/div><!--end of inner-->\r\n\t\t<\/div><!--end of content-module-->\t\r\n\n\n\t\t<div class=\"content-module white no-spacing-btm no-spacing-top\" style=\"\">\r\n\t\t\t<div class=\"inner cf\">\r\n\t\t\t\t<div class=\"column\">\r\n\t\t\t\t\t<div class=\"challenge-page-section-five\">\n<h2>M\u00fcdigkeit, Sehst\u00f6rungen, Konzentrationsschw\u00e4che?<\/h2>\n<h1 class=\"sketch dark\">Das kann Omega-3 bewirken<br \/>\nk\u00f6nnen Sie tun<\/h1>\n<p>Willemijn nahm mehrere Monate lang zus\u00e4tzliche Omega-3-Fetts\u00e4uren ein, um ihren Omega-3-Index zu erh\u00f6hen. Wie es ihr ergangen ist, sehen Sie im folgenden Video.<\/p>\n<p><iframe loading=\"lazy\" title=\"Review Testa Omega-3 challenge\" width=\"500\" height=\"281\" src=\"https:\/\/www.youtube.com\/embed\/P4HOPHUfGHE?feature=oembed\" frameborder=\"0\" allow=\"accelerometer; autoplay; clipboard-write; encrypted-media; gyroscope; picture-in-picture; web-share\" referrerpolicy=\"strict-origin-when-cross-origin\" allowfullscreen><\/iframe><\/p>\n<p><em>F\u00fcgen Sie \u00fcber die Einstellungen deutsche Untertitel zu diesem niederl\u00e4ndischsprachigen Video hinzu.<\/em><\/p>\n<\/div>\n\t\t\t\t<\/div><!--end of column-->\r\n\t\t\t<\/div><!--end of inner-->\r\n\t\t<\/div><!--end of content-module-->\t\r\n\n\n<div class=\"reviews-block-module\">\n    <div class=\"inner cf\">\n        <div class=\"rating-wrap\">\n            <!-- trustedshops here -->\n            <!-- Begin eTrusted widget tag -->\n                        \n            <etrusted-widget data-etrusted-widget-id=\"wdg-69463aca-76db-4cff-ab55-3f3b1096e4db\"><\/etrusted-widget>\n            <!-- End eTrusted widget tag -->\n        <\/div><!--end of rating-wrap-->\n    <\/div><!--end of inner-->\n<\/div><!--end of content-module-->\n\n\n\n<p><\/p>\n","protected":false},"excerpt":{"rendered":"","protected":false},"author":21734,"featured_media":0,"parent":0,"menu_order":0,"comment_status":"closed","ping_status":"closed","template":"","meta":{"_acf_changed":false,"footnotes":""},"class_list":["post-60338","page","type-page","status-publish","hentry"],"acf":[],"yoast_head":"<!-- This site is optimized with the Yoast SEO plugin v26.0 - https:\/\/yoast.com\/wordpress\/plugins\/seo\/ -->\n<title>Erh\u00f6hen Sie Ihren Omega-3-Index auf kosteng\u00fcnstige Weise!<\/title>\n<meta name=\"description\" content=\"Haben Sie einen Omega-3-Index von unter 8%? Dann nehmen Sie die Herausforderung an und erh\u00f6hen Sie Ihre Omega-3-Werte so schnell wie m\u00f6glich mit unserem Algen\u00f6l. Schauen Sie sich unsere speziellen Testa Omega-3 Challenge-Pakete mit 20% Extra-Rabatt an\" \/>\n<meta name=\"robots\" content=\"index, follow, max-snippet:-1, max-image-preview:large, max-video-preview:-1\" \/>\n<link rel=\"canonical\" href=\"https:\/\/testa-omega3.com\/de\/omega3-herausforderung\/\" \/>\n<meta property=\"og:locale\" content=\"de_DE\" \/>\n<meta property=\"og:type\" content=\"article\" \/>\n<meta property=\"og:title\" content=\"Erh\u00f6hen Sie Ihren Omega-3-Index auf kosteng\u00fcnstige Weise!\" \/>\n<meta property=\"og:description\" content=\"Haben Sie einen Omega-3-Index von unter 8%? Dann nehmen Sie die Herausforderung an und erh\u00f6hen Sie Ihre Omega-3-Werte so schnell wie m\u00f6glich mit unserem Algen\u00f6l. Schauen Sie sich unsere speziellen Testa Omega-3 Challenge-Pakete mit 20% Extra-Rabatt an\" \/>\n<meta property=\"og:url\" content=\"https:\/\/testa-omega3.com\/de\/omega3-herausforderung\/\" \/>\n<meta property=\"og:site_name\" content=\"Testa\" \/>\n<meta property=\"article:publisher\" content=\"https:\/\/www.facebook.com\/TestaOmega3\/\" \/>\n<meta property=\"article:modified_time\" content=\"2022-07-06T13:32:50+00:00\" \/>\n<meta name=\"twitter:card\" content=\"summary_large_image\" \/>\n<meta name=\"twitter:site\" content=\"@testaomega3\" \/>\n<script type=\"application\/ld+json\" class=\"yoast-schema-graph\">{\"@context\":\"https:\/\/schema.org\",\"@graph\":[{\"@type\":\"WebPage\",\"@id\":\"https:\/\/testa-omega3.com\/de\/omega3-herausforderung\/\",\"url\":\"https:\/\/testa-omega3.com\/de\/omega3-herausforderung\/\",\"name\":\"Erh\u00f6hen Sie Ihren Omega-3-Index auf kosteng\u00fcnstige Weise!\",\"isPartOf\":{\"@id\":\"https:\/\/testa-omega3.com\/de\/#website\"},\"datePublished\":\"2022-06-28T09:24:45+00:00\",\"dateModified\":\"2022-07-06T13:32:50+00:00\",\"description\":\"Haben Sie einen Omega-3-Index von unter 8%? Dann nehmen Sie die Herausforderung an und erh\u00f6hen Sie Ihre Omega-3-Werte so schnell wie m\u00f6glich mit unserem Algen\u00f6l. Schauen Sie sich unsere speziellen Testa Omega-3 Challenge-Pakete mit 20% Extra-Rabatt an\",\"breadcrumb\":{\"@id\":\"https:\/\/testa-omega3.com\/de\/omega3-herausforderung\/#breadcrumb\"},\"inLanguage\":\"de\",\"potentialAction\":[{\"@type\":\"ReadAction\",\"target\":[\"https:\/\/testa-omega3.com\/de\/omega3-herausforderung\/\"]}]},{\"@type\":\"BreadcrumbList\",\"@id\":\"https:\/\/testa-omega3.com\/de\/omega3-herausforderung\/#breadcrumb\",\"itemListElement\":[{\"@type\":\"ListItem\",\"position\":1,\"name\":\"Home\",\"item\":\"https:\/\/testa-omega3.com\/de\/\"},{\"@type\":\"ListItem\",\"position\":2,\"name\":\"omega3-herausforderung\"}]},{\"@type\":\"WebSite\",\"@id\":\"https:\/\/testa-omega3.com\/de\/#website\",\"url\":\"https:\/\/testa-omega3.com\/de\/\",\"name\":\"Testa\",\"description\":\"Omega-3 Algenolie!\",\"publisher\":{\"@id\":\"https:\/\/testa-omega3.com\/de\/#organization\"},\"potentialAction\":[{\"@type\":\"SearchAction\",\"target\":{\"@type\":\"EntryPoint\",\"urlTemplate\":\"https:\/\/testa-omega3.com\/de\/?s={search_term_string}\"},\"query-input\":{\"@type\":\"PropertyValueSpecification\",\"valueRequired\":true,\"valueName\":\"search_term_string\"}}],\"inLanguage\":\"de\"},{\"@type\":\"Organization\",\"@id\":\"https:\/\/testa-omega3.com\/de\/#organization\",\"name\":\"Testa Omega-3\",\"url\":\"https:\/\/testa-omega3.com\/de\/\",\"logo\":{\"@type\":\"ImageObject\",\"inLanguage\":\"de\",\"@id\":\"https:\/\/testa-omega3.com\/de\/#\/schema\/logo\/image\/\",\"url\":\"https:\/\/testa-omega3.com\/wp-content\/uploads\/2021\/10\/testa-logo1.png\",\"contentUrl\":\"https:\/\/testa-omega3.com\/wp-content\/uploads\/2021\/10\/testa-logo1.png\",\"width\":121,\"height\":119,\"caption\":\"Testa Omega-3\"},\"image\":{\"@id\":\"https:\/\/testa-omega3.com\/de\/#\/schema\/logo\/image\/\"},\"sameAs\":[\"https:\/\/www.facebook.com\/TestaOmega3\/\",\"https:\/\/x.com\/testaomega3\",\"https:\/\/www.instagram.com\/testaomega3\/\",\"https:\/\/linkedin.com\/company\/testa-omega-3\"]}]}<\/script>\n<!-- \/ Yoast SEO plugin. -->","yoast_head_json":{"title":"Erh\u00f6hen Sie Ihren Omega-3-Index auf kosteng\u00fcnstige Weise!","description":"Haben Sie einen Omega-3-Index von unter 8%? Dann nehmen Sie die Herausforderung an und erh\u00f6hen Sie Ihre Omega-3-Werte so schnell wie m\u00f6glich mit unserem Algen\u00f6l. Schauen Sie sich unsere speziellen Testa Omega-3 Challenge-Pakete mit 20% Extra-Rabatt an","robots":{"index":"index","follow":"follow","max-snippet":"max-snippet:-1","max-image-preview":"max-image-preview:large","max-video-preview":"max-video-preview:-1"},"canonical":"https:\/\/testa-omega3.com\/de\/omega3-herausforderung\/","og_locale":"de_DE","og_type":"article","og_title":"Erh\u00f6hen Sie Ihren Omega-3-Index auf kosteng\u00fcnstige Weise!","og_description":"Haben Sie einen Omega-3-Index von unter 8%? Dann nehmen Sie die Herausforderung an und erh\u00f6hen Sie Ihre Omega-3-Werte so schnell wie m\u00f6glich mit unserem Algen\u00f6l. Schauen Sie sich unsere speziellen Testa Omega-3 Challenge-Pakete mit 20% Extra-Rabatt an","og_url":"https:\/\/testa-omega3.com\/de\/omega3-herausforderung\/","og_site_name":"Testa","article_publisher":"https:\/\/www.facebook.com\/TestaOmega3\/","article_modified_time":"2022-07-06T13:32:50+00:00","twitter_card":"summary_large_image","twitter_site":"@testaomega3","schema":{"@context":"https:\/\/schema.org","@graph":[{"@type":"WebPage","@id":"https:\/\/testa-omega3.com\/de\/omega3-herausforderung\/","url":"https:\/\/testa-omega3.com\/de\/omega3-herausforderung\/","name":"Erh\u00f6hen Sie Ihren Omega-3-Index auf kosteng\u00fcnstige Weise!","isPartOf":{"@id":"https:\/\/testa-omega3.com\/de\/#website"},"datePublished":"2022-06-28T09:24:45+00:00","dateModified":"2022-07-06T13:32:50+00:00","description":"Haben Sie einen Omega-3-Index von unter 8%? Dann nehmen Sie die Herausforderung an und erh\u00f6hen Sie Ihre Omega-3-Werte so schnell wie m\u00f6glich mit unserem Algen\u00f6l. Schauen Sie sich unsere speziellen Testa Omega-3 Challenge-Pakete mit 20% Extra-Rabatt an","breadcrumb":{"@id":"https:\/\/testa-omega3.com\/de\/omega3-herausforderung\/#breadcrumb"},"inLanguage":"de","potentialAction":[{"@type":"ReadAction","target":["https:\/\/testa-omega3.com\/de\/omega3-herausforderung\/"]}]},{"@type":"BreadcrumbList","@id":"https:\/\/testa-omega3.com\/de\/omega3-herausforderung\/#breadcrumb","itemListElement":[{"@type":"ListItem","position":1,"name":"Home","item":"https:\/\/testa-omega3.com\/de\/"},{"@type":"ListItem","position":2,"name":"omega3-herausforderung"}]},{"@type":"WebSite","@id":"https:\/\/testa-omega3.com\/de\/#website","url":"https:\/\/testa-omega3.com\/de\/","name":"Testa","description":"Omega-3 Algenolie!","publisher":{"@id":"https:\/\/testa-omega3.com\/de\/#organization"},"potentialAction":[{"@type":"SearchAction","target":{"@type":"EntryPoint","urlTemplate":"https:\/\/testa-omega3.com\/de\/?s={search_term_string}"},"query-input":{"@type":"PropertyValueSpecification","valueRequired":true,"valueName":"search_term_string"}}],"inLanguage":"de"},{"@type":"Organization","@id":"https:\/\/testa-omega3.com\/de\/#organization","name":"Testa Omega-3","url":"https:\/\/testa-omega3.com\/de\/","logo":{"@type":"ImageObject","inLanguage":"de","@id":"https:\/\/testa-omega3.com\/de\/#\/schema\/logo\/image\/","url":"https:\/\/testa-omega3.com\/wp-content\/uploads\/2021\/10\/testa-logo1.png","contentUrl":"https:\/\/testa-omega3.com\/wp-content\/uploads\/2021\/10\/testa-logo1.png","width":121,"height":119,"caption":"Testa Omega-3"},"image":{"@id":"https:\/\/testa-omega3.com\/de\/#\/schema\/logo\/image\/"},"sameAs":["https:\/\/www.facebook.com\/TestaOmega3\/","https:\/\/x.com\/testaomega3","https:\/\/www.instagram.com\/testaomega3\/","https:\/\/linkedin.com\/company\/testa-omega-3"]}]}},"_links":{"self":[{"href":"https:\/\/testa-omega3.com\/de\/wp-json\/wp\/v2\/pages\/60338","targetHints":{"allow":["GET"]}}],"collection":[{"href":"https:\/\/testa-omega3.com\/de\/wp-json\/wp\/v2\/pages"}],"about":[{"href":"https:\/\/testa-omega3.com\/de\/wp-json\/wp\/v2\/types\/page"}],"author":[{"embeddable":true,"href":"https:\/\/testa-omega3.com\/de\/wp-json\/wp\/v2\/users\/21734"}],"replies":[{"embeddable":true,"href":"https:\/\/testa-omega3.com\/de\/wp-json\/wp\/v2\/comments?post=60338"}],"version-history":[{"count":0,"href":"https:\/\/testa-omega3.com\/de\/wp-json\/wp\/v2\/pages\/60338\/revisions"}],"wp:attachment":[{"href":"https:\/\/testa-omega3.com\/de\/wp-json\/wp\/v2\/media?parent=60338"}],"curies":[{"name":"wp","href":"https:\/\/api.w.org\/{rel}","templated":true}]}}