{"id":2440,"date":"2020-05-08T18:20:44","date_gmt":"2020-05-08T18:20:44","guid":{"rendered":"https:\/\/testa-omega3.com\/over-testa\/"},"modified":"2023-05-04T22:22:37","modified_gmt":"2023-05-04T20:22:37","slug":"a-propos-de-testa","status":"publish","type":"page","link":"https:\/\/testa-omega3.com\/fr\/a-propos-de-testa\/","title":{"rendered":"A propos de Testa"},"content":{"rendered":"\t\t<div class=\"content-module white no-spacing-btm no-spacing-top\" style=\"\">\r\n\t\t\t<div class=\"inner cf\">\r\n\t\t\t\t<div class=\"column\">\r\n\t\t\t\t\t<h2 style=\"text-align: center;\">Depuis 10 ans d\u00e9j\u00e0\u00a0<\/h2>\n<h2 style=\"text-align: center;\"><strong>Nous menons le combat pour des om\u00e9ga 3 sans poisson<\/strong><\/h2>\n<hr \/>\n<p style=\"text-align: center;\">Cela fait longtemps que Testa lutte pour des om\u00e9ga 3 sans poisson. Il y a plus de 10 ans, nos fondateurs, Guido et Martin, ont d\u00e9j\u00e0\u00a0 commenc\u00e9 \u00e0\u00a0 \u00e9liminer la p\u00eache inutile aux om\u00e9ga 3. Nous sommes d\u00e9sormais le leader du march\u00e9 aux Pays-Bas et l\u2019\u00e9quipe s\u2019est consid\u00e9rablement agrandie pour diffuser notre message en faveur de la sant\u00e9 et de l\u2019absence de poisson et pour faire t\u00e0\u00a2che d\u2019huile (d\u2019algues) dans le monde entier.<\/p>\n\t\t\t\t<\/div><!--end of column-->\r\n\t\t\t<\/div><!--end of inner-->\r\n\t\t<\/div><!--end of content-module-->\t\r\n\n\n<div class=\"content-big-image-two-col-content\">\n\t\t\t<div class=\"inner cf\">\n                <div class=\"media-wrap\">\n                    <div class=\"arrow-wrapper\" style=\"background-image: url(https:\/\/testa-omega3.com\/wp-content\/uploads\/2021\/10\/tekstje-Team-1.png);\"><\/div>\n                    <div class=\"large-image\" style=\"background-image: url(https:\/\/testa-omega3.com\/wp-content\/uploads\/2021\/10\/Team-Testajpg.jpg);\"><\/div>\n                <\/div>\n                <div class=\"text-wrap\">\n\n                                    <div class=\"column\">\n                        <h4><b>Comment \u00e0\u00a7a a commenc\u00e9<\/b><\/h4>\n<p><span style=\"font-weight: 400;\">En 2005, employ\u00e9 par un grand producteur d\u2019aliments pour b\u00e9b\u00e9s, Guido Evers a recherch\u00e9 la valeur ajout\u00e9e des acides gras om\u00e9ga 3 dans la croissance des enfants. Cette \u00e9tude a montr\u00e9 que l\u2019huile de poisson ne convenait pas aux aliments pour b\u00e9b\u00e9s, car elle \u00e9tait trop contamin\u00e9e et la qualit\u00e9 n\u2019\u00e9tait pas assez constante. Il a trouv\u00e9 des algues \u00c2\u00ab source d\u2019om\u00e9ga 3 \u00c2\u00bb. Les faits s\u2019encha\u00eenaient de fa\u00e0\u00a7on logique pour lui, l\u2019huile d\u2019algue est meilleure que l\u2019huile de poisson \u00e0\u00a0 bien des \u00e9gards : L\u2019huile d\u2019algue est plus riche en om\u00e9ga 3, il en faut donc moins. Les algues sont cultiv\u00e9es sur terre, donc pas de pollution des oc\u00e9ans par les m\u00e9taux lourds et autres substances toxiques. Et en extrayant les om\u00e9ga 3 des algues, il n\u2019est pas n\u00e9cessaire d\u2019attraper du poisson. C\u2019est l\u00e0\u00a0 le plus grand avantage.<\/span><\/p>\n                    <\/div><!--end of column-->\n                                        <div class=\"column\">\n                        <h4><b>Pas de p\u00eache inutile<\/b><\/h4>\n<p><span style=\"font-weight: 400;\">Plus de 90 millions de kilos de poissons sont p\u00each\u00e9s dans le monde chaque ann\u00e9e. La surp\u00eache menace nos oc\u00e9ans. La perturbation de la cha\u00eene alimentaire entra\u00eene un d\u00e9s\u00e9quilibre de l\u2019ensemble de l\u2019\u00e9cosyst\u00e0\u00a8me. Avec toutes les cons\u00e9quences d\u00e9sastreuses pour l\u2019homme et la plan\u00e0\u00a8te que cela comporte. Actuellement, environ 25 % des prises mondiales de poisson sont utilis\u00e9es pour extraire les acides gras essentiels om\u00e9ga 3. Avec Martin de Vries, producteur de diverses marques de suppl\u00e9ments, il voit la r\u00e9ponse \u00e0\u00a0 cette faille du syst\u00e0\u00a8me dans l\u2019huile d\u2019algues. Apr\u00e0\u00a8s de nombreux d\u00e9veloppements et avec le soutien de la plateforme de la f\u00e9d\u00e9ration d\u2019employeurs VNO-NCW Biodiversit\u00e9, \u00e0\u2030cosyst\u00e0\u00a8mes et \u00e0\u2030conomie, le premier produit Testa Omega-3 sera lanc\u00e9 en 2011.<\/span><\/p>\n                    <\/div><!--end of column-->\n                    \t\t\n                <\/div>\t\t\t\t\n\t\t\t<\/div><!--end of inner-->\n\t\t<\/div><!--end of content-module-->\t\n\n\n\t\t<div class=\"media-text-module  switch default  no-arrow-bottom   \">\r\n\t\t\t<div class=\"inner cf\">\r\n\t\t\t\t<div class=\"media-wrap auto  center-center \" style=\"background-image: url(https:\/\/testa-omega3.com\/wp-content\/uploads\/2021\/10\/pinguibs-abbo-2.png); \">\r\n\t\t\t\t\t<img decoding=\"async\" src=\"https:\/\/testa-omega3.com\/wp-content\/uploads\/2021\/10\/pinguibs-abbo-2.png\" alt=\"\" \/>\r\n\t\t\t\t\t\t\t\t\t<\/div><!--end of media-wrap-->\r\n\t\t\t\t\r\n\t\t\t\t<div class=\"text-wrap\">\r\n\t\t\t\t<div class=\"media-wrap auto  center-center  mobile\" style=\"background-image: url(https:\/\/testa-omega3.com\/wp-content\/uploads\/2021\/10\/pinguibs-abbo-2.png); \">\r\n\t\t\t\t\t\t\t\t\t<\/div><!--end of media-wrap-->\r\n\r\n\t\t\t\t\t<div class=\"text\">\r\n\t\t\t\t\t\t<h3 class=\"highlight\">Leader du march\u00e9 des om\u00e9ga 3<br \/>\nsans poisson d&rsquo;origine v\u00e9g\u00e9tale<\/h3>\n<p>En tant que marque avec une mission, Testa est devenue le leader du march\u00e9 aux Pays-Bas. En plus d\u2019un substitut \u00e0\u00a0 l\u2019huile de poisson, un substitut \u00e0\u00a0 l\u2019huile de krill a \u00e9galement \u00e9t\u00e9 d\u00e9velopp\u00e9. Le Vrill pr\u00e9sente tous les bienfaits du krill, extrait de l\u2019huile d\u2019algues. Des efforts sont \u00e9galement d\u00e9ploy\u00e9s pour d\u00e9velopper d\u2019autres produits alimentaires sans poisson \u00e0\u00a0 partir de sources v\u00e9g\u00e9tales.<\/p>\n\t\t\t\t\t<\/div><!--end of text-->\r\n\t\t\t\t<\/div><!--end of text-wrap-->\r\n\t\t\t<\/div><!--end of inner-->\r\n\t\t<\/div><!--end of media-text-module-->\r\n\n\n\t\t<div class=\"content-module white no-spacing-btm no-spacing-top\" style=\"\">\r\n\t\t\t<div class=\"inner cf\">\r\n\t\t\t\t<div class=\"column\">\r\n\t\t\t\t\t<h3 style=\"text-align: center;\">Testa Omega-3<\/h3>\n<h3 style=\"text-align: center;\"><strong>un \u00e9l\u00e9ment de l\u2019ensemble<\/strong><\/h3>\n<hr \/>\n\t\t\t\t<\/div><!--end of column-->\r\n\t\t\t<\/div><!--end of inner-->\r\n\t\t<\/div><!--end of content-module-->\t\r\n\n\n<div class=\"content-module two-text-columns white no-spacing-btm no-spacing-top\">\n\t\t\t<div class=\"inner cf\">\n                \t\t\t\t<div class=\"column bg-white\">\n                    <p><span style=\"font-weight: 400;\">Testa Omega-3 est une marque de l\u2019organisation de R&amp;D n\u00e9erlandaise Wellness Innovations (WIINC), fond\u00e9e par Evers et De Vries. WIINC croit en l\u2019innovation technologique et est engag\u00e9 dans la recherche et le d\u00e9veloppement de produits alimentaires, de sant\u00e9 et de beaut\u00e9 de qualit\u00e9, sans poisson. Ils se battent pour maintenir une population de poissons en bonne sant\u00e9 et am\u00e9liorer la qualit\u00e9 des oc\u00e9ans.<\/span>.<\/p>\n\t\t\t\t<\/div><!--end of column-->\n                \t\t\t\t<div class=\"column bg-white\">\n                    <p><span style=\"font-weight: 400;\">En plus de Testa en tant que marque de produits de sant\u00e9 et d\u2019alimentation sans poisson, la marque Daily Supplements a \u00e9t\u00e9 lanc\u00e9e en 2019, en mettant l\u2019accent sur les produits de sant\u00e9 et de beaut\u00e9 \u00e0\u00a0 base de plantes. En 2020, WIINC a lanc\u00e9 la marque Vrill Omega aux \u00e0\u2030tats-Unis. Avec cela, ils offrent une alternative de qualit\u00e9 \u00e0\u00a0 l\u2019huile de krill. Toutes les marques WIINC s\u2019adressent aux personnes qui aspirent \u00e0\u00a0 un mode de vie sain tout en respectant l\u2019environnement.<\/span><\/p>\n\t\t\t\t<\/div><!--end of column-->\n                \t\t\t\t\t\t\n\t\t\t<\/div><!--end of inner-->\n\t\t<\/div><!--end of content-module-->\t\n\n\n\t\t<div class=\"usp-blocks-module default\">\r\n\t\t\t<div class=\"inner cf\">\r\n\t\t\t\t<div class=\"items-wrap cf\">\r\n\t\t\t\t\t\t\t\t\t\t<div class=\"item\">\r\n\t\t\t\t\t\t<div class=\"icon\">\r\n\t\t\t\t\t\t\t<img decoding=\"async\" src=\"https:\/\/testa-omega3.com\/wp-content\/uploads\/2021\/10\/testa-logo1.png\" \/>\r\n\t\t\t\t\t\t<\/div><!--end of icon-->\r\n\t\t\t\t\t\t\r\n\t\t\t\t\t\t<span><\/span>\r\n\t\t\t\t\t<\/div><!--end of item-->\r\n\t\t\t\t\t\t\t\t\t\t<div class=\"item\">\r\n\t\t\t\t\t\t<div class=\"icon\">\r\n\t\t\t\t\t\t\t<img decoding=\"async\" src=\"https:\/\/testa-omega3.com\/wp-content\/uploads\/2021\/10\/wiinc-logo.png\" \/>\r\n\t\t\t\t\t\t<\/div><!--end of icon-->\r\n\t\t\t\t\t\t\r\n\t\t\t\t\t\t<span><\/span>\r\n\t\t\t\t\t<\/div><!--end of item-->\r\n\t\t\t\t\t\t\t\t\t\t<div class=\"item\">\r\n\t\t\t\t\t\t<div class=\"icon\">\r\n\t\t\t\t\t\t\t<img decoding=\"async\" src=\"https:\/\/testa-omega3.com\/wp-content\/uploads\/2021\/10\/Daily_Supplements-logo-RGB-color-1.png\" \/>\r\n\t\t\t\t\t\t<\/div><!--end of icon-->\r\n\t\t\t\t\t\t\r\n\t\t\t\t\t\t<span><\/span>\r\n\t\t\t\t\t<\/div><!--end of item-->\r\n\t\t\t\t\t\t\t\t\t\t<div class=\"item\">\r\n\t\t\t\t\t\t<div class=\"icon\">\r\n\t\t\t\t\t\t\t<img decoding=\"async\" src=\"https:\/\/testa-omega3.com\/wp-content\/uploads\/2021\/10\/vrill-omega-logo-secondary-1.png\" \/>\r\n\t\t\t\t\t\t<\/div><!--end of icon-->\r\n\t\t\t\t\t\t\r\n\t\t\t\t\t\t<span><\/span>\r\n\t\t\t\t\t<\/div><!--end of item-->\r\n\t\t\t\t\t\t\t\t\t<\/div><!--end of items-wrap-->\r\n\t\t\t\t\t\t\t\t\r\n\t\t\t<\/div><!--end of inner-->\r\n\t\t<\/div><!--end of usps-blocks-module-->\r\n\n\n\n\n\t\t<div class=\"content-module white no-spacing-btm no-spacing-top\" style=\"\">\r\n\t\t\t<div class=\"inner cf\">\r\n\t\t\t\t<div class=\"column\">\r\n\t\t\t\t\t<h2 style=\"text-align: center;\">Notre top<\/h2>\n<h2 style=\"text-align: center;\"><strong>Om\u00e9ga-3 100% v\u00e9g\u00e9tal<\/strong><\/h2>\n<hr \/>\n<p><span class=\"star-highlight\">Choisissez<br \/>\n#Fishfree<\/span><\/p>\n<p style=\"text-align: center; font-size: 24px;\">Nos meilleures ventes ont toutes leurs sp\u00e9cificit\u00e9s. effet. Quel que soit le produit Testa que vous choisissez, vous choisissez toujours un produit sans poisson. pour une alternative sans poisson et 100% v\u00e9g\u00e9tale.<\/p>\n<div class=\" btn style-3\" style=\"justify-content: center; text-align: center;\"><a href=\"https:\/\/testa-omega3.com\/fr\/apercu-des-produits\/\">D\u00e9couvrez notre gamme compl\u00e0\u00a8te ici<\/a><\/div>\n\t\t\t\t<\/div><!--end of column-->\r\n\t\t\t<\/div><!--end of inner-->\r\n\t\t<\/div><!--end of content-module-->\t\r\n\n\n<div class=\"products-overview-module  \">\n\n\n    <div class=\"inner cf\">\n        <div class=\"filters-wrap\">\n            <div class=\"options-wrap\">\n                <h4>Keuzehulp<\/h4>\n                <div class=\"select-option\">\n                    <select>\n                        <option>Man of vrouw<\/option>\n                        <option>Man of vrouw<\/option>\n                        <option>Man of vrouw<\/option>\n                    <\/select>\n                <\/div>\n                <!--end of select-option-->\n\n                <div class=\"select-option\">\n                    <select>\n                        <option>Leeftijd<\/option>\n                        <option>Leeftijd<\/option>\n                        <option>Leeftijd<\/option>\n                    <\/select>\n                <\/div>\n                <!--end of select-option-->\n\n                <div class=\"select-option\">\n                    <select>\n                        <option>Hoe vaak eet je vis<\/option>\n                        <option>Hoe vaak eet je vis<\/option>\n                        <option>Hoe vaak eet je vis<\/option>\n                    <\/select>\n                <\/div>\n                <!--end of select-option-->\n            <\/div>\n            <!--end of options-wrap-->\n\n            <div class=\"options-wrap\">\n                <h5>Slik je gemakkelijk capsules?<\/h5>\n                <div class=\"select-option\">\n                    <select>\n                        <option>ja\/nee<\/option>\n                        <option>ja\/nee<\/option>\n                        <option>ja\/nee<\/option>\n                    <\/select>\n                <\/div>\n                <!--end of select-option-->\n            <\/div>\n            <!--end of options-wrap-->\n\n            <div class=\"options-wrap\">\n                <h5>Zwanger?<\/h5>\n                <div class=\"select-option\">\n                    <select>\n                        <option>Plannend<\/option>\n                        <option>Plannend<\/option>\n                        <option>Plannend<\/option>\n                    <\/select>\n                <\/div>\n                <!--end of select-option-->\n            <\/div>\n            <!--end of options-wrap-->\n        <\/div>\n        <!--end of filters-wrap-->\n        <div class=\"products-wrap\">\n\n                    <div class=\"product\">\r\n\r\n            <div class=\"text-wrap\">\r\n                <h6><a href=\"https:\/\/testa-omega3.com\/fr\/produit\/huile-d-algues-omega-3-dha-epa\/\">DHA &#038; EPA Om\u00e9ga-3 Huile d&rsquo;algues<\/a><\/h6>\r\n\r\n                <p class=\"description\">Pure, sans poisson et 100 % v\u00e9g\u00e9tale. Bons pour le c\u0153ur, le cerveau et les yeux.<\/p>\r\n                                \r\n                <div class=\"btn-wrap\">\r\n                                            <div class=\"price\">\r\n                            <span class=\"from\">A partir de<\/span>\r\n                            <span class=\"number\">\u20ac10 p\/m<\/span>\r\n                        <\/div>\r\n                        <!--end of price-->\r\n\r\n                    \r\n\r\n                <\/div>\r\n\r\n            <\/div>\r\n            <!--end of text-wrap-->\r\n                            <div class=\"img-wrap\">\r\n                    <span class=\"spacer\">&nbsp;<\/span>\r\n                    <img decoding=\"async\" src=\"https:\/\/testa-omega3.com\/wp-content\/uploads\/2023\/05\/Testa-60st-DHA-EPA-plat-FR-3.png\" \/>\r\n                <\/div>\r\n                <!--end of img-wrap-->\r\n                        <div class=\"btn cta default-red\">\r\n                <a href=\"https:\/\/testa-omega3.com\/fr\/produit\/huile-d-algues-omega-3-dha-epa\/\">Shop now<\/a>\r\n            <\/div>\r\n            <!-- <a href=\"https:\/\/testa-omega3.com\/fr\/produit\/huile-d-algues-omega-3-dha-epa\/\" class=\"full-link\"><\/a> -->\r\n        <\/div>\r\n        <!--end of product-->\r\n            <div class=\"product\">\r\n\r\n            <div class=\"text-wrap\">\r\n                <h6><a href=\"https:\/\/testa-omega3.com\/fr\/produit\/huile-d-algues-omega-3-250mg-dha\/\">DHA Om\u00e9ga-3 Huile d&rsquo;algues<\/a><\/h6>\r\n\r\n                <p class=\"description\">Pure, sans poisson et 100 % v\u00e9g\u00e9tale. Bons pour le cerveau et les yeux.<\/p>\r\n                                \r\n                <div class=\"btn-wrap\">\r\n                                            <div class=\"price\">\r\n                            <span class=\"from\">A partir de<\/span>\r\n                            <span class=\"number\">\u20ac8 p\/m<\/span>\r\n                        <\/div>\r\n                        <!--end of price-->\r\n\r\n                    \r\n\r\n                <\/div>\r\n\r\n            <\/div>\r\n            <!--end of text-wrap-->\r\n                            <div class=\"img-wrap\">\r\n                    <span class=\"spacer\">&nbsp;<\/span>\r\n                    <img decoding=\"async\" src=\"https:\/\/testa-omega3.com\/wp-content\/uploads\/2023\/05\/Testa-60st-DHA-plat-FR-IT-ES-1.png\" \/>\r\n                <\/div>\r\n                <!--end of img-wrap-->\r\n                        <div class=\"btn cta default-red\">\r\n                <a href=\"https:\/\/testa-omega3.com\/fr\/produit\/huile-d-algues-omega-3-250mg-dha\/\">Shop now<\/a>\r\n            <\/div>\r\n            <!-- <a href=\"https:\/\/testa-omega3.com\/fr\/produit\/huile-d-algues-omega-3-250mg-dha\/\" class=\"full-link\"><\/a> -->\r\n        <\/div>\r\n        <!--end of product-->\r\n    \n        <\/div>\n        <!--end of products-wrap-->\n    <\/div>\n    <!--end of inner-->\n<\/div>\n<!--end of products-overview-module-->\n\n","protected":false},"excerpt":{"rendered":"","protected":false},"author":2,"featured_media":0,"parent":0,"menu_order":0,"comment_status":"closed","ping_status":"closed","template":"template-poststyle.php","meta":{"_acf_changed":false,"footnotes":""},"class_list":["post-2440","page","type-page","status-publish","hentry"],"acf":[],"yoast_head":"<!-- This site is optimized with the Yoast SEO plugin v26.0 - https:\/\/yoast.com\/wordpress\/plugins\/seo\/ -->\n<title>\u00e0\u20ac propos de Testa | Testa Om\u00e9ga-3 huile d&#039;algues |<\/title>\n<meta name=\"description\" content=\"Testa est une soci\u00e9t\u00e9 ayant pour objectif de remplacer des produits nuisibles aux oc\u00e9ans par des produits durables et de meilleure qualit\u00e9.\" \/>\n<meta name=\"robots\" content=\"index, follow, max-snippet:-1, max-image-preview:large, max-video-preview:-1\" \/>\n<link rel=\"canonical\" href=\"https:\/\/testa-omega3.com\/fr\/a-propos-de-testa\/\" \/>\n<meta property=\"og:locale\" content=\"fr_FR\" \/>\n<meta property=\"og:type\" content=\"article\" \/>\n<meta property=\"og:title\" content=\"\u00e0\u20ac propos de Testa | Testa Om\u00e9ga-3 huile d&#039;algues |\" \/>\n<meta property=\"og:description\" content=\"Testa est une soci\u00e9t\u00e9 ayant pour objectif de remplacer des produits nuisibles aux oc\u00e9ans par des produits durables et de meilleure qualit\u00e9.\" \/>\n<meta property=\"og:url\" content=\"https:\/\/testa-omega3.com\/fr\/a-propos-de-testa\/\" \/>\n<meta property=\"og:site_name\" content=\"Testa\" \/>\n<meta property=\"article:publisher\" content=\"https:\/\/www.facebook.com\/TestaOmega3\/\" \/>\n<meta property=\"article:modified_time\" content=\"2023-05-04T20:22:37+00:00\" \/>\n<meta name=\"twitter:card\" content=\"summary_large_image\" \/>\n<meta name=\"twitter:site\" content=\"@testaomega3\" \/>\n<script type=\"application\/ld+json\" class=\"yoast-schema-graph\">{\"@context\":\"https:\/\/schema.org\",\"@graph\":[{\"@type\":\"WebPage\",\"@id\":\"https:\/\/testa-omega3.com\/fr\/a-propos-de-testa\/\",\"url\":\"https:\/\/testa-omega3.com\/fr\/a-propos-de-testa\/\",\"name\":\"\u00e0\u20ac propos de Testa | Testa Om\u00e9ga-3 huile d'algues |\",\"isPartOf\":{\"@id\":\"https:\/\/testa-omega3.com\/fr\/#website\"},\"datePublished\":\"2020-05-08T18:20:44+00:00\",\"dateModified\":\"2023-05-04T20:22:37+00:00\",\"description\":\"Testa est une soci\u00e9t\u00e9 ayant pour objectif de remplacer des produits nuisibles aux oc\u00e9ans par des produits durables et de meilleure qualit\u00e9.\",\"breadcrumb\":{\"@id\":\"https:\/\/testa-omega3.com\/fr\/a-propos-de-testa\/#breadcrumb\"},\"inLanguage\":\"fr-FR\",\"potentialAction\":[{\"@type\":\"ReadAction\",\"target\":[\"https:\/\/testa-omega3.com\/fr\/a-propos-de-testa\/\"]}]},{\"@type\":\"BreadcrumbList\",\"@id\":\"https:\/\/testa-omega3.com\/fr\/a-propos-de-testa\/#breadcrumb\",\"itemListElement\":[{\"@type\":\"ListItem\",\"position\":1,\"name\":\"Home\",\"item\":\"https:\/\/testa-omega3.com\/fr\/\"},{\"@type\":\"ListItem\",\"position\":2,\"name\":\"A propos de Testa\"}]},{\"@type\":\"WebSite\",\"@id\":\"https:\/\/testa-omega3.com\/fr\/#website\",\"url\":\"https:\/\/testa-omega3.com\/fr\/\",\"name\":\"Testa\",\"description\":\"Omega-3 Algenolie!\",\"publisher\":{\"@id\":\"https:\/\/testa-omega3.com\/fr\/#organization\"},\"potentialAction\":[{\"@type\":\"SearchAction\",\"target\":{\"@type\":\"EntryPoint\",\"urlTemplate\":\"https:\/\/testa-omega3.com\/fr\/?s={search_term_string}\"},\"query-input\":{\"@type\":\"PropertyValueSpecification\",\"valueRequired\":true,\"valueName\":\"search_term_string\"}}],\"inLanguage\":\"fr-FR\"},{\"@type\":\"Organization\",\"@id\":\"https:\/\/testa-omega3.com\/fr\/#organization\",\"name\":\"Testa Omega-3\",\"url\":\"https:\/\/testa-omega3.com\/fr\/\",\"logo\":{\"@type\":\"ImageObject\",\"inLanguage\":\"fr-FR\",\"@id\":\"https:\/\/testa-omega3.com\/fr\/#\/schema\/logo\/image\/\",\"url\":\"https:\/\/testa-omega3.com\/wp-content\/uploads\/2021\/10\/testa-logo1.png\",\"contentUrl\":\"https:\/\/testa-omega3.com\/wp-content\/uploads\/2021\/10\/testa-logo1.png\",\"width\":121,\"height\":119,\"caption\":\"Testa Omega-3\"},\"image\":{\"@id\":\"https:\/\/testa-omega3.com\/fr\/#\/schema\/logo\/image\/\"},\"sameAs\":[\"https:\/\/www.facebook.com\/TestaOmega3\/\",\"https:\/\/x.com\/testaomega3\",\"https:\/\/www.instagram.com\/testaomega3\/\",\"https:\/\/linkedin.com\/company\/testa-omega-3\"]}]}<\/script>\n<!-- \/ Yoast SEO plugin. -->","yoast_head_json":{"title":"\u00e0\u20ac propos de Testa | Testa Om\u00e9ga-3 huile d'algues |","description":"Testa est une soci\u00e9t\u00e9 ayant pour objectif de remplacer des produits nuisibles aux oc\u00e9ans par des produits durables et de meilleure qualit\u00e9.","robots":{"index":"index","follow":"follow","max-snippet":"max-snippet:-1","max-image-preview":"max-image-preview:large","max-video-preview":"max-video-preview:-1"},"canonical":"https:\/\/testa-omega3.com\/fr\/a-propos-de-testa\/","og_locale":"fr_FR","og_type":"article","og_title":"\u00e0\u20ac propos de Testa | Testa Om\u00e9ga-3 huile d'algues |","og_description":"Testa est une soci\u00e9t\u00e9 ayant pour objectif de remplacer des produits nuisibles aux oc\u00e9ans par des produits durables et de meilleure qualit\u00e9.","og_url":"https:\/\/testa-omega3.com\/fr\/a-propos-de-testa\/","og_site_name":"Testa","article_publisher":"https:\/\/www.facebook.com\/TestaOmega3\/","article_modified_time":"2023-05-04T20:22:37+00:00","twitter_card":"summary_large_image","twitter_site":"@testaomega3","schema":{"@context":"https:\/\/schema.org","@graph":[{"@type":"WebPage","@id":"https:\/\/testa-omega3.com\/fr\/a-propos-de-testa\/","url":"https:\/\/testa-omega3.com\/fr\/a-propos-de-testa\/","name":"\u00e0\u20ac propos de Testa | Testa Om\u00e9ga-3 huile d'algues |","isPartOf":{"@id":"https:\/\/testa-omega3.com\/fr\/#website"},"datePublished":"2020-05-08T18:20:44+00:00","dateModified":"2023-05-04T20:22:37+00:00","description":"Testa est une soci\u00e9t\u00e9 ayant pour objectif de remplacer des produits nuisibles aux oc\u00e9ans par des produits durables et de meilleure qualit\u00e9.","breadcrumb":{"@id":"https:\/\/testa-omega3.com\/fr\/a-propos-de-testa\/#breadcrumb"},"inLanguage":"fr-FR","potentialAction":[{"@type":"ReadAction","target":["https:\/\/testa-omega3.com\/fr\/a-propos-de-testa\/"]}]},{"@type":"BreadcrumbList","@id":"https:\/\/testa-omega3.com\/fr\/a-propos-de-testa\/#breadcrumb","itemListElement":[{"@type":"ListItem","position":1,"name":"Home","item":"https:\/\/testa-omega3.com\/fr\/"},{"@type":"ListItem","position":2,"name":"A propos de Testa"}]},{"@type":"WebSite","@id":"https:\/\/testa-omega3.com\/fr\/#website","url":"https:\/\/testa-omega3.com\/fr\/","name":"Testa","description":"Omega-3 Algenolie!","publisher":{"@id":"https:\/\/testa-omega3.com\/fr\/#organization"},"potentialAction":[{"@type":"SearchAction","target":{"@type":"EntryPoint","urlTemplate":"https:\/\/testa-omega3.com\/fr\/?s={search_term_string}"},"query-input":{"@type":"PropertyValueSpecification","valueRequired":true,"valueName":"search_term_string"}}],"inLanguage":"fr-FR"},{"@type":"Organization","@id":"https:\/\/testa-omega3.com\/fr\/#organization","name":"Testa Omega-3","url":"https:\/\/testa-omega3.com\/fr\/","logo":{"@type":"ImageObject","inLanguage":"fr-FR","@id":"https:\/\/testa-omega3.com\/fr\/#\/schema\/logo\/image\/","url":"https:\/\/testa-omega3.com\/wp-content\/uploads\/2021\/10\/testa-logo1.png","contentUrl":"https:\/\/testa-omega3.com\/wp-content\/uploads\/2021\/10\/testa-logo1.png","width":121,"height":119,"caption":"Testa Omega-3"},"image":{"@id":"https:\/\/testa-omega3.com\/fr\/#\/schema\/logo\/image\/"},"sameAs":["https:\/\/www.facebook.com\/TestaOmega3\/","https:\/\/x.com\/testaomega3","https:\/\/www.instagram.com\/testaomega3\/","https:\/\/linkedin.com\/company\/testa-omega-3"]}]}},"_links":{"self":[{"href":"https:\/\/testa-omega3.com\/fr\/wp-json\/wp\/v2\/pages\/2440","targetHints":{"allow":["GET"]}}],"collection":[{"href":"https:\/\/testa-omega3.com\/fr\/wp-json\/wp\/v2\/pages"}],"about":[{"href":"https:\/\/testa-omega3.com\/fr\/wp-json\/wp\/v2\/types\/page"}],"author":[{"embeddable":true,"href":"https:\/\/testa-omega3.com\/fr\/wp-json\/wp\/v2\/users\/2"}],"replies":[{"embeddable":true,"href":"https:\/\/testa-omega3.com\/fr\/wp-json\/wp\/v2\/comments?post=2440"}],"version-history":[{"count":0,"href":"https:\/\/testa-omega3.com\/fr\/wp-json\/wp\/v2\/pages\/2440\/revisions"}],"wp:attachment":[{"href":"https:\/\/testa-omega3.com\/fr\/wp-json\/wp\/v2\/media?parent=2440"}],"curies":[{"name":"wp","href":"https:\/\/api.w.org\/{rel}","templated":true}]}}