{"id":2468,"date":"2020-03-10T13:45:41","date_gmt":"2020-03-10T13:45:41","guid":{"rendered":"https:\/\/testa-omega3.com\/testa-omega3-missie\/"},"modified":"2021-10-25T14:54:42","modified_gmt":"2021-10-25T12:54:42","slug":"testa-omega-3-mission","status":"publish","type":"page","link":"https:\/\/testa-omega3.com\/fr\/testa-omega-3-mission\/","title":{"rendered":"#fishfree"},"content":{"rendered":"\t\t<div class=\"featured-image-text-module double fade-bottom background-image\" style=\"background-image: url(https:\/\/testa-omega3.com\/wp-content\/uploads\/2021\/10\/background-water.jpg);\">\r\n\t\t\t<!-- <div class=\"bg-underlay\"><\/div> -->\r\n\t\t\t\r\n\t\t\t<div class=\"inner cf\">\r\n\t\t\t\t<div class=\"img-wrap\">\r\n\t\t\t\t\t<img decoding=\"async\" src=\"https:\/\/testa-omega3.com\/wp-content\/uploads\/2021\/10\/vis-2.png\" \/>\r\n\t\t\t\t<\/div><!--end of img-wrap-->\r\n\t\t\t\t\r\n\t\t\t\t<div class=\"text-wrap\">\r\n\t\t\t\t\t<h3>Notre mission en bref :<\/h3>\n<h1 class=\"sketch light\">#Fishfree<\/h1>\n<p><span style=\"color: #ffffff;\">Nous nous battons pour maintenir une population de poissons en bonne sant\u00e9 et des oc\u00e9an vivables. Non seulement en proposant des produits sans poisson, mais aussi en sensibilisant au maximum les consommateurs \u00e0\u00a0 l\u2019impact de la consommation de poisson ou d\u2019huile de poisson.<\/span><br \/>\n<span style=\"color: #62bfe2;\">Vous \u00eates pr\u00eat ?<\/span><\/p>\n\t\t\t\t\t\r\n\t\t\t\t<\/div><!--end of text-wrap-->\r\n\t\t\t\r\n\t\t\t\t<div class=\"add-img-wrap\">\r\n\t\t\t\t\t<img decoding=\"async\" src=\"https:\/\/testa-omega3.com\/wp-content\/uploads\/2021\/10\/vis-1.png\" \/>\r\n\t\t\t\t<\/div><!--end of img-wrap-->\r\n\t\t\t\r\n\t\t\t<\/div><!--end of inner-->\r\n\t\t<\/div><!--end of featured-image-text-module--> \t\r\n\n\n\t\t<div class=\"media-text-module  default style-three dark no-arrow-bottom   \">\r\n\t\t\t<div class=\"inner cf\">\r\n\t\t\t\t<div class=\"media-wrap oversize  center-right \" style=\"background-image: url(https:\/\/testa-omega3.com\/wp-content\/uploads\/2021\/10\/fish-shark-2.png); \">\r\n\t\t\t\t\t<img decoding=\"async\" src=\"https:\/\/testa-omega3.com\/wp-content\/uploads\/2021\/10\/fish-shark-2.png\" alt=\"\" \/>\r\n\t\t\t\t\t\t\t\t\t<\/div><!--end of media-wrap-->\r\n\t\t\t\t\r\n\t\t\t\t<div class=\"text-wrap\">\r\n\t\t\t\t<div class=\"media-wrap oversize  center-right  mobile\" style=\"background-image: url(https:\/\/testa-omega3.com\/wp-content\/uploads\/2021\/10\/fish-shark-2.png); \">\r\n\t\t\t\t\t\t\t\t\t<\/div><!--end of media-wrap-->\r\n\r\n\t\t\t\t\t<div class=\"text\">\r\n\t\t\t\t\t\t<h3 style=\"text-align: center;\"><span style=\"color: #62bfe2;\">Pourquoi ne devriez-vous plus manger de poisson ?<\/span><\/h3>\n<h1 class=\"sketch light\" style=\"text-align: center;\">90 milliards<\/h1>\n<p style=\"text-align: center;\"><span style=\"color: #ffffff;\">Nous mangeons du poisson ou avalons de l\u2019huile de poisson parce que c\u2019est \u00c2\u00ab bon pour la sant\u00e9 \u00c2\u00bb. Mais la fa\u00e0\u00a7on dont nous traitons les oc\u00e9ans pour y parvenir n\u2019est pas saine du tout ! Plus de 90 milliards de kilos sont p\u00each\u00e9s dans l\u2019oc\u00e9an pour \u00eatre consomm\u00e9s chaque ann\u00e9e. Une grande partie de ces prises sont des prises accessoires, comme les dauphins et les tortues, qui ne sont pas consomm\u00e9es. Si nous continuons ainsi, les oc\u00e9ans seront compl\u00e0\u00a8tement vides d\u2019ici 2048. En raison de la pollution, les poissons contiennent de nombreuses substances nocives, telles que le mercure et les PCB. Bien s\u00e0\u00bbr, ce n\u2019est pas bon pour vous non plus. Tout cela est inutile, car les nutriments les plus importants du poisson peuvent \u00e9galement \u00eatre obtenus \u00e0\u00a0 partir d\u2019algues.<\/span><\/p>\n\t\t\t\t\t<\/div><!--end of text-->\r\n\t\t\t\t<\/div><!--end of text-wrap-->\r\n\t\t\t<\/div><!--end of inner-->\r\n\t\t<\/div><!--end of media-text-module-->\r\n\n\n\t\t<div class=\"media-text-module  switch style-three dark no-arrow-bottom   \">\r\n\t\t\t<div class=\"inner cf\">\r\n\t\t\t\t<div class=\"media-wrap oversize  center-right \" style=\"background-image: url(https:\/\/testa-omega3.com\/wp-content\/uploads\/2021\/10\/whale.png); \">\r\n\t\t\t\t\t<img decoding=\"async\" src=\"https:\/\/testa-omega3.com\/wp-content\/uploads\/2021\/10\/whale.png\" alt=\"\" \/>\r\n\t\t\t\t\t\t\t\t\t<\/div><!--end of media-wrap-->\r\n\t\t\t\t\r\n\t\t\t\t<div class=\"text-wrap\">\r\n\t\t\t\t<div class=\"media-wrap oversize  center-right  mobile\" style=\"background-image: url(https:\/\/testa-omega3.com\/wp-content\/uploads\/2021\/10\/whale.png); \">\r\n\t\t\t\t\t\t\t\t\t<\/div><!--end of media-wrap-->\r\n\r\n\t\t\t\t\t<div class=\"text\">\r\n\t\t\t\t\t\t<h3 class=\"sketch light\" style=\"text-align: center;\"><span style=\"color: #62bfe2;\">Dans notre lutte pour un oc\u00e9an sain, nous soutenons<\/span><\/h3>\n<h1 class=\"sketch light\" style=\"text-align: center;\">Sea Shepherd<\/h1>\n<p style=\"text-align: center;\"><span style=\"color: #ffffff;\">Nous partageons leur mission de prot\u00e9ger et de conserver les esp\u00e0\u00a8ces animales et les \u00e9cosyst\u00e0\u00a8mes des oc\u00e9ans. Les actions de Sea Shepherd visent \u00e0\u00a0 arr\u00eater le massacre d\u2019animaux marins et la destruction de leurs habitats. Ils enqu\u00eatent, enregistrent et documentent les activit\u00e9s ill\u00e9gales en mer. Testa fait un don pour leurs actions et vous offre, en tant que compagnon de lutte, la possibilit\u00e9 d&rsquo;ajouter un don suppl\u00e9mentaire \u00e0\u00a0 votre achat. Ils attirent l\u2019attention de leurs donateurs sur les alternatives saines existantes \u00e0\u00a0 la consommation de poisson. <span style=\"color: #62bfe2;\"><a style=\"color: #62bfe2;\" href=\"https:\/\/www.seashepherdglobal.org\/\" target=\"_blank\" rel=\"noopener\">Lisez ici ce qu\u2019ils font.<\/a>.<\/span><\/span><\/p>\n\t\t\t\t\t<\/div><!--end of text-->\r\n\t\t\t\t<\/div><!--end of text-wrap-->\r\n\t\t\t<\/div><!--end of inner-->\r\n\t\t<\/div><!--end of media-text-module-->\r\n\n\n \n\t\t<div class=\"two-images-highlighted dark\" style=\"\">\n\t\t\t\n\t\t\t<div class=\"inner cf\">\n\t\t\t\n\t\t\t\t<div class=\"text-wrap\">\n\t\t\t\t\t<h1 class=\"sketch light\" style=\"text-align: center;\">rePurpose<\/h1>\n<p style=\"text-align: center;\"><span style=\"color: #ffffff;\">Nous emballons nos g\u00e9lules dans des bandes de blister en plastique parce que c&rsquo;est la meilleure protection pour le moment et parce que cela nous permet de garantir la qualit\u00e9 et la dur\u00e9e de conservation de l&rsquo;huile d&rsquo;algues mieux que toute autre marque d&rsquo;huile d&rsquo;algues. Cependant, le plastique constitue une menace majeure pour les oc\u00e9ans. Par responsabilit\u00e9, nous soutenons le travail de rePurpose. Il s&rsquo;agit d&rsquo;une \u00ab\u00a0plateforme d&rsquo;action plastique\u00a0\u00bb mondiale visant \u00e0\u00a0 r\u00e9duire les d\u00e9chets et \u00e0\u00a0 r\u00e9tablir l&rsquo;\u00e9quilibre naturel. Gr\u00e0\u00a2ce \u00e0\u00a0 eux, nous collectons d\u00e9sormais deux fois plus de plastique que nous n&rsquo;en produisons.\u00c2\u00a0<\/span><span style=\"color: #62bfe2;\"><a style=\"color: #62bfe2;\" href=\"https:\/\/repurpose.global\/\" target=\"_blank\" rel=\"noopener\">Lisez ce qu&rsquo;ils font ici<\/a><\/span><\/p>\n\t\t\t\t\t\n\t\t\t\t<\/div><!--end of text-wrap-->\n\n                                <div class=\"columns two\">\n                                \n                    <div class=\"column\" style=\"background-image: url(https:\/\/testa-omega3.com\/wp-content\/uploads\/2021\/10\/Sea-Shepherd-boat.jpg);\">\n                                            <img decoding=\"async\" class=\"logo\" src=\"https:\/\/testa-omega3.com\/wp-content\/uploads\/2021\/10\/Testa_Sea-Shepherd_Proudly_Supporting_Logo-black.png\"> \n                                        \n                                            <div class=\"header-wrap\">\n                            <h5 class=\"highlight\">\n                                Sea Shepherd se bat pour pr\u00e9server tous les \u00e9cosyst\u00e0\u00a8mes des oc\u00e9ans.                                                            <\/h5>\n                        <\/div>\n                    \n                    <\/div><!--end of column-->\n                                \n                    <div class=\"column\" style=\"background-image: url(https:\/\/testa-omega3.com\/wp-content\/uploads\/2021\/10\/RePurpose-1.jpg);\">\n                                            <img decoding=\"async\" class=\"logo\" src=\"https:\/\/testa-omega3.com\/wp-content\/uploads\/2021\/10\/repurpose.jpg\"> \n                                        \n                                            <div class=\"header-wrap\">\n                            <h5 class=\"highlight\">\n                                rePurpose, aide les personnes et les entreprises \u00e0\u00a0 r\u00e9duire leur empreinte plastique.                                                            <\/h5>\n                        <\/div>\n                    \n                    <\/div><!--end of column-->\n                                <\/div><!--end of columns.two-->\n                \t\n\n\n\t\t\t<\/div><!--end of inner-->\n\t\t<\/div><!--end of two-images-highlighted--> \t\n\n\n<div class=\"arrow-wrap dark\">\n    \n<\/div>         \n\n\n\t\t<div class=\"content-module image \" style=\"background-image:url(https:\/\/testa-omega3.com\/wp-content\/uploads\/2021\/10\/jonathan-borba-3o5oUjrD90w-unsplash-cropped-1.jpg);\">\r\n\t\t\t<div class=\"inner cf\">\r\n\t\t\t\t<div class=\"column\">\r\n\t\t\t\t\t<h3 style=\"text-align: center;\"><span style=\"color: #62bfe2;\">Un avenir sans poisson<\/span><\/h3>\n<h1 class=\"sketch light\" style=\"text-align: center;\">Quelle contribution pouvez-vous apporter ?<\/h1>\n<p style=\"text-align: center;\"><span style=\"color: #ffffff;\">La r\u00e9ponse est \u00e9vidente, changez votre huile de poisson ou de krill pour de l\u2019huile d\u2019algues Testa Omega-3 aujourd\u2019hui. Avec Testa Omega-3, vous choisissez un suppl\u00e9ment durable \u00e0\u00a0 partir d\u2019une source pure. Vous pouvez aussi opter pour nos produits sans poisson au supermarch\u00e9 au lieu de la variante \u00e0\u00a0 base de poisson. Et si vous \u00eates enthousiaste et convaincu, notre histoire fera bien s\u00e0\u00bbr tache d\u2019huile (d\u2019algues) gr\u00e0\u00a2ce \u00e0\u00a0 vous.<\/span><\/p>\n<p style=\"text-align: center;\"><span class=\"btn default-red\"><a href=\"https:\/\/testa-omega3.com\/fr\/apercu-des-produits\/\">Vous \u00eates pr\u00eat ? Commandez vos om\u00e9ga 3 ici<br \/>\n<\/a><\/span><\/p>\n\t\t\t\t<\/div><!--end of column-->\r\n\t\t\t<\/div><!--end of inner-->\r\n\t\t<\/div><!--end of content-module-->\t\r\n","protected":false},"excerpt":{"rendered":"","protected":false},"author":1,"featured_media":0,"parent":0,"menu_order":0,"comment_status":"closed","ping_status":"closed","template":"template-poststyle.php","meta":{"_acf_changed":false,"footnotes":""},"class_list":["post-2468","page","type-page","status-publish","hentry"],"acf":[],"yoast_head":"<!-- This site is optimized with the Yoast SEO plugin v27.3 - https:\/\/yoast.com\/product\/yoast-seo-wordpress\/ -->\n<title>Testa: une marque avec une mission | Testa Omega-3<\/title>\n<meta name=\"description\" content=\"Saviez-vous que 25 % des prises de poisson sont destin\u00e9es au secteur des om\u00e9ga 3 alors que les poissons tirent leurs om\u00e9ga 3 des algues.\" \/>\n<meta name=\"robots\" content=\"index, follow, max-snippet:-1, max-image-preview:large, max-video-preview:-1\" \/>\n<link rel=\"canonical\" href=\"https:\/\/testa-omega3.com\/fr\/testa-omega-3-mission\/\" \/>\n<meta property=\"og:locale\" content=\"fr_FR\" \/>\n<meta property=\"og:type\" content=\"article\" \/>\n<meta property=\"og:title\" content=\"Testa: une marque avec une mission | Testa Omega-3\" \/>\n<meta property=\"og:description\" content=\"Saviez-vous que 25 % des prises de poisson sont destin\u00e9es au secteur des om\u00e9ga 3 alors que les poissons tirent leurs om\u00e9ga 3 des algues.\" \/>\n<meta property=\"og:url\" content=\"https:\/\/testa-omega3.com\/fr\/testa-omega-3-mission\/\" \/>\n<meta property=\"og:site_name\" content=\"Testa\" \/>\n<meta property=\"article:publisher\" content=\"https:\/\/www.facebook.com\/TestaOmega3\/\" \/>\n<meta property=\"article:modified_time\" content=\"2021-10-25T12:54:42+00:00\" \/>\n<meta name=\"twitter:card\" content=\"summary_large_image\" \/>\n<meta name=\"twitter:site\" content=\"@testaomega3\" \/>\n<script type=\"application\/ld+json\" class=\"yoast-schema-graph\">{\"@context\":\"https:\\\/\\\/schema.org\",\"@graph\":[{\"@type\":\"WebPage\",\"@id\":\"https:\\\/\\\/testa-omega3.com\\\/fr\\\/testa-omega-3-mission\\\/\",\"url\":\"https:\\\/\\\/testa-omega3.com\\\/fr\\\/testa-omega-3-mission\\\/\",\"name\":\"Testa: une marque avec une mission | Testa Omega-3\",\"isPartOf\":{\"@id\":\"https:\\\/\\\/testa-omega3.com\\\/fr\\\/#website\"},\"datePublished\":\"2020-03-10T13:45:41+00:00\",\"dateModified\":\"2021-10-25T12:54:42+00:00\",\"description\":\"Saviez-vous que 25 % des prises de poisson sont destin\u00e9es au secteur des om\u00e9ga 3 alors que les poissons tirent leurs om\u00e9ga 3 des algues.\",\"breadcrumb\":{\"@id\":\"https:\\\/\\\/testa-omega3.com\\\/fr\\\/testa-omega-3-mission\\\/#breadcrumb\"},\"inLanguage\":\"fr-FR\",\"potentialAction\":[{\"@type\":\"ReadAction\",\"target\":[\"https:\\\/\\\/testa-omega3.com\\\/fr\\\/testa-omega-3-mission\\\/\"]}]},{\"@type\":\"BreadcrumbList\",\"@id\":\"https:\\\/\\\/testa-omega3.com\\\/fr\\\/testa-omega-3-mission\\\/#breadcrumb\",\"itemListElement\":[{\"@type\":\"ListItem\",\"position\":1,\"name\":\"Home\",\"item\":\"https:\\\/\\\/testa-omega3.com\\\/fr\\\/\"},{\"@type\":\"ListItem\",\"position\":2,\"name\":\"#fishfree\"}]},{\"@type\":\"WebSite\",\"@id\":\"https:\\\/\\\/testa-omega3.com\\\/fr\\\/#website\",\"url\":\"https:\\\/\\\/testa-omega3.com\\\/fr\\\/\",\"name\":\"Testa\",\"description\":\"Omega-3 Algenolie!\",\"publisher\":{\"@id\":\"https:\\\/\\\/testa-omega3.com\\\/fr\\\/#organization\"},\"potentialAction\":[{\"@type\":\"SearchAction\",\"target\":{\"@type\":\"EntryPoint\",\"urlTemplate\":\"https:\\\/\\\/testa-omega3.com\\\/fr\\\/?s={search_term_string}\"},\"query-input\":{\"@type\":\"PropertyValueSpecification\",\"valueRequired\":true,\"valueName\":\"search_term_string\"}}],\"inLanguage\":\"fr-FR\"},{\"@type\":\"Organization\",\"@id\":\"https:\\\/\\\/testa-omega3.com\\\/fr\\\/#organization\",\"name\":\"Testa Omega-3\",\"url\":\"https:\\\/\\\/testa-omega3.com\\\/fr\\\/\",\"logo\":{\"@type\":\"ImageObject\",\"inLanguage\":\"fr-FR\",\"@id\":\"https:\\\/\\\/testa-omega3.com\\\/fr\\\/#\\\/schema\\\/logo\\\/image\\\/\",\"url\":\"https:\\\/\\\/testa-omega3.com\\\/wp-content\\\/uploads\\\/2021\\\/10\\\/testa-logo1.png\",\"contentUrl\":\"https:\\\/\\\/testa-omega3.com\\\/wp-content\\\/uploads\\\/2021\\\/10\\\/testa-logo1.png\",\"width\":121,\"height\":119,\"caption\":\"Testa Omega-3\"},\"image\":{\"@id\":\"https:\\\/\\\/testa-omega3.com\\\/fr\\\/#\\\/schema\\\/logo\\\/image\\\/\"},\"sameAs\":[\"https:\\\/\\\/www.facebook.com\\\/TestaOmega3\\\/\",\"https:\\\/\\\/x.com\\\/testaomega3\",\"https:\\\/\\\/www.instagram.com\\\/testaomega3\\\/\",\"https:\\\/\\\/linkedin.com\\\/company\\\/testa-omega-3\"]}]}<\/script>\n<!-- \/ Yoast SEO plugin. -->","yoast_head_json":{"title":"Testa: une marque avec une mission | Testa Omega-3","description":"Saviez-vous que 25 % des prises de poisson sont destin\u00e9es au secteur des om\u00e9ga 3 alors que les poissons tirent leurs om\u00e9ga 3 des algues.","robots":{"index":"index","follow":"follow","max-snippet":"max-snippet:-1","max-image-preview":"max-image-preview:large","max-video-preview":"max-video-preview:-1"},"canonical":"https:\/\/testa-omega3.com\/fr\/testa-omega-3-mission\/","og_locale":"fr_FR","og_type":"article","og_title":"Testa: une marque avec une mission | Testa Omega-3","og_description":"Saviez-vous que 25 % des prises de poisson sont destin\u00e9es au secteur des om\u00e9ga 3 alors que les poissons tirent leurs om\u00e9ga 3 des algues.","og_url":"https:\/\/testa-omega3.com\/fr\/testa-omega-3-mission\/","og_site_name":"Testa","article_publisher":"https:\/\/www.facebook.com\/TestaOmega3\/","article_modified_time":"2021-10-25T12:54:42+00:00","twitter_card":"summary_large_image","twitter_site":"@testaomega3","schema":{"@context":"https:\/\/schema.org","@graph":[{"@type":"WebPage","@id":"https:\/\/testa-omega3.com\/fr\/testa-omega-3-mission\/","url":"https:\/\/testa-omega3.com\/fr\/testa-omega-3-mission\/","name":"Testa: une marque avec une mission | Testa Omega-3","isPartOf":{"@id":"https:\/\/testa-omega3.com\/fr\/#website"},"datePublished":"2020-03-10T13:45:41+00:00","dateModified":"2021-10-25T12:54:42+00:00","description":"Saviez-vous que 25 % des prises de poisson sont destin\u00e9es au secteur des om\u00e9ga 3 alors que les poissons tirent leurs om\u00e9ga 3 des algues.","breadcrumb":{"@id":"https:\/\/testa-omega3.com\/fr\/testa-omega-3-mission\/#breadcrumb"},"inLanguage":"fr-FR","potentialAction":[{"@type":"ReadAction","target":["https:\/\/testa-omega3.com\/fr\/testa-omega-3-mission\/"]}]},{"@type":"BreadcrumbList","@id":"https:\/\/testa-omega3.com\/fr\/testa-omega-3-mission\/#breadcrumb","itemListElement":[{"@type":"ListItem","position":1,"name":"Home","item":"https:\/\/testa-omega3.com\/fr\/"},{"@type":"ListItem","position":2,"name":"#fishfree"}]},{"@type":"WebSite","@id":"https:\/\/testa-omega3.com\/fr\/#website","url":"https:\/\/testa-omega3.com\/fr\/","name":"Testa","description":"Omega-3 Algenolie!","publisher":{"@id":"https:\/\/testa-omega3.com\/fr\/#organization"},"potentialAction":[{"@type":"SearchAction","target":{"@type":"EntryPoint","urlTemplate":"https:\/\/testa-omega3.com\/fr\/?s={search_term_string}"},"query-input":{"@type":"PropertyValueSpecification","valueRequired":true,"valueName":"search_term_string"}}],"inLanguage":"fr-FR"},{"@type":"Organization","@id":"https:\/\/testa-omega3.com\/fr\/#organization","name":"Testa Omega-3","url":"https:\/\/testa-omega3.com\/fr\/","logo":{"@type":"ImageObject","inLanguage":"fr-FR","@id":"https:\/\/testa-omega3.com\/fr\/#\/schema\/logo\/image\/","url":"https:\/\/testa-omega3.com\/wp-content\/uploads\/2021\/10\/testa-logo1.png","contentUrl":"https:\/\/testa-omega3.com\/wp-content\/uploads\/2021\/10\/testa-logo1.png","width":121,"height":119,"caption":"Testa Omega-3"},"image":{"@id":"https:\/\/testa-omega3.com\/fr\/#\/schema\/logo\/image\/"},"sameAs":["https:\/\/www.facebook.com\/TestaOmega3\/","https:\/\/x.com\/testaomega3","https:\/\/www.instagram.com\/testaomega3\/","https:\/\/linkedin.com\/company\/testa-omega-3"]}]}},"_links":{"self":[{"href":"https:\/\/testa-omega3.com\/fr\/wp-json\/wp\/v2\/pages\/2468","targetHints":{"allow":["GET"]}}],"collection":[{"href":"https:\/\/testa-omega3.com\/fr\/wp-json\/wp\/v2\/pages"}],"about":[{"href":"https:\/\/testa-omega3.com\/fr\/wp-json\/wp\/v2\/types\/page"}],"author":[{"embeddable":true,"href":"https:\/\/testa-omega3.com\/fr\/wp-json\/wp\/v2\/users\/1"}],"replies":[{"embeddable":true,"href":"https:\/\/testa-omega3.com\/fr\/wp-json\/wp\/v2\/comments?post=2468"}],"version-history":[{"count":0,"href":"https:\/\/testa-omega3.com\/fr\/wp-json\/wp\/v2\/pages\/2468\/revisions"}],"wp:attachment":[{"href":"https:\/\/testa-omega3.com\/fr\/wp-json\/wp\/v2\/media?parent=2468"}],"curies":[{"name":"wp","href":"https:\/\/api.w.org\/{rel}","templated":true}]}}