{"id":2494,"date":"2020-05-11T14:03:14","date_gmt":"2020-05-11T14:03:14","guid":{"rendered":"https:\/\/testa-omega3.com\/vacatures-testa-omega3\/"},"modified":"2020-12-17T17:16:16","modified_gmt":"2020-12-17T16:16:16","slug":"postes-vacants-testa-omega-3","status":"publish","type":"page","link":"https:\/\/testa-omega3.com\/fr\/postes-vacants-testa-omega-3\/","title":{"rendered":"Postes Vacants &#8211; Testa Omega-3"},"content":{"rendered":"\t\t<div class=\"content-module intro\">\n\t\t\t<div class=\"inner cf\">\n\t\t\t\t<div class=\"column\">\n\t\t\t\t\t<h1><b>Vacancies Testa Omega-3<\/b><\/h1>\n<p>Make our mission your mission and start working at a food scale-up with a mission. Help building our mature brand in nutritional supplements to become better visible around the globe. Testa Omega-3 has worldwide precense and is the most estabished brand of Wellness Innovations, the social enterprise that wants to be good for you and the ocean. Look at our open vacancies below and see how you can contribute to this!<\/p>\n\t\t\t\t<\/div><!--end of column-->\n\t\t\t<\/div><!--end of inner-->\n\t\t<\/div><!--end of content-module-->\n\n\n\t\t<div class=\"full-image-module\">\r\n\t\t\t<div class=\"inner cf\">\r\n                                <img decoding=\"async\" src=\"https:\/\/testa-omega3.com\/wp-content\/uploads\/2020\/04\/image-omega-3-algae-mission.jpg\" \/>\r\n                                                <span class=\"label\">missie<\/span>\r\n                \t\t\t<\/div><!--end of inner-->\r\n\t\t<\/div><!--end of full-image-module-->\r\n\n\n\t\t<div class=\"content-module  \" style=\"\">\r\n\t\t\t<div class=\"inner cf\">\r\n\t\t\t\t<div class=\"column\">\r\n\t\t\t\t\t<h2><strong><b>Working at a food scale-up with a mission!<\/b><\/strong><\/h2>\n<p>We want to shake up the Omega-3 industry and let the world know they should take Omega 3, but not from fish! View our vacancies.<\/p>\n<p>&nbsp;<\/p>\n\t\t\t\t<\/div><!--end of column-->\r\n\t\t\t<\/div><!--end of inner-->\r\n\t\t<\/div><!--end of content-module-->\t\r\n\n\n\t\t<div class=\"media-text-module  default default  no-arrow-bottom   \">\r\n\t\t\t<div class=\"inner cf\">\r\n\t\t\t\t<div class=\"media-wrap  asd\" style=\"background-image: url(https:\/\/testa-omega3.com\/wp-content\/uploads\/2020\/03\/testa-header-video-placeholder.jpg); \">\r\n\t\t\t\t\t<img decoding=\"async\" src=\"https:\/\/testa-omega3.com\/wp-content\/uploads\/2020\/03\/testa-header-video-placeholder.jpg\" alt=\"\" \/>\r\n\t\t\t\t\t\t\t\t\t<\/div><!--end of media-wrap-->\r\n\t\t\t\t\r\n\t\t\t\t<div class=\"text-wrap\">\r\n\t\t\t\t<div class=\"media-wrap  asd mobile\" style=\"background-image: url(https:\/\/testa-omega3.com\/wp-content\/uploads\/2020\/03\/testa-header-video-placeholder.jpg); \">\r\n\t\t\t\t\t\t\t\t\t<\/div><!--end of media-wrap-->\r\n\r\n\t\t\t\t\t<div class=\"text\">\r\n\t\t\t\t\t\t<h2><b>Junior Content Marketer<\/b><\/h2>\n<p>To accelerate our mission, we are looking for a Junior Content Marketer. Within this position you will be directed by the Global Head of E-commerce. You are fully involved in daily business and will receive a wide and varied range of tasks. Do you think you can help spreading Testa? Please contact us!<\/p>\n \t\t\t\r\n\t\r\n\t<div class=\" btn   \">\r\n        <a href=\"#Onze missie\" target=\"_self\" >Bekijk de vacature<\/a>\r\n    <\/div>\r\n\t\t\t\t\t\t<\/div><!--end of text-->\r\n\t\t\t\t<\/div><!--end of text-wrap-->\r\n\t\t\t<\/div><!--end of inner-->\r\n\t\t<\/div><!--end of media-text-module-->\r\n\n\n\t\t<div class=\"media-text-module  switch default  no-arrow-bottom   \">\r\n\t\t\t<div class=\"inner cf\">\r\n\t\t\t\t<div class=\"media-wrap  asd\" style=\"background-image: url(https:\/\/testa-omega3.com\/wp-content\/uploads\/2020\/03\/testa-header-video-placeholder.jpg); \">\r\n\t\t\t\t\t<img decoding=\"async\" src=\"https:\/\/testa-omega3.com\/wp-content\/uploads\/2020\/03\/testa-header-video-placeholder.jpg\" alt=\"\" \/>\r\n\t\t\t\t\t\t\t\t\t<\/div><!--end of media-wrap-->\r\n\t\t\t\t\r\n\t\t\t\t<div class=\"text-wrap\">\r\n\t\t\t\t<div class=\"media-wrap  asd mobile\" style=\"background-image: url(https:\/\/testa-omega3.com\/wp-content\/uploads\/2020\/03\/testa-header-video-placeholder.jpg); \">\r\n\t\t\t\t\t\t\t\t\t<\/div><!--end of media-wrap-->\r\n\r\n\t\t\t\t\t<div class=\"text\">\r\n\t\t\t\t\t\t<h2><b>Are you the talent we are looking for?<\/b><\/h2>\n<p><strong>#Social talent #Research talent #Marketing talent #Graphic talent or #Sales talent?<\/strong><br \/>\nAre you someone with guts and own input? Someone who wants to use his talent to make the world a bit nicer and someone wo wants to become best in his own field? Do you want to learn more about growth hacking, marketing, sales or graphic design? Just tell us what you think is fun to do and how you can contribute to our mission!<\/p>\n \t\t\t\r\n\t\r\n\t<div class=\" btn   \">\r\n        <a href=\"#Onze missie\" target=\"_self\" >Bekijk de vacature<\/a>\r\n    <\/div>\r\n\t\t\t\t\t\t<\/div><!--end of text-->\r\n\t\t\t\t<\/div><!--end of text-wrap-->\r\n\t\t\t<\/div><!--end of inner-->\r\n\t\t<\/div><!--end of media-text-module-->\r\n\n\n<div class=\"products-overview-module  has-no-bg  \">\n\n\n    <div class=\"inner cf\">\n        <div class=\"filters-wrap\">\n            <div class=\"options-wrap\">\n                <h4>Keuzehulp<\/h4>\n                <div class=\"select-option\">\n                    <select>\n                        <option>Man of vrouw<\/option>\n                        <option>Man of vrouw<\/option>\n                        <option>Man of vrouw<\/option>\n                    <\/select>\n                <\/div>\n                <!--end of select-option-->\n\n                <div class=\"select-option\">\n                    <select>\n                        <option>Leeftijd<\/option>\n                        <option>Leeftijd<\/option>\n                        <option>Leeftijd<\/option>\n                    <\/select>\n                <\/div>\n                <!--end of select-option-->\n\n                <div class=\"select-option\">\n                    <select>\n                        <option>Hoe vaak eet je vis<\/option>\n                        <option>Hoe vaak eet je vis<\/option>\n                        <option>Hoe vaak eet je vis<\/option>\n                    <\/select>\n                <\/div>\n                <!--end of select-option-->\n            <\/div>\n            <!--end of options-wrap-->\n\n            <div class=\"options-wrap\">\n                <h5>Slik je gemakkelijk capsules?<\/h5>\n                <div class=\"select-option\">\n                    <select>\n                        <option>ja\/nee<\/option>\n                        <option>ja\/nee<\/option>\n                        <option>ja\/nee<\/option>\n                    <\/select>\n                <\/div>\n                <!--end of select-option-->\n            <\/div>\n            <!--end of options-wrap-->\n\n            <div class=\"options-wrap\">\n                <h5>Zwanger?<\/h5>\n                <div class=\"select-option\">\n                    <select>\n                        <option>Plannend<\/option>\n                        <option>Plannend<\/option>\n                        <option>Plannend<\/option>\n                    <\/select>\n                <\/div>\n                <!--end of select-option-->\n            <\/div>\n            <!--end of options-wrap-->\n        <\/div>\n        <!--end of filters-wrap-->\n        <div class=\"products-wrap\">\n\n                    <div class=\"product\">\r\n\r\n            <div class=\"text-wrap\">\r\n                <h6><a href=\"https:\/\/testa-omega3.com\/fr\/produit\/huile-d-algues-omega-3-dha-epa-disabled\/\">DHA &#038; EPA Om\u00e9ga-3 Huile d&rsquo;algues<\/a><\/h6>\r\n\r\n                <p class=\"description\">Pure, sans poisson et 100 % v\u00e9g\u00e9tale. Bons pour le c\u00c5\u201cur, le cerveau et les yeux.<\/p>\r\n                                \r\n                <div class=\"btn-wrap\">\r\n                                            <div class=\"btn style-3\">\r\n                            <a href=\"https:\/\/testa-omega3.com\/fr\/produit\/huile-d-algues-omega-3-dha-epa-disabled\/\">Lire plus<\/a>\r\n                        <\/div>\r\n                    \r\n\r\n                <\/div>\r\n\r\n            <\/div>\r\n            <!--end of text-wrap-->\r\n                            <div class=\"img-wrap\">\r\n                    <span class=\"spacer\">&nbsp;<\/span>\r\n                    <img decoding=\"async\" src=\"https:\/\/testa-omega3.com\/wp-content\/uploads\/2022\/07\/Testa-UK-DHA-EPA-web-1080-kl.png\" \/>\r\n                <\/div>\r\n                <!--end of img-wrap-->\r\n                        <div class=\"btn cta default-red\">\r\n                <a href=\"https:\/\/testa-omega3.com\/fr\/produit\/huile-d-algues-omega-3-dha-epa-disabled\/\">Shop now<\/a>\r\n            <\/div>\r\n            <!-- <a href=\"https:\/\/testa-omega3.com\/fr\/produit\/huile-d-algues-omega-3-dha-epa-disabled\/\" class=\"full-link\"><\/a> -->\r\n        <\/div>\r\n        <!--end of product-->\r\n            <div class=\"product\">\r\n\r\n            <div class=\"text-wrap\">\r\n                <h6><a href=\"https:\/\/testa-omega3.com\/fr\/produit\/huile-d-algues-omega-3-250mg-dha-disabled\/\">DHA Om\u00e9ga-3 Huile d&rsquo;algues<\/a><\/h6>\r\n\r\n                <p class=\"description\">Pure, sans poisson et 100 % v\u00e9g\u00e9tale. Bons pour le cerveau et les yeux.<\/p>\r\n                                \r\n                <div class=\"btn-wrap\">\r\n                                            <div class=\"btn style-3\">\r\n                            <a href=\"https:\/\/testa-omega3.com\/fr\/produit\/huile-d-algues-omega-3-250mg-dha-disabled\/\">Lire plus<\/a>\r\n                        <\/div>\r\n                    \r\n\r\n                <\/div>\r\n\r\n            <\/div>\r\n            <!--end of text-wrap-->\r\n                            <div class=\"img-wrap\">\r\n                    <span class=\"spacer\">&nbsp;<\/span>\r\n                    <img decoding=\"async\" src=\"https:\/\/testa-omega3.com\/wp-content\/uploads\/2022\/07\/Testa-UK-DHA-web-1080-kl.png\" \/>\r\n                <\/div>\r\n                <!--end of img-wrap-->\r\n                        <div class=\"btn cta default-red\">\r\n                <a href=\"https:\/\/testa-omega3.com\/fr\/produit\/huile-d-algues-omega-3-250mg-dha-disabled\/\">Shop now<\/a>\r\n            <\/div>\r\n            <!-- <a href=\"https:\/\/testa-omega3.com\/fr\/produit\/huile-d-algues-omega-3-250mg-dha-disabled\/\" class=\"full-link\"><\/a> -->\r\n        <\/div>\r\n        <!--end of product-->\r\n    \n        <\/div>\n        <!--end of products-wrap-->\n    <\/div>\n    <!--end of inner-->\n<\/div>\n<!--end of products-overview-module-->\n\n\n\n\t\t<div class=\"content-module  \" style=\"\">\r\n\t\t\t<div class=\"inner cf\">\r\n\t\t\t\t<div class=\"column\">\r\n\t\t\t\t\t\t\t\t\t<\/div><!--end of column-->\r\n\t\t\t<\/div><!--end of inner-->\r\n\t\t<\/div><!--end of content-module-->\t\r\n\n\n<div class=\"reviews-block-module\">\n    <div class=\"inner cf\">\n        <div class=\"rating-wrap\">\n            <!-- trustedshops here -->\n            <!-- Begin eTrusted widget tag -->\n                        \n            <etrusted-widget data-etrusted-widget-id=\"wdg-a755cedb-17a5-4567-8ffe-e04ff114c930\"><\/etrusted-widget>\n            <!-- End eTrusted widget tag -->\n        <\/div><!--end of rating-wrap-->\n    <\/div><!--end of inner-->\n<\/div><!--end of content-module-->\n","protected":false},"excerpt":{"rendered":"","protected":false},"author":2,"featured_media":0,"parent":0,"menu_order":0,"comment_status":"closed","ping_status":"closed","template":"template-poststyle.php","meta":{"_acf_changed":false,"footnotes":""},"class_list":["post-2494","page","type-page","status-publish","hentry"],"acf":[],"yoast_head":"<!-- This site is optimized with the Yoast SEO plugin v27.3 - https:\/\/yoast.com\/product\/yoast-seo-wordpress\/ -->\n<title>Postes vacants | Testa Omega-3 | Une marque avec une mission<\/title>\n<meta name=\"description\" content=\"Nous voulons secouer l&#039;industrie des om\u00e9ga-3 et faire savoir au monde qu&#039;ils devraient prendre les om\u00e9ga-3 des algues. Consultez nos offres d&#039;emploi.\" \/>\n<meta name=\"robots\" content=\"index, follow, max-snippet:-1, max-image-preview:large, max-video-preview:-1\" \/>\n<link rel=\"canonical\" href=\"https:\/\/testa-omega3.com\/fr\/postes-vacants-testa-omega-3\/\" \/>\n<meta property=\"og:locale\" content=\"fr_FR\" \/>\n<meta property=\"og:type\" content=\"article\" \/>\n<meta property=\"og:title\" content=\"Postes vacants | Testa Omega-3 | Une marque avec une mission\" \/>\n<meta property=\"og:description\" content=\"Nous voulons secouer l&#039;industrie des om\u00e9ga-3 et faire savoir au monde qu&#039;ils devraient prendre les om\u00e9ga-3 des algues. Consultez nos offres d&#039;emploi.\" \/>\n<meta property=\"og:url\" content=\"https:\/\/testa-omega3.com\/fr\/postes-vacants-testa-omega-3\/\" \/>\n<meta property=\"og:site_name\" content=\"Testa\" \/>\n<meta property=\"article:publisher\" content=\"https:\/\/www.facebook.com\/TestaOmega3\/\" \/>\n<meta property=\"article:modified_time\" content=\"2020-12-17T16:16:16+00:00\" \/>\n<meta name=\"twitter:card\" content=\"summary_large_image\" \/>\n<meta name=\"twitter:site\" content=\"@testaomega3\" \/>\n<script type=\"application\/ld+json\" class=\"yoast-schema-graph\">{\"@context\":\"https:\\\/\\\/schema.org\",\"@graph\":[{\"@type\":\"WebPage\",\"@id\":\"https:\\\/\\\/testa-omega3.com\\\/fr\\\/postes-vacants-testa-omega-3\\\/\",\"url\":\"https:\\\/\\\/testa-omega3.com\\\/fr\\\/postes-vacants-testa-omega-3\\\/\",\"name\":\"Postes vacants | Testa Omega-3 | Une marque avec une mission\",\"isPartOf\":{\"@id\":\"https:\\\/\\\/testa-omega3.com\\\/fr\\\/#website\"},\"datePublished\":\"2020-05-11T14:03:14+00:00\",\"dateModified\":\"2020-12-17T16:16:16+00:00\",\"description\":\"Nous voulons secouer l'industrie des om\u00e9ga-3 et faire savoir au monde qu'ils devraient prendre les om\u00e9ga-3 des algues. Consultez nos offres d'emploi.\",\"breadcrumb\":{\"@id\":\"https:\\\/\\\/testa-omega3.com\\\/fr\\\/postes-vacants-testa-omega-3\\\/#breadcrumb\"},\"inLanguage\":\"fr-FR\",\"potentialAction\":[{\"@type\":\"ReadAction\",\"target\":[\"https:\\\/\\\/testa-omega3.com\\\/fr\\\/postes-vacants-testa-omega-3\\\/\"]}]},{\"@type\":\"BreadcrumbList\",\"@id\":\"https:\\\/\\\/testa-omega3.com\\\/fr\\\/postes-vacants-testa-omega-3\\\/#breadcrumb\",\"itemListElement\":[{\"@type\":\"ListItem\",\"position\":1,\"name\":\"Home\",\"item\":\"https:\\\/\\\/testa-omega3.com\\\/fr\\\/\"},{\"@type\":\"ListItem\",\"position\":2,\"name\":\"Postes Vacants &#8211; Testa Omega-3\"}]},{\"@type\":\"WebSite\",\"@id\":\"https:\\\/\\\/testa-omega3.com\\\/fr\\\/#website\",\"url\":\"https:\\\/\\\/testa-omega3.com\\\/fr\\\/\",\"name\":\"Testa\",\"description\":\"Omega-3 Algenolie!\",\"publisher\":{\"@id\":\"https:\\\/\\\/testa-omega3.com\\\/fr\\\/#organization\"},\"potentialAction\":[{\"@type\":\"SearchAction\",\"target\":{\"@type\":\"EntryPoint\",\"urlTemplate\":\"https:\\\/\\\/testa-omega3.com\\\/fr\\\/?s={search_term_string}\"},\"query-input\":{\"@type\":\"PropertyValueSpecification\",\"valueRequired\":true,\"valueName\":\"search_term_string\"}}],\"inLanguage\":\"fr-FR\"},{\"@type\":\"Organization\",\"@id\":\"https:\\\/\\\/testa-omega3.com\\\/fr\\\/#organization\",\"name\":\"Testa Omega-3\",\"url\":\"https:\\\/\\\/testa-omega3.com\\\/fr\\\/\",\"logo\":{\"@type\":\"ImageObject\",\"inLanguage\":\"fr-FR\",\"@id\":\"https:\\\/\\\/testa-omega3.com\\\/fr\\\/#\\\/schema\\\/logo\\\/image\\\/\",\"url\":\"https:\\\/\\\/testa-omega3.com\\\/wp-content\\\/uploads\\\/2021\\\/10\\\/testa-logo1.png\",\"contentUrl\":\"https:\\\/\\\/testa-omega3.com\\\/wp-content\\\/uploads\\\/2021\\\/10\\\/testa-logo1.png\",\"width\":121,\"height\":119,\"caption\":\"Testa Omega-3\"},\"image\":{\"@id\":\"https:\\\/\\\/testa-omega3.com\\\/fr\\\/#\\\/schema\\\/logo\\\/image\\\/\"},\"sameAs\":[\"https:\\\/\\\/www.facebook.com\\\/TestaOmega3\\\/\",\"https:\\\/\\\/x.com\\\/testaomega3\",\"https:\\\/\\\/www.instagram.com\\\/testaomega3\\\/\",\"https:\\\/\\\/linkedin.com\\\/company\\\/testa-omega-3\"]}]}<\/script>\n<!-- \/ Yoast SEO plugin. -->","yoast_head_json":{"title":"Postes vacants | Testa Omega-3 | Une marque avec une mission","description":"Nous voulons secouer l'industrie des om\u00e9ga-3 et faire savoir au monde qu'ils devraient prendre les om\u00e9ga-3 des algues. Consultez nos offres d'emploi.","robots":{"index":"index","follow":"follow","max-snippet":"max-snippet:-1","max-image-preview":"max-image-preview:large","max-video-preview":"max-video-preview:-1"},"canonical":"https:\/\/testa-omega3.com\/fr\/postes-vacants-testa-omega-3\/","og_locale":"fr_FR","og_type":"article","og_title":"Postes vacants | Testa Omega-3 | Une marque avec une mission","og_description":"Nous voulons secouer l'industrie des om\u00e9ga-3 et faire savoir au monde qu'ils devraient prendre les om\u00e9ga-3 des algues. Consultez nos offres d'emploi.","og_url":"https:\/\/testa-omega3.com\/fr\/postes-vacants-testa-omega-3\/","og_site_name":"Testa","article_publisher":"https:\/\/www.facebook.com\/TestaOmega3\/","article_modified_time":"2020-12-17T16:16:16+00:00","twitter_card":"summary_large_image","twitter_site":"@testaomega3","schema":{"@context":"https:\/\/schema.org","@graph":[{"@type":"WebPage","@id":"https:\/\/testa-omega3.com\/fr\/postes-vacants-testa-omega-3\/","url":"https:\/\/testa-omega3.com\/fr\/postes-vacants-testa-omega-3\/","name":"Postes vacants | Testa Omega-3 | Une marque avec une mission","isPartOf":{"@id":"https:\/\/testa-omega3.com\/fr\/#website"},"datePublished":"2020-05-11T14:03:14+00:00","dateModified":"2020-12-17T16:16:16+00:00","description":"Nous voulons secouer l'industrie des om\u00e9ga-3 et faire savoir au monde qu'ils devraient prendre les om\u00e9ga-3 des algues. Consultez nos offres d'emploi.","breadcrumb":{"@id":"https:\/\/testa-omega3.com\/fr\/postes-vacants-testa-omega-3\/#breadcrumb"},"inLanguage":"fr-FR","potentialAction":[{"@type":"ReadAction","target":["https:\/\/testa-omega3.com\/fr\/postes-vacants-testa-omega-3\/"]}]},{"@type":"BreadcrumbList","@id":"https:\/\/testa-omega3.com\/fr\/postes-vacants-testa-omega-3\/#breadcrumb","itemListElement":[{"@type":"ListItem","position":1,"name":"Home","item":"https:\/\/testa-omega3.com\/fr\/"},{"@type":"ListItem","position":2,"name":"Postes Vacants &#8211; Testa Omega-3"}]},{"@type":"WebSite","@id":"https:\/\/testa-omega3.com\/fr\/#website","url":"https:\/\/testa-omega3.com\/fr\/","name":"Testa","description":"Omega-3 Algenolie!","publisher":{"@id":"https:\/\/testa-omega3.com\/fr\/#organization"},"potentialAction":[{"@type":"SearchAction","target":{"@type":"EntryPoint","urlTemplate":"https:\/\/testa-omega3.com\/fr\/?s={search_term_string}"},"query-input":{"@type":"PropertyValueSpecification","valueRequired":true,"valueName":"search_term_string"}}],"inLanguage":"fr-FR"},{"@type":"Organization","@id":"https:\/\/testa-omega3.com\/fr\/#organization","name":"Testa Omega-3","url":"https:\/\/testa-omega3.com\/fr\/","logo":{"@type":"ImageObject","inLanguage":"fr-FR","@id":"https:\/\/testa-omega3.com\/fr\/#\/schema\/logo\/image\/","url":"https:\/\/testa-omega3.com\/wp-content\/uploads\/2021\/10\/testa-logo1.png","contentUrl":"https:\/\/testa-omega3.com\/wp-content\/uploads\/2021\/10\/testa-logo1.png","width":121,"height":119,"caption":"Testa Omega-3"},"image":{"@id":"https:\/\/testa-omega3.com\/fr\/#\/schema\/logo\/image\/"},"sameAs":["https:\/\/www.facebook.com\/TestaOmega3\/","https:\/\/x.com\/testaomega3","https:\/\/www.instagram.com\/testaomega3\/","https:\/\/linkedin.com\/company\/testa-omega-3"]}]}},"_links":{"self":[{"href":"https:\/\/testa-omega3.com\/fr\/wp-json\/wp\/v2\/pages\/2494","targetHints":{"allow":["GET"]}}],"collection":[{"href":"https:\/\/testa-omega3.com\/fr\/wp-json\/wp\/v2\/pages"}],"about":[{"href":"https:\/\/testa-omega3.com\/fr\/wp-json\/wp\/v2\/types\/page"}],"author":[{"embeddable":true,"href":"https:\/\/testa-omega3.com\/fr\/wp-json\/wp\/v2\/users\/2"}],"replies":[{"embeddable":true,"href":"https:\/\/testa-omega3.com\/fr\/wp-json\/wp\/v2\/comments?post=2494"}],"version-history":[{"count":0,"href":"https:\/\/testa-omega3.com\/fr\/wp-json\/wp\/v2\/pages\/2494\/revisions"}],"wp:attachment":[{"href":"https:\/\/testa-omega3.com\/fr\/wp-json\/wp\/v2\/media?parent=2494"}],"curies":[{"name":"wp","href":"https:\/\/api.w.org\/{rel}","templated":true}]}}