{"id":2498,"date":"2020-05-08T16:27:24","date_gmt":"2020-05-08T16:27:24","guid":{"rendered":"https:\/\/testa-omega3.com\/verkooppunten\/"},"modified":"2020-12-17T17:16:16","modified_gmt":"2020-12-17T16:16:16","slug":"points-de-vente","status":"publish","type":"page","link":"https:\/\/testa-omega3.com\/fr\/points-de-vente\/","title":{"rendered":"Points de vente"},"content":{"rendered":"\t\t<div class=\"content-module intro\">\n\t\t\t<div class=\"inner cf\">\n\t\t\t\t<div class=\"column\">\n\t\t\t\t\t<h1><b>Point de vente &#8211; Testa Omega-3<\/b><\/h1>\n<p>Testa Omega 3 est disponible dans divers magasins. Renseignez-vous aupr\u00e0\u00a8s de votre pharmacie ou de votre magasin de produits de sant\u00e9.<\/p>\n<p>Testa Omega 3 peut \u00e9galement \u00eatre command\u00e9 sur Amazon.<\/p>\n<p>Avez-vous un magasin de sant\u00e9, \u00eates-vous th\u00e9rapeute ou travaillez-vous dans le secteur de l&rsquo;alimentation, de la sant\u00e9 ou du bien-\u00eatre? En savoir plus sur vos options ici: Informations sur le revendeur.<\/p>\n\t\t\t\t<\/div><!--end of column-->\n\t\t\t<\/div><!--end of inner-->\n\t\t<\/div><!--end of content-module-->\n\n\n\t\t<div class=\"content-module  \" style=\"\">\r\n\t\t\t<div class=\"inner cf\">\r\n\t\t\t\t<div class=\"column\">\r\n\t\t\t\t\t\t\t\t\t<\/div><!--end of column-->\r\n\t\t\t<\/div><!--end of inner-->\r\n\t\t<\/div><!--end of content-module-->\t\r\n\n\n\t\t<div class=\"content-module intro\">\n\t\t\t<div class=\"inner cf\">\n\t\t\t\t<div class=\"column\">\n\t\t\t\t\t\t\t\t\t<\/div><!--end of column-->\n\t\t\t<\/div><!--end of inner-->\n\t\t<\/div><!--end of content-module-->\n","protected":false},"excerpt":{"rendered":"","protected":false},"author":2,"featured_media":0,"parent":0,"menu_order":0,"comment_status":"closed","ping_status":"closed","template":"template-poststyle.php","meta":{"_acf_changed":false,"footnotes":""},"class_list":["post-2498","page","type-page","status-publish","hentry"],"acf":[],"yoast_head":"<!-- This site is optimized with the Yoast SEO plugin v26.0 - https:\/\/yoast.com\/wordpress\/plugins\/seo\/ -->\n<title>Points de vente Testa Omega-3 Algae Oil | Testa<\/title>\n<meta name=\"description\" content=\"Testa Omega-3 est \u00e9galement disponible dans divers magasins. Demandez plus d&#039;informations \u00e0\u00a0 votre pharmacie ou \u00e0\u00a0 votre magasin de sant\u00e9.\" \/>\n<meta name=\"robots\" content=\"index, follow, max-snippet:-1, max-image-preview:large, max-video-preview:-1\" \/>\n<link rel=\"canonical\" href=\"https:\/\/testa-omega3.com\/fr\/points-de-vente\/\" \/>\n<meta property=\"og:locale\" content=\"fr_FR\" \/>\n<meta property=\"og:type\" content=\"article\" \/>\n<meta property=\"og:title\" content=\"Points de vente Testa Omega-3 Algae Oil | Testa\" \/>\n<meta property=\"og:description\" content=\"Testa Omega-3 est \u00e9galement disponible dans divers magasins. Demandez plus d&#039;informations \u00e0\u00a0 votre pharmacie ou \u00e0\u00a0 votre magasin de sant\u00e9.\" \/>\n<meta property=\"og:url\" content=\"https:\/\/testa-omega3.com\/fr\/points-de-vente\/\" \/>\n<meta property=\"og:site_name\" content=\"Testa\" \/>\n<meta property=\"article:publisher\" content=\"https:\/\/www.facebook.com\/TestaOmega3\/\" \/>\n<meta property=\"article:modified_time\" content=\"2020-12-17T16:16:16+00:00\" \/>\n<meta name=\"twitter:card\" content=\"summary_large_image\" \/>\n<meta name=\"twitter:site\" content=\"@testaomega3\" \/>\n<script type=\"application\/ld+json\" class=\"yoast-schema-graph\">{\"@context\":\"https:\/\/schema.org\",\"@graph\":[{\"@type\":\"WebPage\",\"@id\":\"https:\/\/testa-omega3.com\/fr\/points-de-vente\/\",\"url\":\"https:\/\/testa-omega3.com\/fr\/points-de-vente\/\",\"name\":\"Points de vente Testa Omega-3 Algae Oil | Testa\",\"isPartOf\":{\"@id\":\"https:\/\/testa-omega3.com\/fr\/#website\"},\"datePublished\":\"2020-05-08T16:27:24+00:00\",\"dateModified\":\"2020-12-17T16:16:16+00:00\",\"description\":\"Testa Omega-3 est \u00e9galement disponible dans divers magasins. Demandez plus d'informations \u00e0\u00a0 votre pharmacie ou \u00e0\u00a0 votre magasin de sant\u00e9.\",\"breadcrumb\":{\"@id\":\"https:\/\/testa-omega3.com\/fr\/points-de-vente\/#breadcrumb\"},\"inLanguage\":\"fr-FR\",\"potentialAction\":[{\"@type\":\"ReadAction\",\"target\":[\"https:\/\/testa-omega3.com\/fr\/points-de-vente\/\"]}]},{\"@type\":\"BreadcrumbList\",\"@id\":\"https:\/\/testa-omega3.com\/fr\/points-de-vente\/#breadcrumb\",\"itemListElement\":[{\"@type\":\"ListItem\",\"position\":1,\"name\":\"Home\",\"item\":\"https:\/\/testa-omega3.com\/fr\/\"},{\"@type\":\"ListItem\",\"position\":2,\"name\":\"Points de vente\"}]},{\"@type\":\"WebSite\",\"@id\":\"https:\/\/testa-omega3.com\/fr\/#website\",\"url\":\"https:\/\/testa-omega3.com\/fr\/\",\"name\":\"Testa\",\"description\":\"Omega-3 Algenolie!\",\"publisher\":{\"@id\":\"https:\/\/testa-omega3.com\/fr\/#organization\"},\"potentialAction\":[{\"@type\":\"SearchAction\",\"target\":{\"@type\":\"EntryPoint\",\"urlTemplate\":\"https:\/\/testa-omega3.com\/fr\/?s={search_term_string}\"},\"query-input\":{\"@type\":\"PropertyValueSpecification\",\"valueRequired\":true,\"valueName\":\"search_term_string\"}}],\"inLanguage\":\"fr-FR\"},{\"@type\":\"Organization\",\"@id\":\"https:\/\/testa-omega3.com\/fr\/#organization\",\"name\":\"Testa Omega-3\",\"url\":\"https:\/\/testa-omega3.com\/fr\/\",\"logo\":{\"@type\":\"ImageObject\",\"inLanguage\":\"fr-FR\",\"@id\":\"https:\/\/testa-omega3.com\/fr\/#\/schema\/logo\/image\/\",\"url\":\"https:\/\/testa-omega3.com\/wp-content\/uploads\/2021\/10\/testa-logo1.png\",\"contentUrl\":\"https:\/\/testa-omega3.com\/wp-content\/uploads\/2021\/10\/testa-logo1.png\",\"width\":121,\"height\":119,\"caption\":\"Testa Omega-3\"},\"image\":{\"@id\":\"https:\/\/testa-omega3.com\/fr\/#\/schema\/logo\/image\/\"},\"sameAs\":[\"https:\/\/www.facebook.com\/TestaOmega3\/\",\"https:\/\/x.com\/testaomega3\",\"https:\/\/www.instagram.com\/testaomega3\/\",\"https:\/\/linkedin.com\/company\/testa-omega-3\"]}]}<\/script>\n<!-- \/ Yoast SEO plugin. -->","yoast_head_json":{"title":"Points de vente Testa Omega-3 Algae Oil | Testa","description":"Testa Omega-3 est \u00e9galement disponible dans divers magasins. Demandez plus d'informations \u00e0\u00a0 votre pharmacie ou \u00e0\u00a0 votre magasin de sant\u00e9.","robots":{"index":"index","follow":"follow","max-snippet":"max-snippet:-1","max-image-preview":"max-image-preview:large","max-video-preview":"max-video-preview:-1"},"canonical":"https:\/\/testa-omega3.com\/fr\/points-de-vente\/","og_locale":"fr_FR","og_type":"article","og_title":"Points de vente Testa Omega-3 Algae Oil | Testa","og_description":"Testa Omega-3 est \u00e9galement disponible dans divers magasins. Demandez plus d'informations \u00e0\u00a0 votre pharmacie ou \u00e0\u00a0 votre magasin de sant\u00e9.","og_url":"https:\/\/testa-omega3.com\/fr\/points-de-vente\/","og_site_name":"Testa","article_publisher":"https:\/\/www.facebook.com\/TestaOmega3\/","article_modified_time":"2020-12-17T16:16:16+00:00","twitter_card":"summary_large_image","twitter_site":"@testaomega3","schema":{"@context":"https:\/\/schema.org","@graph":[{"@type":"WebPage","@id":"https:\/\/testa-omega3.com\/fr\/points-de-vente\/","url":"https:\/\/testa-omega3.com\/fr\/points-de-vente\/","name":"Points de vente Testa Omega-3 Algae Oil | Testa","isPartOf":{"@id":"https:\/\/testa-omega3.com\/fr\/#website"},"datePublished":"2020-05-08T16:27:24+00:00","dateModified":"2020-12-17T16:16:16+00:00","description":"Testa Omega-3 est \u00e9galement disponible dans divers magasins. Demandez plus d'informations \u00e0\u00a0 votre pharmacie ou \u00e0\u00a0 votre magasin de sant\u00e9.","breadcrumb":{"@id":"https:\/\/testa-omega3.com\/fr\/points-de-vente\/#breadcrumb"},"inLanguage":"fr-FR","potentialAction":[{"@type":"ReadAction","target":["https:\/\/testa-omega3.com\/fr\/points-de-vente\/"]}]},{"@type":"BreadcrumbList","@id":"https:\/\/testa-omega3.com\/fr\/points-de-vente\/#breadcrumb","itemListElement":[{"@type":"ListItem","position":1,"name":"Home","item":"https:\/\/testa-omega3.com\/fr\/"},{"@type":"ListItem","position":2,"name":"Points de vente"}]},{"@type":"WebSite","@id":"https:\/\/testa-omega3.com\/fr\/#website","url":"https:\/\/testa-omega3.com\/fr\/","name":"Testa","description":"Omega-3 Algenolie!","publisher":{"@id":"https:\/\/testa-omega3.com\/fr\/#organization"},"potentialAction":[{"@type":"SearchAction","target":{"@type":"EntryPoint","urlTemplate":"https:\/\/testa-omega3.com\/fr\/?s={search_term_string}"},"query-input":{"@type":"PropertyValueSpecification","valueRequired":true,"valueName":"search_term_string"}}],"inLanguage":"fr-FR"},{"@type":"Organization","@id":"https:\/\/testa-omega3.com\/fr\/#organization","name":"Testa Omega-3","url":"https:\/\/testa-omega3.com\/fr\/","logo":{"@type":"ImageObject","inLanguage":"fr-FR","@id":"https:\/\/testa-omega3.com\/fr\/#\/schema\/logo\/image\/","url":"https:\/\/testa-omega3.com\/wp-content\/uploads\/2021\/10\/testa-logo1.png","contentUrl":"https:\/\/testa-omega3.com\/wp-content\/uploads\/2021\/10\/testa-logo1.png","width":121,"height":119,"caption":"Testa Omega-3"},"image":{"@id":"https:\/\/testa-omega3.com\/fr\/#\/schema\/logo\/image\/"},"sameAs":["https:\/\/www.facebook.com\/TestaOmega3\/","https:\/\/x.com\/testaomega3","https:\/\/www.instagram.com\/testaomega3\/","https:\/\/linkedin.com\/company\/testa-omega-3"]}]}},"_links":{"self":[{"href":"https:\/\/testa-omega3.com\/fr\/wp-json\/wp\/v2\/pages\/2498","targetHints":{"allow":["GET"]}}],"collection":[{"href":"https:\/\/testa-omega3.com\/fr\/wp-json\/wp\/v2\/pages"}],"about":[{"href":"https:\/\/testa-omega3.com\/fr\/wp-json\/wp\/v2\/types\/page"}],"author":[{"embeddable":true,"href":"https:\/\/testa-omega3.com\/fr\/wp-json\/wp\/v2\/users\/2"}],"replies":[{"embeddable":true,"href":"https:\/\/testa-omega3.com\/fr\/wp-json\/wp\/v2\/comments?post=2498"}],"version-history":[{"count":0,"href":"https:\/\/testa-omega3.com\/fr\/wp-json\/wp\/v2\/pages\/2498\/revisions"}],"wp:attachment":[{"href":"https:\/\/testa-omega3.com\/fr\/wp-json\/wp\/v2\/media?parent=2498"}],"curies":[{"name":"wp","href":"https:\/\/api.w.org\/{rel}","templated":true}]}}