{"id":2502,"date":"2020-02-25T10:48:08","date_gmt":"2020-02-25T10:48:08","guid":{"rendered":"https:\/\/testa-omega3.com\/vraag-en-antwoord\/"},"modified":"2023-05-04T22:34:11","modified_gmt":"2023-05-04T20:34:11","slug":"questions-frequentes","status":"publish","type":"page","link":"https:\/\/testa-omega3.com\/fr\/questions-frequentes\/","title":{"rendered":"Questions fr\u00e9quentes"},"content":{"rendered":"<div class=\"products-overview-module  \">\n\n\n    <div class=\"inner cf\">\n        <div class=\"filters-wrap\">\n            <div class=\"options-wrap\">\n                <h4>Keuzehulp<\/h4>\n                <div class=\"select-option\">\n                    <select>\n                        <option>Man of vrouw<\/option>\n                        <option>Man of vrouw<\/option>\n                        <option>Man of vrouw<\/option>\n                    <\/select>\n                <\/div>\n                <!--end of select-option-->\n\n                <div class=\"select-option\">\n                    <select>\n                        <option>Leeftijd<\/option>\n                        <option>Leeftijd<\/option>\n                        <option>Leeftijd<\/option>\n                    <\/select>\n                <\/div>\n                <!--end of select-option-->\n\n                <div class=\"select-option\">\n                    <select>\n                        <option>Hoe vaak eet je vis<\/option>\n                        <option>Hoe vaak eet je vis<\/option>\n                        <option>Hoe vaak eet je vis<\/option>\n                    <\/select>\n                <\/div>\n                <!--end of select-option-->\n            <\/div>\n            <!--end of options-wrap-->\n\n            <div class=\"options-wrap\">\n                <h5>Slik je gemakkelijk capsules?<\/h5>\n                <div class=\"select-option\">\n                    <select>\n                        <option>ja\/nee<\/option>\n                        <option>ja\/nee<\/option>\n                        <option>ja\/nee<\/option>\n                    <\/select>\n                <\/div>\n                <!--end of select-option-->\n            <\/div>\n            <!--end of options-wrap-->\n\n            <div class=\"options-wrap\">\n                <h5>Zwanger?<\/h5>\n                <div class=\"select-option\">\n                    <select>\n                        <option>Plannend<\/option>\n                        <option>Plannend<\/option>\n                        <option>Plannend<\/option>\n                    <\/select>\n                <\/div>\n                <!--end of select-option-->\n            <\/div>\n            <!--end of options-wrap-->\n        <\/div>\n        <!--end of filters-wrap-->\n        <div class=\"products-wrap\">\n\n                    <div class=\"product\">\r\n\r\n            <div class=\"text-wrap\">\r\n                <h6><a href=\"https:\/\/testa-omega3.com\/fr\/produit\/huile-d-algues-omega-3-dha-epa\/\">DHA &#038; EPA Om\u00e9ga-3 Huile d&rsquo;algues<\/a><\/h6>\r\n\r\n                <p class=\"description\">Pure, sans poisson et 100 % v\u00e9g\u00e9tale. Bons pour le c\u0153ur, le cerveau et les yeux.<\/p>\r\n                                \r\n                <div class=\"btn-wrap\">\r\n                                            <div class=\"price\">\r\n                            <span class=\"from\">A partir de<\/span>\r\n                            <span class=\"number\">\u20ac10 p\/m<\/span>\r\n                        <\/div>\r\n                        <!--end of price-->\r\n\r\n                    \r\n\r\n                <\/div>\r\n\r\n            <\/div>\r\n            <!--end of text-wrap-->\r\n                            <div class=\"img-wrap\">\r\n                    <span class=\"spacer\">&nbsp;<\/span>\r\n                    <img decoding=\"async\" src=\"https:\/\/testa-omega3.com\/wp-content\/uploads\/2023\/05\/Testa-60st-DHA-EPA-plat-FR-3.png\" \/>\r\n                <\/div>\r\n                <!--end of img-wrap-->\r\n                        <div class=\"btn cta default-red\">\r\n                <a href=\"https:\/\/testa-omega3.com\/fr\/produit\/huile-d-algues-omega-3-dha-epa\/\">Shop now<\/a>\r\n            <\/div>\r\n            <!-- <a href=\"https:\/\/testa-omega3.com\/fr\/produit\/huile-d-algues-omega-3-dha-epa\/\" class=\"full-link\"><\/a> -->\r\n        <\/div>\r\n        <!--end of product-->\r\n            <div class=\"product\">\r\n\r\n            <div class=\"text-wrap\">\r\n                <h6><a href=\"https:\/\/testa-omega3.com\/fr\/produit\/huile-d-algues-omega-3-250mg-dha\/\">DHA Om\u00e9ga-3 Huile d&rsquo;algues<\/a><\/h6>\r\n\r\n                <p class=\"description\">Pure, sans poisson et 100 % v\u00e9g\u00e9tale. Bons pour le cerveau et les yeux.<\/p>\r\n                                \r\n                <div class=\"btn-wrap\">\r\n                                            <div class=\"price\">\r\n                            <span class=\"from\">A partir de<\/span>\r\n                            <span class=\"number\">\u20ac8 p\/m<\/span>\r\n                        <\/div>\r\n                        <!--end of price-->\r\n\r\n                    \r\n\r\n                <\/div>\r\n\r\n            <\/div>\r\n            <!--end of text-wrap-->\r\n                            <div class=\"img-wrap\">\r\n                    <span class=\"spacer\">&nbsp;<\/span>\r\n                    <img decoding=\"async\" src=\"https:\/\/testa-omega3.com\/wp-content\/uploads\/2023\/05\/Testa-60st-DHA-plat-FR-IT-ES-1.png\" \/>\r\n                <\/div>\r\n                <!--end of img-wrap-->\r\n                        <div class=\"btn cta default-red\">\r\n                <a href=\"https:\/\/testa-omega3.com\/fr\/produit\/huile-d-algues-omega-3-250mg-dha\/\">Shop now<\/a>\r\n            <\/div>\r\n            <!-- <a href=\"https:\/\/testa-omega3.com\/fr\/produit\/huile-d-algues-omega-3-250mg-dha\/\" class=\"full-link\"><\/a> -->\r\n        <\/div>\r\n        <!--end of product-->\r\n    \n        <\/div>\n        <!--end of products-wrap-->\n    <\/div>\n    <!--end of inner-->\n<\/div>\n<!--end of products-overview-module-->\n\n\n\n<div class=\"reviews-block-module\">\n    <div class=\"inner cf\">\n        <div class=\"rating-wrap\">\n            <!-- trustedshops here -->\n            <!-- Begin eTrusted widget tag -->\n                        \n            <etrusted-widget data-etrusted-widget-id=\"wdg-a755cedb-17a5-4567-8ffe-e04ff114c930\"><\/etrusted-widget>\n            <!-- End eTrusted widget tag -->\n        <\/div><!--end of rating-wrap-->\n    <\/div><!--end of inner-->\n<\/div><!--end of content-module-->\n","protected":false},"excerpt":{"rendered":"","protected":false},"author":1,"featured_media":0,"parent":0,"menu_order":0,"comment_status":"closed","ping_status":"closed","template":"template-faq.php","meta":{"_acf_changed":false,"footnotes":""},"class_list":["post-2502","page","type-page","status-publish","hentry"],"acf":[],"yoast_head":"<!-- This site is optimized with the Yoast SEO plugin v27.5 - https:\/\/yoast.com\/product\/yoast-seo-wordpress\/ -->\n<title>FAQ: Service clients | Foire aux questions | Testa Omega-3<\/title>\n<meta name=\"description\" content=\"Des questions fr\u00e9quemment pos\u00e9es sur Testa, notre m\u00e9thode et nos produits, l&#039;huile de poisson et les om\u00e9ga-3. As-tu une question? Prenez contact avec nous.\" \/>\n<meta name=\"robots\" content=\"index, follow, max-snippet:-1, max-image-preview:large, max-video-preview:-1\" \/>\n<link rel=\"canonical\" href=\"https:\/\/testa-omega3.com\/fr\/questions-frequentes\/\" \/>\n<meta property=\"og:locale\" content=\"fr_FR\" \/>\n<meta property=\"og:type\" content=\"article\" \/>\n<meta property=\"og:title\" content=\"FAQ: Service clients | Foire aux questions | Testa Omega-3\" \/>\n<meta property=\"og:description\" content=\"Des questions fr\u00e9quemment pos\u00e9es sur Testa, notre m\u00e9thode et nos produits, l&#039;huile de poisson et les om\u00e9ga-3. As-tu une question? Prenez contact avec nous.\" \/>\n<meta property=\"og:url\" content=\"https:\/\/testa-omega3.com\/fr\/questions-frequentes\/\" \/>\n<meta property=\"og:site_name\" content=\"Testa\" \/>\n<meta property=\"article:publisher\" content=\"https:\/\/www.facebook.com\/TestaOmega3\/\" \/>\n<meta property=\"article:modified_time\" content=\"2023-05-04T20:34:11+00:00\" \/>\n<meta name=\"twitter:card\" content=\"summary_large_image\" \/>\n<meta name=\"twitter:site\" content=\"@testaomega3\" \/>\n<script type=\"application\/ld+json\" class=\"yoast-schema-graph\">{\"@context\":\"https:\\\/\\\/schema.org\",\"@graph\":[{\"@type\":\"WebPage\",\"@id\":\"https:\\\/\\\/testa-omega3.com\\\/fr\\\/questions-frequentes\\\/\",\"url\":\"https:\\\/\\\/testa-omega3.com\\\/fr\\\/questions-frequentes\\\/\",\"name\":\"FAQ: Service clients | Foire aux questions | Testa Omega-3\",\"isPartOf\":{\"@id\":\"https:\\\/\\\/testa-omega3.com\\\/fr\\\/#website\"},\"datePublished\":\"2020-02-25T10:48:08+00:00\",\"dateModified\":\"2023-05-04T20:34:11+00:00\",\"description\":\"Des questions fr\u00e9quemment pos\u00e9es sur Testa, notre m\u00e9thode et nos produits, l'huile de poisson et les om\u00e9ga-3. As-tu une question? Prenez contact avec nous.\",\"breadcrumb\":{\"@id\":\"https:\\\/\\\/testa-omega3.com\\\/fr\\\/questions-frequentes\\\/#breadcrumb\"},\"inLanguage\":\"fr-FR\",\"potentialAction\":[{\"@type\":\"ReadAction\",\"target\":[\"https:\\\/\\\/testa-omega3.com\\\/fr\\\/questions-frequentes\\\/\"]}]},{\"@type\":\"BreadcrumbList\",\"@id\":\"https:\\\/\\\/testa-omega3.com\\\/fr\\\/questions-frequentes\\\/#breadcrumb\",\"itemListElement\":[{\"@type\":\"ListItem\",\"position\":1,\"name\":\"Home\",\"item\":\"https:\\\/\\\/testa-omega3.com\\\/fr\\\/\"},{\"@type\":\"ListItem\",\"position\":2,\"name\":\"Questions fr\u00e9quentes\"}]},{\"@type\":\"WebSite\",\"@id\":\"https:\\\/\\\/testa-omega3.com\\\/fr\\\/#website\",\"url\":\"https:\\\/\\\/testa-omega3.com\\\/fr\\\/\",\"name\":\"Testa\",\"description\":\"Omega-3 Algenolie!\",\"publisher\":{\"@id\":\"https:\\\/\\\/testa-omega3.com\\\/fr\\\/#organization\"},\"potentialAction\":[{\"@type\":\"SearchAction\",\"target\":{\"@type\":\"EntryPoint\",\"urlTemplate\":\"https:\\\/\\\/testa-omega3.com\\\/fr\\\/?s={search_term_string}\"},\"query-input\":{\"@type\":\"PropertyValueSpecification\",\"valueRequired\":true,\"valueName\":\"search_term_string\"}}],\"inLanguage\":\"fr-FR\"},{\"@type\":\"Organization\",\"@id\":\"https:\\\/\\\/testa-omega3.com\\\/fr\\\/#organization\",\"name\":\"Testa Omega-3\",\"url\":\"https:\\\/\\\/testa-omega3.com\\\/fr\\\/\",\"logo\":{\"@type\":\"ImageObject\",\"inLanguage\":\"fr-FR\",\"@id\":\"https:\\\/\\\/testa-omega3.com\\\/fr\\\/#\\\/schema\\\/logo\\\/image\\\/\",\"url\":\"https:\\\/\\\/testa-omega3.com\\\/wp-content\\\/uploads\\\/2021\\\/10\\\/testa-logo1.png\",\"contentUrl\":\"https:\\\/\\\/testa-omega3.com\\\/wp-content\\\/uploads\\\/2021\\\/10\\\/testa-logo1.png\",\"width\":121,\"height\":119,\"caption\":\"Testa Omega-3\"},\"image\":{\"@id\":\"https:\\\/\\\/testa-omega3.com\\\/fr\\\/#\\\/schema\\\/logo\\\/image\\\/\"},\"sameAs\":[\"https:\\\/\\\/www.facebook.com\\\/TestaOmega3\\\/\",\"https:\\\/\\\/x.com\\\/testaomega3\",\"https:\\\/\\\/www.instagram.com\\\/testaomega3\\\/\",\"https:\\\/\\\/linkedin.com\\\/company\\\/testa-omega-3\"]}]}<\/script>\n<!-- \/ Yoast SEO plugin. -->","yoast_head_json":{"title":"FAQ: Service clients | Foire aux questions | Testa Omega-3","description":"Des questions fr\u00e9quemment pos\u00e9es sur Testa, notre m\u00e9thode et nos produits, l'huile de poisson et les om\u00e9ga-3. As-tu une question? Prenez contact avec nous.","robots":{"index":"index","follow":"follow","max-snippet":"max-snippet:-1","max-image-preview":"max-image-preview:large","max-video-preview":"max-video-preview:-1"},"canonical":"https:\/\/testa-omega3.com\/fr\/questions-frequentes\/","og_locale":"fr_FR","og_type":"article","og_title":"FAQ: Service clients | Foire aux questions | Testa Omega-3","og_description":"Des questions fr\u00e9quemment pos\u00e9es sur Testa, notre m\u00e9thode et nos produits, l'huile de poisson et les om\u00e9ga-3. As-tu une question? Prenez contact avec nous.","og_url":"https:\/\/testa-omega3.com\/fr\/questions-frequentes\/","og_site_name":"Testa","article_publisher":"https:\/\/www.facebook.com\/TestaOmega3\/","article_modified_time":"2023-05-04T20:34:11+00:00","twitter_card":"summary_large_image","twitter_site":"@testaomega3","schema":{"@context":"https:\/\/schema.org","@graph":[{"@type":"WebPage","@id":"https:\/\/testa-omega3.com\/fr\/questions-frequentes\/","url":"https:\/\/testa-omega3.com\/fr\/questions-frequentes\/","name":"FAQ: Service clients | Foire aux questions | Testa Omega-3","isPartOf":{"@id":"https:\/\/testa-omega3.com\/fr\/#website"},"datePublished":"2020-02-25T10:48:08+00:00","dateModified":"2023-05-04T20:34:11+00:00","description":"Des questions fr\u00e9quemment pos\u00e9es sur Testa, notre m\u00e9thode et nos produits, l'huile de poisson et les om\u00e9ga-3. As-tu une question? Prenez contact avec nous.","breadcrumb":{"@id":"https:\/\/testa-omega3.com\/fr\/questions-frequentes\/#breadcrumb"},"inLanguage":"fr-FR","potentialAction":[{"@type":"ReadAction","target":["https:\/\/testa-omega3.com\/fr\/questions-frequentes\/"]}]},{"@type":"BreadcrumbList","@id":"https:\/\/testa-omega3.com\/fr\/questions-frequentes\/#breadcrumb","itemListElement":[{"@type":"ListItem","position":1,"name":"Home","item":"https:\/\/testa-omega3.com\/fr\/"},{"@type":"ListItem","position":2,"name":"Questions fr\u00e9quentes"}]},{"@type":"WebSite","@id":"https:\/\/testa-omega3.com\/fr\/#website","url":"https:\/\/testa-omega3.com\/fr\/","name":"Testa","description":"Omega-3 Algenolie!","publisher":{"@id":"https:\/\/testa-omega3.com\/fr\/#organization"},"potentialAction":[{"@type":"SearchAction","target":{"@type":"EntryPoint","urlTemplate":"https:\/\/testa-omega3.com\/fr\/?s={search_term_string}"},"query-input":{"@type":"PropertyValueSpecification","valueRequired":true,"valueName":"search_term_string"}}],"inLanguage":"fr-FR"},{"@type":"Organization","@id":"https:\/\/testa-omega3.com\/fr\/#organization","name":"Testa Omega-3","url":"https:\/\/testa-omega3.com\/fr\/","logo":{"@type":"ImageObject","inLanguage":"fr-FR","@id":"https:\/\/testa-omega3.com\/fr\/#\/schema\/logo\/image\/","url":"https:\/\/testa-omega3.com\/wp-content\/uploads\/2021\/10\/testa-logo1.png","contentUrl":"https:\/\/testa-omega3.com\/wp-content\/uploads\/2021\/10\/testa-logo1.png","width":121,"height":119,"caption":"Testa Omega-3"},"image":{"@id":"https:\/\/testa-omega3.com\/fr\/#\/schema\/logo\/image\/"},"sameAs":["https:\/\/www.facebook.com\/TestaOmega3\/","https:\/\/x.com\/testaomega3","https:\/\/www.instagram.com\/testaomega3\/","https:\/\/linkedin.com\/company\/testa-omega-3"]}]}},"_links":{"self":[{"href":"https:\/\/testa-omega3.com\/fr\/wp-json\/wp\/v2\/pages\/2502","targetHints":{"allow":["GET"]}}],"collection":[{"href":"https:\/\/testa-omega3.com\/fr\/wp-json\/wp\/v2\/pages"}],"about":[{"href":"https:\/\/testa-omega3.com\/fr\/wp-json\/wp\/v2\/types\/page"}],"author":[{"embeddable":true,"href":"https:\/\/testa-omega3.com\/fr\/wp-json\/wp\/v2\/users\/1"}],"replies":[{"embeddable":true,"href":"https:\/\/testa-omega3.com\/fr\/wp-json\/wp\/v2\/comments?post=2502"}],"version-history":[{"count":0,"href":"https:\/\/testa-omega3.com\/fr\/wp-json\/wp\/v2\/pages\/2502\/revisions"}],"wp:attachment":[{"href":"https:\/\/testa-omega3.com\/fr\/wp-json\/wp\/v2\/media?parent=2502"}],"curies":[{"name":"wp","href":"https:\/\/api.w.org\/{rel}","templated":true}]}}