{"id":2516,"date":"2020-03-05T13:43:58","date_gmt":"2020-03-05T13:43:58","guid":{"rendered":"https:\/\/testa-omega3.com\/wat-is-omega-3\/"},"modified":"2025-02-06T15:55:35","modified_gmt":"2025-02-06T14:55:35","slug":"que-sont-les-omega-3","status":"publish","type":"page","link":"https:\/\/testa-omega3.com\/fr\/que-sont-les-omega-3\/","title":{"rendered":"Sant\u00e9"},"content":{"rendered":"\t\t<div class=\"featured-image-text-module switch : Don't fade background-image\" style=\"background-image: url(https:\/\/testa-omega3.com\/wp-content\/uploads\/2021\/10\/background-water.jpg);\">\r\n\t\t\t<!-- <div class=\"bg-underlay\"><\/div> -->\r\n\t\t\t\r\n\t\t\t<div class=\"inner cf\">\r\n\t\t\t\t<div class=\"img-wrap\">\r\n\t\t\t\t\t<img decoding=\"async\" src=\"https:\/\/testa-omega3.com\/wp-content\/uploads\/2021\/10\/diver.png\" \/>\r\n\t\t\t\t<\/div><!--end of img-wrap-->\r\n\t\t\t\t\r\n\t\t\t\t<div class=\"text-wrap\">\r\n\t\t\t\t\t<h1 class=\"sketch light\">Meilleur pour nous tous<\/h1>\n<p><span style=\"color: #ffffff;\">Les recherches montrent que la plupart des gens ont une carence en om\u00e9ga-3. Cependant, les acides gras om\u00e9ga-3 sont actifs dans toutes les cellules et tous les tissus de l&rsquo;organisme. Avec Testa, vous choisissez tous les bienfaits des om\u00e9ga-3 en les dosant correctement chaque jour.<\/span><\/p>\n \t\t\t\r\n\t\r\n\t<div class=\" btn style-3  \">\r\n        <a href=\"https:\/\/testa-omega3.com\/fr\/apercu-des-produits\/\" target=\"_self\" >Achetez votre om\u00e9ga-3 ici.<\/a>\r\n    <\/div>\r\n\t\t\t\t\t\t\r\n\t\t\t\t<\/div><!--end of text-wrap-->\r\n\t\t\t\r\n\t\t\t<\/div><!--end of inner-->\r\n\t\t<\/div><!--end of featured-image-text-module--> \t\r\n\n\n<div class=\"content-module three-columns default \">\n\t\t\t<div class=\"inner\">\n                                \t\t\t\t<div class=\"column default\">\n                                <div class=\"media-wrap\">\n                    <img decoding=\"async\" src=\"https:\/\/testa-omega3.com\/wp-content\/uploads\/2021\/10\/Gezondheid-illustr-health-1.png\" \/>\n                <\/div>\n                                    <div class=\"text-wrap\">\n                        <h4 class=\"highlight dark\">Bon pour le c\u0153ur, les yeux et le cerveau<\/h4>\n<div>Les om\u00e9ga-3 aident le corps \u00e0\u00a0 fonctionner de mani\u00e8re optimale.<\/div>\n \t\t\n    <div class=\" btn style-3\">\n        <a href=\"#hart\" target=\"_self\" >Lire plus<\/a>\n    <\/div><!--end of btn-->\t\t\n\t                    <\/div>\n\t\t\t\t<\/div><!--end of column-->\n                \t\t\t\t<div class=\"column default\">\n                                <div class=\"media-wrap\">\n                    <img decoding=\"async\" src=\"https:\/\/testa-omega3.com\/wp-content\/uploads\/2021\/10\/Gezondheid-illustr-health-2.png\" \/>\n                <\/div>\n                                    <div class=\"text-wrap\">\n                        <h4 class=\"highlight dark\">S\u2019accorde bien avec un mode de vie vegan<\/h4>\n<div>Tous les produits Testa sont 100 % v\u00e9g\u00e9taux.<\/div>\n \t\t\n    <div class=\" btn style-3\">\n        <a href=\"#vegan\" target=\"_self\" >Lire plus<\/a>\n    <\/div><!--end of btn-->\t\t\n\t                    <\/div>\n\t\t\t\t<\/div><!--end of column-->\n                \t\t\t\t<div class=\"column default\">\n                                <div class=\"media-wrap\">\n                    <img decoding=\"async\" src=\"https:\/\/testa-omega3.com\/wp-content\/uploads\/2021\/10\/Gezondheid-illustr-health-3.png\" \/>\n                <\/div>\n                                    <div class=\"text-wrap\">\n                        <h4 class=\"highlight dark\">Pas de contaminants comme dans l\u2019huile de poisson.<\/h4>\n<div>Pas de PCB, de mercure et d\u2019autres substances \u00e9trang\u00e8res pouvant \u00eatre toxiques.<\/div>\n \t\t\n    <div class=\" btn style-3\">\n        <a href=\"#gezond\" target=\"_self\" >Lire plus<\/a>\n    <\/div><!--end of btn-->\t\t\n\t                    <\/div>\n\t\t\t\t<\/div><!--end of column-->\n                \t\t\t\t\t\t\n\t\t\t<\/div><!--end of inner-->\n\t\t<\/div><!--end of content-module-->\t\n\n\n\t\t<div class=\"content-module white no-spacing-btm no-spacing-top\" style=\"\">\r\n\t\t\t<div class=\"inner cf\">\r\n\t\t\t\t<div class=\"column\">\r\n\t\t\t\t\t<h2 style=\"text-align: center;\"><strong>des om\u00e9ga 3 d\u2019origine v\u00e9g\u00e9tale<\/strong><\/h2>\n<hr \/>\n<p style=\"text-align: center;\">Les acides gras om\u00e9ga-3 sont bons pour le c\u00c5\u201cur, le cerveau et les yeux. Alors que les poissons gras ne contiennent que 1 % d&rsquo;om\u00e9ga-3, les algues en contiennent 20 %. Testa Omega-3 r\u00e9pond donc largement \u00e0\u00a0 toutes les all\u00e9gations de sant\u00e9.<\/p>\n\t\t\t\t<\/div><!--end of column-->\r\n\t\t\t<\/div><!--end of inner-->\r\n\t\t<\/div><!--end of content-module-->\t\r\n\n\n\t\t<div class=\"media-text-module  default style-two white no-arrow-bottom   \">\r\n\t\t\t<div class=\"inner cf\">\r\n\t\t\t\t<div class=\"media-wrap contain  center-center \" style=\"background-image: url(https:\/\/testa-omega3.com\/wp-content\/uploads\/2021\/10\/Gezezondheid-loper-1.jpg); \">\r\n\t\t\t\t\t<img decoding=\"async\" src=\"https:\/\/testa-omega3.com\/wp-content\/uploads\/2021\/10\/Gezezondheid-loper-1.jpg\" alt=\"\" \/>\r\n\t\t\t\t\t\t\t\t\t<\/div><!--end of media-wrap-->\r\n\t\t\t\t\r\n\t\t\t\t<div class=\"text-wrap\">\r\n\t\t\t\t<div class=\"media-wrap contain  center-center  mobile\" style=\"background-image: url(https:\/\/testa-omega3.com\/wp-content\/uploads\/2021\/10\/Gezezondheid-loper-1.jpg); \">\r\n\t\t\t\t\t\t\t\t\t<\/div><!--end of media-wrap-->\r\n\r\n\t\t\t\t\t<div class=\"text\">\r\n\t\t\t\t\t\t<h3 id=\"hart\" class=\"highlight\">Bon pour le c\u0153ur, les yeux et le cerveau<\/h3>\n<p>Les acides gras om\u00e9ga 3 sont des acides gras polyinsatur\u00e9s et sont bons pour le c\u0153ur, le cerveau et les yeux. Les capsules Testa Omega-3 ont une teneur garantie de plus de 450 mg d\u2019om\u00e9ga 3, beaucoup plus que la moyenne des suppl\u00e9ments d\u2019algues, de poisson ou d\u2019huile de krill.<\/p>\n\t\t\t\t\t<\/div><!--end of text-->\r\n\t\t\t\t<\/div><!--end of text-wrap-->\r\n\t\t\t<\/div><!--end of inner-->\r\n\t\t<\/div><!--end of media-text-module-->\r\n\n\n\t\t<div class=\"media-text-module  switch style-two white no-arrow-bottom   \">\r\n\t\t\t<div class=\"inner cf\">\r\n\t\t\t\t<div class=\"media-wrap contain  center-center \" style=\"background-image: url(https:\/\/testa-omega3.com\/wp-content\/uploads\/2021\/10\/Gezezondheid-loper-2.jpg); \">\r\n\t\t\t\t\t<img decoding=\"async\" src=\"https:\/\/testa-omega3.com\/wp-content\/uploads\/2021\/10\/Gezezondheid-loper-2.jpg\" alt=\"\" \/>\r\n\t\t\t\t\t\t\t\t\t<\/div><!--end of media-wrap-->\r\n\t\t\t\t\r\n\t\t\t\t<div class=\"text-wrap\">\r\n\t\t\t\t<div class=\"media-wrap contain  center-center  mobile\" style=\"background-image: url(https:\/\/testa-omega3.com\/wp-content\/uploads\/2021\/10\/Gezezondheid-loper-2.jpg); \">\r\n\t\t\t\t\t\t\t\t\t<\/div><!--end of media-wrap-->\r\n\r\n\t\t\t\t\t<div class=\"text\">\r\n\t\t\t\t\t\t<h3 id=\"vegan\" class=\"highlight\">Adapt\u00e9 aux<br \/>\nv\u00e9g\u00e9tariens et vegans<\/h3>\n<p>La plupart des sources d\u2019om\u00e9ga 3 DHA et EPA ne sont pas v\u00e9g\u00e9tales et ne conviennent donc pas aux v\u00e9g\u00e9tariens et vegans. Parce que l\u2019ALA d\u2019origine v\u00e9g\u00e9tale ne peut \u00eatre converti que dans une faible mesure \u00e0\u00a0 la fois en DHA et en EPA, il est important pour les v\u00e9g\u00e9tariens et les vegans de prendre plus de DHA et d\u2019EPA. Les om\u00e9ga 3 \u00e0\u00a0 base d\u2019huile d\u2019algues sont l\u2019une des rares sources naturelles v\u00e9g\u00e9tales qui contiennent des acides gras DHA et EPA essentiels.<\/p>\n<p>&nbsp;<\/p>\n<p>&nbsp;<\/p>\n<p>&nbsp;<\/p>\n<p>&nbsp;<\/p>\n<p>&nbsp;<\/p>\n\t\t\t\t\t<\/div><!--end of text-->\r\n\t\t\t\t<\/div><!--end of text-wrap-->\r\n\t\t\t<\/div><!--end of inner-->\r\n\t\t<\/div><!--end of media-text-module-->\r\n\n\n\t\t<div class=\"media-text-module  default style-two white no-arrow-bottom   \">\r\n\t\t\t<div class=\"inner cf\">\r\n\t\t\t\t<div class=\"media-wrap contain  center-center \" style=\"background-image: url(https:\/\/testa-omega3.com\/wp-content\/uploads\/2021\/10\/Gezezondheid-loper-3.jpg); \">\r\n\t\t\t\t\t<img decoding=\"async\" src=\"https:\/\/testa-omega3.com\/wp-content\/uploads\/2021\/10\/Gezezondheid-loper-3.jpg\" alt=\"\" \/>\r\n\t\t\t\t\t\t\t\t\t<\/div><!--end of media-wrap-->\r\n\t\t\t\t\r\n\t\t\t\t<div class=\"text-wrap\">\r\n\t\t\t\t<div class=\"media-wrap contain  center-center  mobile\" style=\"background-image: url(https:\/\/testa-omega3.com\/wp-content\/uploads\/2021\/10\/Gezezondheid-loper-3.jpg); \">\r\n\t\t\t\t\t\t\t\t\t<\/div><!--end of media-wrap-->\r\n\r\n\t\t\t\t\t<div class=\"text\">\r\n\t\t\t\t\t\t<h3 id=\"gezond\" class=\"highlight\">Pas de contaminants comme dans l\u2019huile de poisson<\/h3>\n<p>Malheureusement, le poisson contient aujourd\u2019hui plus que des om\u00e9ga-3. Il est satur\u00e9 de PCB, de mercure, de dioxines et d\u2019autres toxines qui doivent d\u2019abord \u00eatre filtr\u00e9es. Nous extrayons les om\u00e9ga-3 directement des algues gr\u00e2ce \u00e0 un proc\u00e9d\u00e9 propre et contr\u00f4l\u00e9. Vous avez ainsi l\u2019assurance de ne pas ing\u00e9rer des toxines lorsque vous prenez vos suppl\u00e9ments d\u2019om\u00e9ga-3.<\/p>\n\t\t\t\t\t<\/div><!--end of text-->\r\n\t\t\t\t<\/div><!--end of text-wrap-->\r\n\t\t\t<\/div><!--end of inner-->\r\n\t\t<\/div><!--end of media-text-module-->\r\n\n\n\t\t<div class=\"media-text-module  switch default  no-arrow-bottom   \">\r\n\t\t\t<div class=\"inner cf\">\r\n\t\t\t\t<div class=\"media-wrap contain  top-left \" style=\"background-image: url(https:\/\/testa-omega3.com\/wp-content\/uploads\/2020\/05\/home-img-proces.gif); \">\r\n\t\t\t\t\t<img decoding=\"async\" src=\"https:\/\/testa-omega3.com\/wp-content\/uploads\/2020\/05\/home-img-proces.gif\" alt=\"\" \/>\r\n\t\t\t\t\t\t\t\t\t<\/div><!--end of media-wrap-->\r\n\t\t\t\t\r\n\t\t\t\t<div class=\"text-wrap\">\r\n\t\t\t\t<div class=\"media-wrap contain  top-left  mobile\" style=\"background-image: url(https:\/\/testa-omega3.com\/wp-content\/uploads\/2020\/05\/home-img-proces.gif); \">\r\n\t\t\t\t\t\t\t\t\t<\/div><!--end of media-wrap-->\r\n\r\n\t\t\t\t\t<div class=\"text\">\r\n\t\t\t\t\t\t<h3 class=\"highlight\">La forme la plus pure<br \/>\nd\u2019om\u00e9ga 3<\/h3>\n<p>Les om\u00e9ga-3 proviennent des algues. Les poissons mangent des algues et absorbent ainsi les om\u00e9ga 3. Gr\u00e2ce \u00e0\u00a0 une technologie innovante, Testa obtient ces acides gras essentiels directement \u00e0\u00a0 partir d\u2019algues. Vous obtenez ainsi la forme la plus pure d\u2019om\u00e9ga-3 : sans toxines et enti\u00e8rement v\u00e9g\u00e9tal. Dans la vid\u00e9o ci-dessous, nous expliquons comment :<\/p>\n \t\t\t\r\n\t\r\n\t<div class=\" btn   \">\r\n        <a href=\"https:\/\/testa-omega3.com\/fr\/que-sont-les-omega-3\/\" target=\"_self\" >En savoir plus sur le processus<\/a>\r\n    <\/div>\r\n\t\t\t\t\t\t<\/div><!--end of text-->\r\n\t\t\t\t<\/div><!--end of text-wrap-->\r\n\t\t\t<\/div><!--end of inner-->\r\n\t\t<\/div><!--end of media-text-module-->\r\n\n\n\t\t<div class=\"content-module  \" style=\"\">\r\n\t\t\t<div class=\"inner cf\">\r\n\t\t\t\t<div class=\"column\">\r\n\t\t\t\t\t\t\t\t\t<\/div><!--end of column-->\r\n\t\t\t<\/div><!--end of inner-->\r\n\t\t<\/div><!--end of content-module-->\t\r\n\n\n<div class=\"reviews-block-module\">\n    <div class=\"inner cf\">\n        <div class=\"rating-wrap\">\n            <!-- trustedshops here -->\n            <!-- Begin eTrusted widget tag -->\n                        \n            <etrusted-widget data-etrusted-widget-id=\"wdg-a755cedb-17a5-4567-8ffe-e04ff114c930\"><\/etrusted-widget>\n            <!-- End eTrusted widget tag -->\n        <\/div><!--end of rating-wrap-->\n    <\/div><!--end of inner-->\n<\/div><!--end of content-module-->\n","protected":false},"excerpt":{"rendered":"","protected":false},"author":1,"featured_media":0,"parent":0,"menu_order":0,"comment_status":"closed","ping_status":"closed","template":"template-poststyle.php","meta":{"_acf_changed":false,"footnotes":""},"class_list":["post-2516","page","type-page","status-publish","hentry"],"acf":[],"yoast_head":"<!-- This site is optimized with the Yoast SEO plugin v26.0 - https:\/\/yoast.com\/wordpress\/plugins\/seo\/ -->\n<title>Quels sont les avantages pour la sant\u00e9 des om\u00e9ga-3 d&#039;origine v\u00e9g\u00e9tale ?<\/title>\n<meta name=\"description\" content=\"Les om\u00e9ga 3 proviennent des algues et non des poissons. Les poissons mangent des algues, c&#039;est pourquoi ils contiennent des om\u00e9ga 3. Nous obtenons donc les om\u00e9ga 3 directement de l&#039;algue.\" \/>\n<meta name=\"robots\" content=\"index, follow, max-snippet:-1, max-image-preview:large, max-video-preview:-1\" \/>\n<link rel=\"canonical\" href=\"https:\/\/testa-omega3.com\/fr\/que-sont-les-omega-3\/\" \/>\n<meta property=\"og:locale\" content=\"fr_FR\" \/>\n<meta property=\"og:type\" content=\"article\" \/>\n<meta property=\"og:title\" content=\"Quels sont les avantages pour la sant\u00e9 des om\u00e9ga-3 d&#039;origine v\u00e9g\u00e9tale ?\" \/>\n<meta property=\"og:description\" content=\"Les om\u00e9ga 3 proviennent des algues et non des poissons. Les poissons mangent des algues, c&#039;est pourquoi ils contiennent des om\u00e9ga 3. Nous obtenons donc les om\u00e9ga 3 directement de l&#039;algue.\" \/>\n<meta property=\"og:url\" content=\"https:\/\/testa-omega3.com\/fr\/que-sont-les-omega-3\/\" \/>\n<meta property=\"og:site_name\" content=\"Testa\" \/>\n<meta property=\"article:publisher\" content=\"https:\/\/www.facebook.com\/TestaOmega3\/\" \/>\n<meta property=\"article:modified_time\" content=\"2025-02-06T14:55:35+00:00\" \/>\n<meta name=\"twitter:card\" content=\"summary_large_image\" \/>\n<meta name=\"twitter:site\" content=\"@testaomega3\" \/>\n<script type=\"application\/ld+json\" class=\"yoast-schema-graph\">{\"@context\":\"https:\/\/schema.org\",\"@graph\":[{\"@type\":\"WebPage\",\"@id\":\"https:\/\/testa-omega3.com\/fr\/que-sont-les-omega-3\/\",\"url\":\"https:\/\/testa-omega3.com\/fr\/que-sont-les-omega-3\/\",\"name\":\"Quels sont les avantages pour la sant\u00e9 des om\u00e9ga-3 d'origine v\u00e9g\u00e9tale ?\",\"isPartOf\":{\"@id\":\"https:\/\/testa-omega3.com\/fr\/#website\"},\"datePublished\":\"2020-03-05T13:43:58+00:00\",\"dateModified\":\"2025-02-06T14:55:35+00:00\",\"description\":\"Les om\u00e9ga 3 proviennent des algues et non des poissons. Les poissons mangent des algues, c'est pourquoi ils contiennent des om\u00e9ga 3. Nous obtenons donc les om\u00e9ga 3 directement de l'algue.\",\"breadcrumb\":{\"@id\":\"https:\/\/testa-omega3.com\/fr\/que-sont-les-omega-3\/#breadcrumb\"},\"inLanguage\":\"fr-FR\",\"potentialAction\":[{\"@type\":\"ReadAction\",\"target\":[\"https:\/\/testa-omega3.com\/fr\/que-sont-les-omega-3\/\"]}]},{\"@type\":\"BreadcrumbList\",\"@id\":\"https:\/\/testa-omega3.com\/fr\/que-sont-les-omega-3\/#breadcrumb\",\"itemListElement\":[{\"@type\":\"ListItem\",\"position\":1,\"name\":\"Home\",\"item\":\"https:\/\/testa-omega3.com\/fr\/\"},{\"@type\":\"ListItem\",\"position\":2,\"name\":\"Sant\u00e9\"}]},{\"@type\":\"WebSite\",\"@id\":\"https:\/\/testa-omega3.com\/fr\/#website\",\"url\":\"https:\/\/testa-omega3.com\/fr\/\",\"name\":\"Testa\",\"description\":\"Omega-3 Algenolie!\",\"publisher\":{\"@id\":\"https:\/\/testa-omega3.com\/fr\/#organization\"},\"potentialAction\":[{\"@type\":\"SearchAction\",\"target\":{\"@type\":\"EntryPoint\",\"urlTemplate\":\"https:\/\/testa-omega3.com\/fr\/?s={search_term_string}\"},\"query-input\":{\"@type\":\"PropertyValueSpecification\",\"valueRequired\":true,\"valueName\":\"search_term_string\"}}],\"inLanguage\":\"fr-FR\"},{\"@type\":\"Organization\",\"@id\":\"https:\/\/testa-omega3.com\/fr\/#organization\",\"name\":\"Testa Omega-3\",\"url\":\"https:\/\/testa-omega3.com\/fr\/\",\"logo\":{\"@type\":\"ImageObject\",\"inLanguage\":\"fr-FR\",\"@id\":\"https:\/\/testa-omega3.com\/fr\/#\/schema\/logo\/image\/\",\"url\":\"https:\/\/testa-omega3.com\/wp-content\/uploads\/2021\/10\/testa-logo1.png\",\"contentUrl\":\"https:\/\/testa-omega3.com\/wp-content\/uploads\/2021\/10\/testa-logo1.png\",\"width\":121,\"height\":119,\"caption\":\"Testa Omega-3\"},\"image\":{\"@id\":\"https:\/\/testa-omega3.com\/fr\/#\/schema\/logo\/image\/\"},\"sameAs\":[\"https:\/\/www.facebook.com\/TestaOmega3\/\",\"https:\/\/x.com\/testaomega3\",\"https:\/\/www.instagram.com\/testaomega3\/\",\"https:\/\/linkedin.com\/company\/testa-omega-3\"]}]}<\/script>\n<!-- \/ Yoast SEO plugin. -->","yoast_head_json":{"title":"Quels sont les avantages pour la sant\u00e9 des om\u00e9ga-3 d'origine v\u00e9g\u00e9tale ?","description":"Les om\u00e9ga 3 proviennent des algues et non des poissons. Les poissons mangent des algues, c'est pourquoi ils contiennent des om\u00e9ga 3. Nous obtenons donc les om\u00e9ga 3 directement de l'algue.","robots":{"index":"index","follow":"follow","max-snippet":"max-snippet:-1","max-image-preview":"max-image-preview:large","max-video-preview":"max-video-preview:-1"},"canonical":"https:\/\/testa-omega3.com\/fr\/que-sont-les-omega-3\/","og_locale":"fr_FR","og_type":"article","og_title":"Quels sont les avantages pour la sant\u00e9 des om\u00e9ga-3 d'origine v\u00e9g\u00e9tale ?","og_description":"Les om\u00e9ga 3 proviennent des algues et non des poissons. Les poissons mangent des algues, c'est pourquoi ils contiennent des om\u00e9ga 3. Nous obtenons donc les om\u00e9ga 3 directement de l'algue.","og_url":"https:\/\/testa-omega3.com\/fr\/que-sont-les-omega-3\/","og_site_name":"Testa","article_publisher":"https:\/\/www.facebook.com\/TestaOmega3\/","article_modified_time":"2025-02-06T14:55:35+00:00","twitter_card":"summary_large_image","twitter_site":"@testaomega3","schema":{"@context":"https:\/\/schema.org","@graph":[{"@type":"WebPage","@id":"https:\/\/testa-omega3.com\/fr\/que-sont-les-omega-3\/","url":"https:\/\/testa-omega3.com\/fr\/que-sont-les-omega-3\/","name":"Quels sont les avantages pour la sant\u00e9 des om\u00e9ga-3 d'origine v\u00e9g\u00e9tale ?","isPartOf":{"@id":"https:\/\/testa-omega3.com\/fr\/#website"},"datePublished":"2020-03-05T13:43:58+00:00","dateModified":"2025-02-06T14:55:35+00:00","description":"Les om\u00e9ga 3 proviennent des algues et non des poissons. Les poissons mangent des algues, c'est pourquoi ils contiennent des om\u00e9ga 3. Nous obtenons donc les om\u00e9ga 3 directement de l'algue.","breadcrumb":{"@id":"https:\/\/testa-omega3.com\/fr\/que-sont-les-omega-3\/#breadcrumb"},"inLanguage":"fr-FR","potentialAction":[{"@type":"ReadAction","target":["https:\/\/testa-omega3.com\/fr\/que-sont-les-omega-3\/"]}]},{"@type":"BreadcrumbList","@id":"https:\/\/testa-omega3.com\/fr\/que-sont-les-omega-3\/#breadcrumb","itemListElement":[{"@type":"ListItem","position":1,"name":"Home","item":"https:\/\/testa-omega3.com\/fr\/"},{"@type":"ListItem","position":2,"name":"Sant\u00e9"}]},{"@type":"WebSite","@id":"https:\/\/testa-omega3.com\/fr\/#website","url":"https:\/\/testa-omega3.com\/fr\/","name":"Testa","description":"Omega-3 Algenolie!","publisher":{"@id":"https:\/\/testa-omega3.com\/fr\/#organization"},"potentialAction":[{"@type":"SearchAction","target":{"@type":"EntryPoint","urlTemplate":"https:\/\/testa-omega3.com\/fr\/?s={search_term_string}"},"query-input":{"@type":"PropertyValueSpecification","valueRequired":true,"valueName":"search_term_string"}}],"inLanguage":"fr-FR"},{"@type":"Organization","@id":"https:\/\/testa-omega3.com\/fr\/#organization","name":"Testa Omega-3","url":"https:\/\/testa-omega3.com\/fr\/","logo":{"@type":"ImageObject","inLanguage":"fr-FR","@id":"https:\/\/testa-omega3.com\/fr\/#\/schema\/logo\/image\/","url":"https:\/\/testa-omega3.com\/wp-content\/uploads\/2021\/10\/testa-logo1.png","contentUrl":"https:\/\/testa-omega3.com\/wp-content\/uploads\/2021\/10\/testa-logo1.png","width":121,"height":119,"caption":"Testa Omega-3"},"image":{"@id":"https:\/\/testa-omega3.com\/fr\/#\/schema\/logo\/image\/"},"sameAs":["https:\/\/www.facebook.com\/TestaOmega3\/","https:\/\/x.com\/testaomega3","https:\/\/www.instagram.com\/testaomega3\/","https:\/\/linkedin.com\/company\/testa-omega-3"]}]}},"_links":{"self":[{"href":"https:\/\/testa-omega3.com\/fr\/wp-json\/wp\/v2\/pages\/2516","targetHints":{"allow":["GET"]}}],"collection":[{"href":"https:\/\/testa-omega3.com\/fr\/wp-json\/wp\/v2\/pages"}],"about":[{"href":"https:\/\/testa-omega3.com\/fr\/wp-json\/wp\/v2\/types\/page"}],"author":[{"embeddable":true,"href":"https:\/\/testa-omega3.com\/fr\/wp-json\/wp\/v2\/users\/1"}],"replies":[{"embeddable":true,"href":"https:\/\/testa-omega3.com\/fr\/wp-json\/wp\/v2\/comments?post=2516"}],"version-history":[{"count":0,"href":"https:\/\/testa-omega3.com\/fr\/wp-json\/wp\/v2\/pages\/2516\/revisions"}],"wp:attachment":[{"href":"https:\/\/testa-omega3.com\/fr\/wp-json\/wp\/v2\/media?parent=2516"}],"curies":[{"name":"wp","href":"https:\/\/api.w.org\/{rel}","templated":true}]}}