{"id":54933,"date":"2022-04-08T11:37:38","date_gmt":"2022-04-08T09:37:38","guid":{"rendered":"https:\/\/testa-omega3.com\/?page_id=54933"},"modified":"2026-02-06T16:46:59","modified_gmt":"2026-02-06T15:46:59","slug":"frais-de-port-et-delai-de-livraison","status":"publish","type":"page","link":"https:\/\/testa-omega3.com\/fr\/frais-de-port-et-delai-de-livraison\/","title":{"rendered":"Frais de port &#038; d\u00e9lai de livraison"},"content":{"rendered":"\t\t<div class=\"content-module white no-spacing-btm no-spacing-top\" style=\"\">\r\n\t\t\t<div class=\"inner cf\">\r\n\t\t\t\t<div class=\"column\">\r\n\t\t\t\t\t<h1 style=\"text-align: center;\"><span style=\"color: #106989;\"><b>Frais de port &amp; d\u00e9lai de livraison<\/b><\/span><\/h1>\n<p style=\"text-align: center; color: #106989;\">Toutes les commandes sont emball\u00e9es avec amour et exp\u00e9di\u00e9es depuis notre centre de distribution aux Pays-Bas.<\/p>\n<p style=\"text-align: center; color: #106989;\">Command\u00e9 avant 14h, exp\u00e9di\u00e9 le jour m\u00eame.<\/p>\n\t\t\t\t<\/div><!--end of column-->\r\n\t\t\t<\/div><!--end of inner-->\r\n\t\t<\/div><!--end of content-module-->\t\r\n\n\n\t\t<div class=\"media-text-module  default style-two white no-arrow-bottom   \">\r\n\t\t\t<div class=\"inner cf\">\r\n\t\t\t\t<div class=\"media-wrap contain  center-center \" style=\"background-image: url(https:\/\/testa-omega3.com\/wp-content\/uploads\/2022\/04\/Nederland-e1649327453139.jpg); \">\r\n\t\t\t\t\t<img decoding=\"async\" src=\"https:\/\/testa-omega3.com\/wp-content\/uploads\/2022\/04\/Nederland-e1649327453139.jpg\" alt=\"\" \/>\r\n\t\t\t\t\t\t\t\t\t<\/div><!--end of media-wrap-->\r\n\t\t\t\t\r\n\t\t\t\t<div class=\"text-wrap\">\r\n\t\t\t\t<div class=\"media-wrap contain  center-center  mobile\" style=\"background-image: url(https:\/\/testa-omega3.com\/wp-content\/uploads\/2022\/04\/Nederland-e1649327453139.jpg); \">\r\n\t\t\t\t\t\t\t\t\t<\/div><!--end of media-wrap-->\r\n\r\n\t\t\t\t\t<div class=\"text\">\r\n\t\t\t\t\t\t<h2 class=\"highlight\"><span style=\"color: #106989;\"><b>les Pays-Bas<\/b><\/span><\/h2>\n<ul>\n<li style=\"text-align: justify;\"><span style=\"font-weight: 400; color: #106989;\">Livraison gratuite<\/span><\/li>\n<li style=\"text-align: justify;\"><span style=\"font-weight: 400; color: #106989;\">D\u00e9lai de livraison 1-2 jours ouvrables<\/span><\/li>\n<\/ul>\n\t\t\t\t\t<\/div><!--end of text-->\r\n\t\t\t\t<\/div><!--end of text-wrap-->\r\n\t\t\t<\/div><!--end of inner-->\r\n\t\t<\/div><!--end of media-text-module-->\r\n\n\n\t\t<div class=\"media-text-module  switch style-two  no-arrow-bottom   \">\r\n\t\t\t<div class=\"inner cf\">\r\n\t\t\t\t<div class=\"media-wrap contain  center-center \" style=\"background-image: url(https:\/\/testa-omega3.com\/wp-content\/uploads\/2022\/04\/Europa-e1649327433638.jpg); \">\r\n\t\t\t\t\t<img decoding=\"async\" src=\"https:\/\/testa-omega3.com\/wp-content\/uploads\/2022\/04\/Europa-e1649327433638.jpg\" alt=\"\" \/>\r\n\t\t\t\t\t\t\t\t\t<\/div><!--end of media-wrap-->\r\n\t\t\t\t\r\n\t\t\t\t<div class=\"text-wrap\">\r\n\t\t\t\t<div class=\"media-wrap contain  center-center  mobile\" style=\"background-image: url(https:\/\/testa-omega3.com\/wp-content\/uploads\/2022\/04\/Europa-e1649327433638.jpg); \">\r\n\t\t\t\t\t\t\t\t\t<\/div><!--end of media-wrap-->\r\n\r\n\t\t\t\t\t<div class=\"text\">\r\n\t\t\t\t\t\t<h2 id=\"vegan\" class=\"highlight\"><span style=\"color: #106989;\"><b>L&rsquo;Europe<\/b><\/span><\/h2>\n<ul>\n<li style=\"text-align: left;\"><span style=\"font-weight: 400; color: #106989;\">Exp\u00e9dition gratuite vers : Allemagne, Belgique, Luxembourg, Royaume-Uni, France, Autriche, Espagne, Portugal et Pologne<\/span><\/li>\n<li style=\"text-align: left;\"><span style=\"font-weight: 400; color: #106989;\">Frais d&rsquo;exp\u00e9dition de 4 euros hors TVA pour : Irlande, Danemark, Finlande, Su\u00e8de, Norv\u00e8ge, Italie, Gr\u00e8ce, Slov\u00e9nie, R\u00e9publique tch\u00e8que, Estonie, Lettonie, Lituanie, Slovaquie, Hongrie, Croatie, Chypre, Malte et Islande<\/span><\/li>\n<li style=\"text-align: left;\"><span style=\"font-weight: 400; color: #106989;\">D\u00e9lai de livraison 2-10 jours ouvrables (selon la poste locale)<\/span><\/li>\n<\/ul>\n\t\t\t\t\t<\/div><!--end of text-->\r\n\t\t\t\t<\/div><!--end of text-wrap-->\r\n\t\t\t<\/div><!--end of inner-->\r\n\t\t<\/div><!--end of media-text-module-->\r\n\n\n\n<p><\/p>\n","protected":false},"excerpt":{"rendered":"","protected":false},"author":23215,"featured_media":0,"parent":0,"menu_order":0,"comment_status":"closed","ping_status":"closed","template":"","meta":{"_acf_changed":true,"footnotes":""},"class_list":["post-54933","page","type-page","status-publish","hentry"],"acf":[],"yoast_head":"<!-- This site is optimized with the Yoast SEO plugin v26.0 - https:\/\/yoast.com\/wordpress\/plugins\/seo\/ -->\n<title>Frais de port et d\u00e9lai de livraison | Testa Omega-3 huile d&#039;algues<\/title>\n<meta name=\"description\" content=\"Livraison gratuite dans toute l&#039;Europe de l&#039;huile d&#039;algues Testa Omega-3. Ici, vous pouvez lire quels sont les frais d&#039;exp\u00e9dition et les d\u00e9lais de livraison en dehors de l&#039;Europe.\" \/>\n<meta name=\"robots\" content=\"index, follow, max-snippet:-1, max-image-preview:large, max-video-preview:-1\" \/>\n<link rel=\"canonical\" href=\"https:\/\/testa-omega3.com\/fr\/frais-de-port-et-delai-de-livraison\/\" \/>\n<meta property=\"og:locale\" content=\"fr_FR\" \/>\n<meta property=\"og:type\" content=\"article\" \/>\n<meta property=\"og:title\" content=\"Frais de port et d\u00e9lai de livraison | Testa Omega-3 huile d&#039;algues\" \/>\n<meta property=\"og:description\" content=\"Livraison gratuite dans toute l&#039;Europe de l&#039;huile d&#039;algues Testa Omega-3. Ici, vous pouvez lire quels sont les frais d&#039;exp\u00e9dition et les d\u00e9lais de livraison en dehors de l&#039;Europe.\" \/>\n<meta property=\"og:url\" content=\"https:\/\/testa-omega3.com\/fr\/frais-de-port-et-delai-de-livraison\/\" \/>\n<meta property=\"og:site_name\" content=\"Testa\" \/>\n<meta property=\"article:publisher\" content=\"https:\/\/www.facebook.com\/TestaOmega3\/\" \/>\n<meta property=\"article:modified_time\" content=\"2026-02-06T15:46:59+00:00\" \/>\n<meta name=\"twitter:card\" content=\"summary_large_image\" \/>\n<meta name=\"twitter:site\" content=\"@testaomega3\" \/>\n<script type=\"application\/ld+json\" class=\"yoast-schema-graph\">{\"@context\":\"https:\/\/schema.org\",\"@graph\":[{\"@type\":\"WebPage\",\"@id\":\"https:\/\/testa-omega3.com\/fr\/frais-de-port-et-delai-de-livraison\/\",\"url\":\"https:\/\/testa-omega3.com\/fr\/frais-de-port-et-delai-de-livraison\/\",\"name\":\"Frais de port et d\u00e9lai de livraison | Testa Omega-3 huile d'algues\",\"isPartOf\":{\"@id\":\"https:\/\/testa-omega3.com\/fr\/#website\"},\"datePublished\":\"2022-04-08T09:37:38+00:00\",\"dateModified\":\"2026-02-06T15:46:59+00:00\",\"description\":\"Livraison gratuite dans toute l'Europe de l'huile d'algues Testa Omega-3. Ici, vous pouvez lire quels sont les frais d'exp\u00e9dition et les d\u00e9lais de livraison en dehors de l'Europe.\",\"breadcrumb\":{\"@id\":\"https:\/\/testa-omega3.com\/fr\/frais-de-port-et-delai-de-livraison\/#breadcrumb\"},\"inLanguage\":\"fr-FR\",\"potentialAction\":[{\"@type\":\"ReadAction\",\"target\":[\"https:\/\/testa-omega3.com\/fr\/frais-de-port-et-delai-de-livraison\/\"]}]},{\"@type\":\"BreadcrumbList\",\"@id\":\"https:\/\/testa-omega3.com\/fr\/frais-de-port-et-delai-de-livraison\/#breadcrumb\",\"itemListElement\":[{\"@type\":\"ListItem\",\"position\":1,\"name\":\"Home\",\"item\":\"https:\/\/testa-omega3.com\/fr\/\"},{\"@type\":\"ListItem\",\"position\":2,\"name\":\"Frais de port &#038; d\u00e9lai de livraison\"}]},{\"@type\":\"WebSite\",\"@id\":\"https:\/\/testa-omega3.com\/fr\/#website\",\"url\":\"https:\/\/testa-omega3.com\/fr\/\",\"name\":\"Testa\",\"description\":\"Omega-3 Algenolie!\",\"publisher\":{\"@id\":\"https:\/\/testa-omega3.com\/fr\/#organization\"},\"potentialAction\":[{\"@type\":\"SearchAction\",\"target\":{\"@type\":\"EntryPoint\",\"urlTemplate\":\"https:\/\/testa-omega3.com\/fr\/?s={search_term_string}\"},\"query-input\":{\"@type\":\"PropertyValueSpecification\",\"valueRequired\":true,\"valueName\":\"search_term_string\"}}],\"inLanguage\":\"fr-FR\"},{\"@type\":\"Organization\",\"@id\":\"https:\/\/testa-omega3.com\/fr\/#organization\",\"name\":\"Testa Omega-3\",\"url\":\"https:\/\/testa-omega3.com\/fr\/\",\"logo\":{\"@type\":\"ImageObject\",\"inLanguage\":\"fr-FR\",\"@id\":\"https:\/\/testa-omega3.com\/fr\/#\/schema\/logo\/image\/\",\"url\":\"https:\/\/testa-omega3.com\/wp-content\/uploads\/2021\/10\/testa-logo1.png\",\"contentUrl\":\"https:\/\/testa-omega3.com\/wp-content\/uploads\/2021\/10\/testa-logo1.png\",\"width\":121,\"height\":119,\"caption\":\"Testa Omega-3\"},\"image\":{\"@id\":\"https:\/\/testa-omega3.com\/fr\/#\/schema\/logo\/image\/\"},\"sameAs\":[\"https:\/\/www.facebook.com\/TestaOmega3\/\",\"https:\/\/x.com\/testaomega3\",\"https:\/\/www.instagram.com\/testaomega3\/\",\"https:\/\/linkedin.com\/company\/testa-omega-3\"]}]}<\/script>\n<!-- \/ Yoast SEO plugin. -->","yoast_head_json":{"title":"Frais de port et d\u00e9lai de livraison | Testa Omega-3 huile d'algues","description":"Livraison gratuite dans toute l'Europe de l'huile d'algues Testa Omega-3. Ici, vous pouvez lire quels sont les frais d'exp\u00e9dition et les d\u00e9lais de livraison en dehors de l'Europe.","robots":{"index":"index","follow":"follow","max-snippet":"max-snippet:-1","max-image-preview":"max-image-preview:large","max-video-preview":"max-video-preview:-1"},"canonical":"https:\/\/testa-omega3.com\/fr\/frais-de-port-et-delai-de-livraison\/","og_locale":"fr_FR","og_type":"article","og_title":"Frais de port et d\u00e9lai de livraison | Testa Omega-3 huile d'algues","og_description":"Livraison gratuite dans toute l'Europe de l'huile d'algues Testa Omega-3. Ici, vous pouvez lire quels sont les frais d'exp\u00e9dition et les d\u00e9lais de livraison en dehors de l'Europe.","og_url":"https:\/\/testa-omega3.com\/fr\/frais-de-port-et-delai-de-livraison\/","og_site_name":"Testa","article_publisher":"https:\/\/www.facebook.com\/TestaOmega3\/","article_modified_time":"2026-02-06T15:46:59+00:00","twitter_card":"summary_large_image","twitter_site":"@testaomega3","schema":{"@context":"https:\/\/schema.org","@graph":[{"@type":"WebPage","@id":"https:\/\/testa-omega3.com\/fr\/frais-de-port-et-delai-de-livraison\/","url":"https:\/\/testa-omega3.com\/fr\/frais-de-port-et-delai-de-livraison\/","name":"Frais de port et d\u00e9lai de livraison | Testa Omega-3 huile d'algues","isPartOf":{"@id":"https:\/\/testa-omega3.com\/fr\/#website"},"datePublished":"2022-04-08T09:37:38+00:00","dateModified":"2026-02-06T15:46:59+00:00","description":"Livraison gratuite dans toute l'Europe de l'huile d'algues Testa Omega-3. Ici, vous pouvez lire quels sont les frais d'exp\u00e9dition et les d\u00e9lais de livraison en dehors de l'Europe.","breadcrumb":{"@id":"https:\/\/testa-omega3.com\/fr\/frais-de-port-et-delai-de-livraison\/#breadcrumb"},"inLanguage":"fr-FR","potentialAction":[{"@type":"ReadAction","target":["https:\/\/testa-omega3.com\/fr\/frais-de-port-et-delai-de-livraison\/"]}]},{"@type":"BreadcrumbList","@id":"https:\/\/testa-omega3.com\/fr\/frais-de-port-et-delai-de-livraison\/#breadcrumb","itemListElement":[{"@type":"ListItem","position":1,"name":"Home","item":"https:\/\/testa-omega3.com\/fr\/"},{"@type":"ListItem","position":2,"name":"Frais de port &#038; d\u00e9lai de livraison"}]},{"@type":"WebSite","@id":"https:\/\/testa-omega3.com\/fr\/#website","url":"https:\/\/testa-omega3.com\/fr\/","name":"Testa","description":"Omega-3 Algenolie!","publisher":{"@id":"https:\/\/testa-omega3.com\/fr\/#organization"},"potentialAction":[{"@type":"SearchAction","target":{"@type":"EntryPoint","urlTemplate":"https:\/\/testa-omega3.com\/fr\/?s={search_term_string}"},"query-input":{"@type":"PropertyValueSpecification","valueRequired":true,"valueName":"search_term_string"}}],"inLanguage":"fr-FR"},{"@type":"Organization","@id":"https:\/\/testa-omega3.com\/fr\/#organization","name":"Testa Omega-3","url":"https:\/\/testa-omega3.com\/fr\/","logo":{"@type":"ImageObject","inLanguage":"fr-FR","@id":"https:\/\/testa-omega3.com\/fr\/#\/schema\/logo\/image\/","url":"https:\/\/testa-omega3.com\/wp-content\/uploads\/2021\/10\/testa-logo1.png","contentUrl":"https:\/\/testa-omega3.com\/wp-content\/uploads\/2021\/10\/testa-logo1.png","width":121,"height":119,"caption":"Testa Omega-3"},"image":{"@id":"https:\/\/testa-omega3.com\/fr\/#\/schema\/logo\/image\/"},"sameAs":["https:\/\/www.facebook.com\/TestaOmega3\/","https:\/\/x.com\/testaomega3","https:\/\/www.instagram.com\/testaomega3\/","https:\/\/linkedin.com\/company\/testa-omega-3"]}]}},"_links":{"self":[{"href":"https:\/\/testa-omega3.com\/fr\/wp-json\/wp\/v2\/pages\/54933","targetHints":{"allow":["GET"]}}],"collection":[{"href":"https:\/\/testa-omega3.com\/fr\/wp-json\/wp\/v2\/pages"}],"about":[{"href":"https:\/\/testa-omega3.com\/fr\/wp-json\/wp\/v2\/types\/page"}],"author":[{"embeddable":true,"href":"https:\/\/testa-omega3.com\/fr\/wp-json\/wp\/v2\/users\/23215"}],"replies":[{"embeddable":true,"href":"https:\/\/testa-omega3.com\/fr\/wp-json\/wp\/v2\/comments?post=54933"}],"version-history":[{"count":0,"href":"https:\/\/testa-omega3.com\/fr\/wp-json\/wp\/v2\/pages\/54933\/revisions"}],"wp:attachment":[{"href":"https:\/\/testa-omega3.com\/fr\/wp-json\/wp\/v2\/media?parent=54933"}],"curies":[{"name":"wp","href":"https:\/\/api.w.org\/{rel}","templated":true}]}}