{"id":85789,"date":"2023-05-04T17:41:18","date_gmt":"2023-05-04T15:41:18","guid":{"rendered":"https:\/\/testa-omega3.com\/?post_type=product&#038;p=85789"},"modified":"2025-09-22T12:04:04","modified_gmt":"2025-09-22T10:04:04","slug":"huile-d-algues-omega-3-dha-epa","status":"publish","type":"product","link":"https:\/\/testa-omega3.com\/fr\/produit\/huile-d-algues-omega-3-dha-epa\/","title":{"rendered":"DHA &#038; EPA Om\u00e9ga-3 Huile d&rsquo;algues"},"content":{"rendered":"","protected":false},"excerpt":{"rendered":"","protected":false},"featured_media":136495,"template":"","meta":{"_acf_changed":false},"product_brand":[],"product_cat":[366,365,362,363,364],"product_tag":[400,397,409,403,406],"class_list":{"0":"post-85789","1":"product","2":"type-product","3":"status-publish","4":"has-post-thumbnail","6":"product_cat-omega-3-pour-la-grossesse","7":"product_cat-omega-3-pour-les-enfants","8":"product_cat-omega-3-pour-les-femmes","9":"product_cat-omega-3-pour-les-hommes","10":"product_cat-omega-3-pour-les-seniors","11":"product_tag-enfants","12":"product_tag-femmes","13":"product_tag-grossesse","14":"product_tag-hommes","15":"product_tag-seniors-fr","16":"has-subscription-plans","18":"first","19":"instock","20":"taxable","21":"shipping-taxable","22":"purchasable","23":"product-type-variable"},"bundled_by":[],"bundle_stock_status":"instock","bundle_stock_quantity":null,"bundle_virtual":false,"bundle_layout":"","bundle_add_to_cart_form_location":"","bundle_editable_in_cart":false,"bundle_sold_individually_context":"","bundle_item_grouping":"","bundle_min_size":"","bundle_max_size":"","bundle_price":[],"bundled_items":[],"bundle_sell_ids":[],"acf":[],"yoast_head":"<!-- This site is optimized with the Yoast SEO plugin v27.3 - https:\/\/yoast.com\/product\/yoast-seo-wordpress\/ -->\n<title>Acheter des capsules d&#039;om\u00e9ga-3 (huile d&#039;algues)? DHA + EPA | Testa<\/title>\n<meta name=\"description\" content=\"Testa Omega-3 est pur, sans poisson et 100% v\u00e9g\u00e9tal. Achetez 60 capsules pour 2 mois de stock. Promopacks et des abonnements sont \u00e9galement possibles.\" \/>\n<meta name=\"robots\" content=\"index, follow, max-snippet:-1, max-image-preview:large, max-video-preview:-1\" \/>\n<link rel=\"canonical\" href=\"https:\/\/testa-omega3.com\/fr\/produit\/huile-d-algues-omega-3-dha-epa\/\" \/>\n<meta property=\"og:locale\" content=\"fr_FR\" \/>\n<meta property=\"og:type\" content=\"article\" \/>\n<meta property=\"og:title\" content=\"Acheter des capsules d&#039;om\u00e9ga-3 (huile d&#039;algues)? DHA + EPA | Testa\" \/>\n<meta property=\"og:description\" content=\"Testa Omega-3 est pur, sans poisson et 100% v\u00e9g\u00e9tal. Achetez 60 capsules pour 2 mois de stock. Promopacks et des abonnements sont \u00e9galement possibles.\" \/>\n<meta property=\"og:url\" content=\"https:\/\/testa-omega3.com\/fr\/produit\/huile-d-algues-omega-3-dha-epa\/\" \/>\n<meta property=\"og:site_name\" content=\"Testa\" \/>\n<meta property=\"article:publisher\" content=\"https:\/\/www.facebook.com\/TestaOmega3\/\" \/>\n<meta property=\"article:modified_time\" content=\"2025-09-22T10:04:04+00:00\" \/>\n<meta property=\"og:image\" content=\"https:\/\/testa-omega3.com\/wp-content\/uploads\/2023\/05\/Testa-60st-DHA-EPA-plat-FR-3.png\" \/>\n\t<meta property=\"og:image:width\" content=\"1080\" \/>\n\t<meta property=\"og:image:height\" content=\"1080\" \/>\n\t<meta property=\"og:image:type\" content=\"image\/png\" \/>\n<meta name=\"twitter:card\" content=\"summary_large_image\" \/>\n<meta name=\"twitter:site\" content=\"@testaomega3\" \/>\n<script type=\"application\/ld+json\" class=\"yoast-schema-graph\">{\"@context\":\"https:\\\/\\\/schema.org\",\"@graph\":[{\"@type\":\"WebPage\",\"@id\":\"https:\\\/\\\/testa-omega3.com\\\/fr\\\/produit\\\/huile-d-algues-omega-3-dha-epa\\\/\",\"url\":\"https:\\\/\\\/testa-omega3.com\\\/fr\\\/produit\\\/huile-d-algues-omega-3-dha-epa\\\/\",\"name\":\"Acheter des capsules d'om\u00e9ga-3 (huile d'algues)? DHA + EPA | Testa\",\"isPartOf\":{\"@id\":\"https:\\\/\\\/testa-omega3.com\\\/fr\\\/#website\"},\"primaryImageOfPage\":{\"@id\":\"https:\\\/\\\/testa-omega3.com\\\/fr\\\/produit\\\/huile-d-algues-omega-3-dha-epa\\\/#primaryimage\"},\"image\":{\"@id\":\"https:\\\/\\\/testa-omega3.com\\\/fr\\\/produit\\\/huile-d-algues-omega-3-dha-epa\\\/#primaryimage\"},\"thumbnailUrl\":\"https:\\\/\\\/testa-omega3.com\\\/wp-content\\\/uploads\\\/2023\\\/05\\\/Testa-60st-DHA-EPA-plat-FR-3.png\",\"datePublished\":\"2023-05-04T15:41:18+00:00\",\"dateModified\":\"2025-09-22T10:04:04+00:00\",\"description\":\"Testa Omega-3 est pur, sans poisson et 100% v\u00e9g\u00e9tal. Achetez 60 capsules pour 2 mois de stock. Promopacks et des abonnements sont \u00e9galement possibles.\",\"breadcrumb\":{\"@id\":\"https:\\\/\\\/testa-omega3.com\\\/fr\\\/produit\\\/huile-d-algues-omega-3-dha-epa\\\/#breadcrumb\"},\"inLanguage\":\"fr-FR\",\"potentialAction\":[{\"@type\":\"ReadAction\",\"target\":[\"https:\\\/\\\/testa-omega3.com\\\/fr\\\/produit\\\/huile-d-algues-omega-3-dha-epa\\\/\"]}]},{\"@type\":\"ImageObject\",\"inLanguage\":\"fr-FR\",\"@id\":\"https:\\\/\\\/testa-omega3.com\\\/fr\\\/produit\\\/huile-d-algues-omega-3-dha-epa\\\/#primaryimage\",\"url\":\"https:\\\/\\\/testa-omega3.com\\\/wp-content\\\/uploads\\\/2023\\\/05\\\/Testa-60st-DHA-EPA-plat-FR-3.png\",\"contentUrl\":\"https:\\\/\\\/testa-omega3.com\\\/wp-content\\\/uploads\\\/2023\\\/05\\\/Testa-60st-DHA-EPA-plat-FR-3.png\",\"width\":1080,\"height\":1080},{\"@type\":\"BreadcrumbList\",\"@id\":\"https:\\\/\\\/testa-omega3.com\\\/fr\\\/produit\\\/huile-d-algues-omega-3-dha-epa\\\/#breadcrumb\",\"itemListElement\":[{\"@type\":\"ListItem\",\"position\":1,\"name\":\"Home\",\"item\":\"https:\\\/\\\/testa-omega3.com\\\/fr\\\/\"},{\"@type\":\"ListItem\",\"position\":2,\"name\":\"Produits\",\"item\":\"https:\\\/\\\/testa-omega3.com\\\/fr\\\/shop\\\/\"},{\"@type\":\"ListItem\",\"position\":3,\"name\":\"DHA &#038; EPA Om\u00e9ga-3 Huile d&rsquo;algues\"}]},{\"@type\":\"WebSite\",\"@id\":\"https:\\\/\\\/testa-omega3.com\\\/fr\\\/#website\",\"url\":\"https:\\\/\\\/testa-omega3.com\\\/fr\\\/\",\"name\":\"Testa\",\"description\":\"Omega-3 Algenolie!\",\"publisher\":{\"@id\":\"https:\\\/\\\/testa-omega3.com\\\/fr\\\/#organization\"},\"potentialAction\":[{\"@type\":\"SearchAction\",\"target\":{\"@type\":\"EntryPoint\",\"urlTemplate\":\"https:\\\/\\\/testa-omega3.com\\\/fr\\\/?s={search_term_string}\"},\"query-input\":{\"@type\":\"PropertyValueSpecification\",\"valueRequired\":true,\"valueName\":\"search_term_string\"}}],\"inLanguage\":\"fr-FR\"},{\"@type\":\"Organization\",\"@id\":\"https:\\\/\\\/testa-omega3.com\\\/fr\\\/#organization\",\"name\":\"Testa Omega-3\",\"url\":\"https:\\\/\\\/testa-omega3.com\\\/fr\\\/\",\"logo\":{\"@type\":\"ImageObject\",\"inLanguage\":\"fr-FR\",\"@id\":\"https:\\\/\\\/testa-omega3.com\\\/fr\\\/#\\\/schema\\\/logo\\\/image\\\/\",\"url\":\"https:\\\/\\\/testa-omega3.com\\\/wp-content\\\/uploads\\\/2021\\\/10\\\/testa-logo1.png\",\"contentUrl\":\"https:\\\/\\\/testa-omega3.com\\\/wp-content\\\/uploads\\\/2021\\\/10\\\/testa-logo1.png\",\"width\":121,\"height\":119,\"caption\":\"Testa Omega-3\"},\"image\":{\"@id\":\"https:\\\/\\\/testa-omega3.com\\\/fr\\\/#\\\/schema\\\/logo\\\/image\\\/\"},\"sameAs\":[\"https:\\\/\\\/www.facebook.com\\\/TestaOmega3\\\/\",\"https:\\\/\\\/x.com\\\/testaomega3\",\"https:\\\/\\\/www.instagram.com\\\/testaomega3\\\/\",\"https:\\\/\\\/linkedin.com\\\/company\\\/testa-omega-3\"]}]}<\/script>\n<!-- \/ Yoast SEO plugin. -->","yoast_head_json":{"title":"Acheter des capsules d'om\u00e9ga-3 (huile d'algues)? DHA + EPA | Testa","description":"Testa Omega-3 est pur, sans poisson et 100% v\u00e9g\u00e9tal. Achetez 60 capsules pour 2 mois de stock. Promopacks et des abonnements sont \u00e9galement possibles.","robots":{"index":"index","follow":"follow","max-snippet":"max-snippet:-1","max-image-preview":"max-image-preview:large","max-video-preview":"max-video-preview:-1"},"canonical":"https:\/\/testa-omega3.com\/fr\/produit\/huile-d-algues-omega-3-dha-epa\/","og_locale":"fr_FR","og_type":"article","og_title":"Acheter des capsules d'om\u00e9ga-3 (huile d'algues)? DHA + EPA | Testa","og_description":"Testa Omega-3 est pur, sans poisson et 100% v\u00e9g\u00e9tal. Achetez 60 capsules pour 2 mois de stock. Promopacks et des abonnements sont \u00e9galement possibles.","og_url":"https:\/\/testa-omega3.com\/fr\/produit\/huile-d-algues-omega-3-dha-epa\/","og_site_name":"Testa","article_publisher":"https:\/\/www.facebook.com\/TestaOmega3\/","article_modified_time":"2025-09-22T10:04:04+00:00","og_image":[{"width":1080,"height":1080,"url":"https:\/\/testa-omega3.com\/wp-content\/uploads\/2023\/05\/Testa-60st-DHA-EPA-plat-FR-3.png","type":"image\/png"}],"twitter_card":"summary_large_image","twitter_site":"@testaomega3","schema":{"@context":"https:\/\/schema.org","@graph":[{"@type":"WebPage","@id":"https:\/\/testa-omega3.com\/fr\/produit\/huile-d-algues-omega-3-dha-epa\/","url":"https:\/\/testa-omega3.com\/fr\/produit\/huile-d-algues-omega-3-dha-epa\/","name":"Acheter des capsules d'om\u00e9ga-3 (huile d'algues)? DHA + EPA | Testa","isPartOf":{"@id":"https:\/\/testa-omega3.com\/fr\/#website"},"primaryImageOfPage":{"@id":"https:\/\/testa-omega3.com\/fr\/produit\/huile-d-algues-omega-3-dha-epa\/#primaryimage"},"image":{"@id":"https:\/\/testa-omega3.com\/fr\/produit\/huile-d-algues-omega-3-dha-epa\/#primaryimage"},"thumbnailUrl":"https:\/\/testa-omega3.com\/wp-content\/uploads\/2023\/05\/Testa-60st-DHA-EPA-plat-FR-3.png","datePublished":"2023-05-04T15:41:18+00:00","dateModified":"2025-09-22T10:04:04+00:00","description":"Testa Omega-3 est pur, sans poisson et 100% v\u00e9g\u00e9tal. Achetez 60 capsules pour 2 mois de stock. Promopacks et des abonnements sont \u00e9galement possibles.","breadcrumb":{"@id":"https:\/\/testa-omega3.com\/fr\/produit\/huile-d-algues-omega-3-dha-epa\/#breadcrumb"},"inLanguage":"fr-FR","potentialAction":[{"@type":"ReadAction","target":["https:\/\/testa-omega3.com\/fr\/produit\/huile-d-algues-omega-3-dha-epa\/"]}]},{"@type":"ImageObject","inLanguage":"fr-FR","@id":"https:\/\/testa-omega3.com\/fr\/produit\/huile-d-algues-omega-3-dha-epa\/#primaryimage","url":"https:\/\/testa-omega3.com\/wp-content\/uploads\/2023\/05\/Testa-60st-DHA-EPA-plat-FR-3.png","contentUrl":"https:\/\/testa-omega3.com\/wp-content\/uploads\/2023\/05\/Testa-60st-DHA-EPA-plat-FR-3.png","width":1080,"height":1080},{"@type":"BreadcrumbList","@id":"https:\/\/testa-omega3.com\/fr\/produit\/huile-d-algues-omega-3-dha-epa\/#breadcrumb","itemListElement":[{"@type":"ListItem","position":1,"name":"Home","item":"https:\/\/testa-omega3.com\/fr\/"},{"@type":"ListItem","position":2,"name":"Produits","item":"https:\/\/testa-omega3.com\/fr\/shop\/"},{"@type":"ListItem","position":3,"name":"DHA &#038; EPA Om\u00e9ga-3 Huile d&rsquo;algues"}]},{"@type":"WebSite","@id":"https:\/\/testa-omega3.com\/fr\/#website","url":"https:\/\/testa-omega3.com\/fr\/","name":"Testa","description":"Omega-3 Algenolie!","publisher":{"@id":"https:\/\/testa-omega3.com\/fr\/#organization"},"potentialAction":[{"@type":"SearchAction","target":{"@type":"EntryPoint","urlTemplate":"https:\/\/testa-omega3.com\/fr\/?s={search_term_string}"},"query-input":{"@type":"PropertyValueSpecification","valueRequired":true,"valueName":"search_term_string"}}],"inLanguage":"fr-FR"},{"@type":"Organization","@id":"https:\/\/testa-omega3.com\/fr\/#organization","name":"Testa Omega-3","url":"https:\/\/testa-omega3.com\/fr\/","logo":{"@type":"ImageObject","inLanguage":"fr-FR","@id":"https:\/\/testa-omega3.com\/fr\/#\/schema\/logo\/image\/","url":"https:\/\/testa-omega3.com\/wp-content\/uploads\/2021\/10\/testa-logo1.png","contentUrl":"https:\/\/testa-omega3.com\/wp-content\/uploads\/2021\/10\/testa-logo1.png","width":121,"height":119,"caption":"Testa Omega-3"},"image":{"@id":"https:\/\/testa-omega3.com\/fr\/#\/schema\/logo\/image\/"},"sameAs":["https:\/\/www.facebook.com\/TestaOmega3\/","https:\/\/x.com\/testaomega3","https:\/\/www.instagram.com\/testaomega3\/","https:\/\/linkedin.com\/company\/testa-omega-3"]}]}},"_links":{"self":[{"href":"https:\/\/testa-omega3.com\/fr\/wp-json\/wp\/v2\/product\/85789","targetHints":{"allow":["GET"]}}],"collection":[{"href":"https:\/\/testa-omega3.com\/fr\/wp-json\/wp\/v2\/product"}],"about":[{"href":"https:\/\/testa-omega3.com\/fr\/wp-json\/wp\/v2\/types\/product"}],"wp:featuredmedia":[{"embeddable":true,"href":"https:\/\/testa-omega3.com\/fr\/wp-json\/wp\/v2\/media\/136495"}],"wp:attachment":[{"href":"https:\/\/testa-omega3.com\/fr\/wp-json\/wp\/v2\/media?parent=85789"}],"wp:term":[{"taxonomy":"product_brand","embeddable":true,"href":"https:\/\/testa-omega3.com\/fr\/wp-json\/wp\/v2\/product_brand?post=85789"},{"taxonomy":"product_cat","embeddable":true,"href":"https:\/\/testa-omega3.com\/fr\/wp-json\/wp\/v2\/product_cat?post=85789"},{"taxonomy":"product_tag","embeddable":true,"href":"https:\/\/testa-omega3.com\/fr\/wp-json\/wp\/v2\/product_tag?post=85789"}],"curies":[{"name":"wp","href":"https:\/\/api.w.org\/{rel}","templated":true}]}}